{"id":15,"date":"2015-04-16T19:35:54","date_gmt":"2015-04-16T19:35:54","guid":{"rendered":"http:\/\/localhost\/shopme\/?page_id=15"},"modified":"2016-03-25T08:27:44","modified_gmt":"2016-03-25T08:27:44","slug":"naslovna","status":"publish","type":"page","link":"https:\/\/izanka-zadar.hr\/en\/naslovna\/","title":{"rendered":"Naslovna"},"content":{"rendered":"<p>[vc_row][vc_column][vc_mad_products type=&#8221;owl_carousel&#8221; layout=&#8221;type_3&#8243; columns=&#8221;3&#8243; items=&#8221;-1&#8243; show=&#8221;new&#8221; orderby=&#8221;date&#8221; css_animation=&#8221;fadeInDown&#8221; animation_delay=&#8221;&#8221; sale=&#8221;&#8221; view_all_button=&#8221;yes&#8221; title=&#8221;Novi proizvodi&#8221; link=&#8221;url:https%3A%2F%2Fizanka-zadar.hr%2Fstaging%2Ftrgovina%2F|title:Pregledajte%20sve%20proizvode|target:%20_blank&#8221;][\/vc_column][\/vc_row][vc_row][vc_column][vc_mad_products type=&#8221;&#8221; layout=&#8221;type_3&#8243; columns=&#8221;3&#8243; items=&#8221;-1&#8243; show=&#8221;&#8221; css_animation=&#8221;fadeInDown&#8221; animation_delay=&#8221;&#8221; random=&#8221;&#8221; sale=&#8221;&#8221; view_all_button=&#8221;yes&#8221; title=&#8221;Motavila&#8221; link=&#8221;||target:%20_blank&#8221; by_id=&#8221;2040, 2044, 2049, 2042, 2046, 2063&#8243;][\/vc_column][\/vc_row][vc_row][vc_column][vc_mad_products type=&#8221;owl_carousel&#8221; layout=&#8221;type_3&#8243; columns=&#8221;3&#8243; items=&#8221;-1&#8243; show=&#8221;&#8221; filter=&#8221;yes&#8221; css_animation=&#8221;fadeInDown&#8221; animation_delay=&#8221;&#8221; view_all_button=&#8221;yes&#8221; sale=&#8221;&#8221; title=&#8221;Parangali&#8221; categories=&#8221;126,125,124&#8243; link=&#8221;url:%2Ftrgovina|title:Pregledajte%20sve%20proizvode|target:%20_blank&#8221;][\/vc_column][\/vc_row][vc_row][vc_column][vc_mad_products type=&#8221;&#8221; layout=&#8221;type_3&#8243; columns=&#8221;3&#8243; items=&#8221;-1&#8243; show=&#8221;&#8221; css_animation=&#8221;fadeInDown&#8221; animation_delay=&#8221;&#8221; sale=&#8221;&#8221; view_all_button=&#8221;yes&#8221; title=&#8221;Olova&#8221; link=&#8221;||target:%20_blank&#8221; by_id=&#8221;1993, 1997, 1999&#8243;][\/vc_column][\/vc_row]<\/p>\n","protected":false},"excerpt":{"rendered":"<p>[vc_row][vc_column][vc_mad_products type=&#8221;owl_carousel&#8221; layout=&#8221;type_3&#8243; columns=&#8221;3&#8243; items=&#8221;-1&#8243; show=&#8221;new&#8221; orderby=&#8221;date&#8221; css_animation=&#8221;fadeInDown&#8221; animation_delay=&#8221;&#8221; sale=&#8221;&#8221; view_all_button=&#8221;yes&#8221; title=&#8221;Novi proizvodi&#8221; link=&#8221;url:https%3A%2F%2Fizanka-zadar.hr%2Fstaging%2Ftrgovina%2F|title:Pregledajte%20sve%20proizvode|target:%20_blank&#8221;][\/vc_column][\/vc_row][vc_row][vc_column][vc_mad_products type=&#8221;&#8221; layout=&#8221;type_3&#8243; columns=&#8221;3&#8243; items=&#8221;-1&#8243; show=&#8221;&#8221; css_animation=&#8221;fadeInDown&#8221; animation_delay=&#8221;&#8221; random=&#8221;&#8221; sale=&#8221;&#8221; view_all_button=&#8221;yes&#8221; title=&#8221;Motavila&#8221; link=&#8221;||target:%20_blank&#8221; by_id=&#8221;2040, 2044, 2049, 2042, 2046, 2063&#8243;][\/vc_column][\/vc_row][vc_row][vc_column][vc_mad_products type=&#8221;owl_carousel&#8221; layout=&#8221;type_3&#8243; columns=&#8221;3&#8243; items=&#8221;-1&#8243; show=&#8221;&#8221; filter=&#8221;yes&#8221; css_animation=&#8221;fadeInDown&#8221; animation_delay=&#8221;&#8221; view_all_button=&#8221;yes&#8221; sale=&#8221;&#8221; title=&#8221;Parangali&#8221; categories=&#8221;126,125,124&#8243; link=&#8221;url:%2Ftrgovina|title:Pregledajte%20sve%20proizvode|target:%20_blank&#8221;][\/vc_column][\/vc_row][vc_row][vc_column][vc_mad_products type=&#8221;&#8221; layout=&#8221;type_3&#8243; columns=&#8221;3&#8243; items=&#8221;-1&#8243; show=&#8221;&#8221; css_animation=&#8221;fadeInDown&#8221; animation_delay=&#8221;&#8221; sale=&#8221;&#8221; view_all_button=&#8221;yes&#8221; title=&#8221;Olova&#8221; [&hellip;]<\/p>\n","protected":false},"author":1,"featured_media":0,"parent":0,"menu_order":0,"comment_status":"closed","ping_status":"open","template":"","meta":{"_acf_changed":false,"footnotes":""},"class_list":["post-15","page","type-page","status-publish","hentry"],"acf":[],"yoast_head":"<!-- This site is optimized with the Yoast SEO plugin v27.3 - https:\/\/yoast.com\/product\/yoast-seo-wordpress\/ -->\n<title>Naslovna - I\u017eanka Zadar<\/title>\n<meta name=\"description\" content=\"Naslovna - I\u017eanka Zadar - Tradicija ribolova. Pregledajte na\u0161 asortiman i akcijske cijene raznovrsne ribolovne opreme.\" \/>\n<meta name=\"robots\" content=\"index, follow, max-snippet:-1, max-image-preview:large, max-video-preview:-1\" \/>\n<link rel=\"canonical\" href=\"https:\/\/izanka-zadar.hr\/en\/naslovna\/\" \/>\n<meta property=\"og:locale\" content=\"en_GB\" \/>\n<meta property=\"og:type\" content=\"article\" \/>\n<meta property=\"og:title\" content=\"Naslovna - I\u017eanka Zadar\" \/>\n<meta property=\"og:description\" content=\"Naslovna - I\u017eanka Zadar - Tradicija ribolova. Pregledajte na\u0161 asortiman i akcijske cijene raznovrsne ribolovne opreme.\" \/>\n<meta property=\"og:url\" content=\"https:\/\/izanka-zadar.hr\/en\/naslovna\/\" \/>\n<meta property=\"og:site_name\" content=\"I\u017eanka Zadar\" \/>\n<meta property=\"article:modified_time\" content=\"2016-03-25T08:27:44+00:00\" \/>\n<meta name=\"twitter:card\" content=\"summary_large_image\" \/>\n<meta name=\"twitter:label1\" content=\"Estimated reading time\" \/>\n\t<meta name=\"twitter:data1\" content=\"1 minute\" \/>\n<script type=\"application\/ld+json\" class=\"yoast-schema-graph\">{\"@context\":\"https:\\\/\\\/schema.org\",\"@graph\":[{\"@type\":\"WebPage\",\"@id\":\"https:\\\/\\\/izanka-zadar.hr\\\/naslovna\\\/\",\"url\":\"https:\\\/\\\/izanka-zadar.hr\\\/naslovna\\\/\",\"name\":\"Naslovna - I\u017eanka Zadar\",\"isPartOf\":{\"@id\":\"https:\\\/\\\/izanka-zadar.hr\\\/#website\"},\"datePublished\":\"2015-04-16T19:35:54+00:00\",\"dateModified\":\"2016-03-25T08:27:44+00:00\",\"description\":\"Naslovna - I\u017eanka Zadar - Tradicija ribolova. Pregledajte na\u0161 asortiman i akcijske cijene raznovrsne ribolovne opreme.\",\"breadcrumb\":{\"@id\":\"https:\\\/\\\/izanka-zadar.hr\\\/naslovna\\\/#breadcrumb\"},\"inLanguage\":\"en-GB\",\"potentialAction\":[{\"@type\":\"ReadAction\",\"target\":[\"https:\\\/\\\/izanka-zadar.hr\\\/naslovna\\\/\"]}]},{\"@type\":\"BreadcrumbList\",\"@id\":\"https:\\\/\\\/izanka-zadar.hr\\\/naslovna\\\/#breadcrumb\",\"itemListElement\":[{\"@type\":\"ListItem\",\"position\":1,\"name\":\"Po\u010detna stranica\",\"item\":\"https:\\\/\\\/izanka-zadar.hr\\\/\"},{\"@type\":\"ListItem\",\"position\":2,\"name\":\"Naslovna\"}]},{\"@type\":\"WebSite\",\"@id\":\"https:\\\/\\\/izanka-zadar.hr\\\/#website\",\"url\":\"https:\\\/\\\/izanka-zadar.hr\\\/\",\"name\":\"I\u017eanka Zadar\",\"description\":\"Tradicija ribolova\",\"potentialAction\":[{\"@type\":\"SearchAction\",\"target\":{\"@type\":\"EntryPoint\",\"urlTemplate\":\"https:\\\/\\\/izanka-zadar.hr\\\/?s={search_term_string}\"},\"query-input\":{\"@type\":\"PropertyValueSpecification\",\"valueRequired\":true,\"valueName\":\"search_term_string\"}}],\"inLanguage\":\"en-GB\"}]}<\/script>\n<!-- \/ Yoast SEO plugin. -->","yoast_head_json":{"title":"Naslovna - I\u017eanka Zadar","description":"Naslovna - I\u017eanka Zadar - Tradicija ribolova. Pregledajte na\u0161 asortiman i akcijske cijene raznovrsne ribolovne opreme.","robots":{"index":"index","follow":"follow","max-snippet":"max-snippet:-1","max-image-preview":"max-image-preview:large","max-video-preview":"max-video-preview:-1"},"canonical":"https:\/\/izanka-zadar.hr\/en\/naslovna\/","og_locale":"en_GB","og_type":"article","og_title":"Naslovna - I\u017eanka Zadar","og_description":"Naslovna - I\u017eanka Zadar - Tradicija ribolova. Pregledajte na\u0161 asortiman i akcijske cijene raznovrsne ribolovne opreme.","og_url":"https:\/\/izanka-zadar.hr\/en\/naslovna\/","og_site_name":"I\u017eanka Zadar","article_modified_time":"2016-03-25T08:27:44+00:00","twitter_card":"summary_large_image","twitter_misc":{"Estimated reading time":"1 minute"},"schema":{"@context":"https:\/\/schema.org","@graph":[{"@type":"WebPage","@id":"https:\/\/izanka-zadar.hr\/naslovna\/","url":"https:\/\/izanka-zadar.hr\/naslovna\/","name":"Naslovna - I\u017eanka Zadar","isPartOf":{"@id":"https:\/\/izanka-zadar.hr\/#website"},"datePublished":"2015-04-16T19:35:54+00:00","dateModified":"2016-03-25T08:27:44+00:00","description":"Naslovna - I\u017eanka Zadar - Tradicija ribolova. Pregledajte na\u0161 asortiman i akcijske cijene raznovrsne ribolovne opreme.","breadcrumb":{"@id":"https:\/\/izanka-zadar.hr\/naslovna\/#breadcrumb"},"inLanguage":"en-GB","potentialAction":[{"@type":"ReadAction","target":["https:\/\/izanka-zadar.hr\/naslovna\/"]}]},{"@type":"BreadcrumbList","@id":"https:\/\/izanka-zadar.hr\/naslovna\/#breadcrumb","itemListElement":[{"@type":"ListItem","position":1,"name":"Po\u010detna stranica","item":"https:\/\/izanka-zadar.hr\/"},{"@type":"ListItem","position":2,"name":"Naslovna"}]},{"@type":"WebSite","@id":"https:\/\/izanka-zadar.hr\/#website","url":"https:\/\/izanka-zadar.hr\/","name":"I\u017eanka Zadar","description":"Fishing Tradition","potentialAction":[{"@type":"SearchAction","target":{"@type":"EntryPoint","urlTemplate":"https:\/\/izanka-zadar.hr\/?s={search_term_string}"},"query-input":{"@type":"PropertyValueSpecification","valueRequired":true,"valueName":"search_term_string"}}],"inLanguage":"en-GB"}]}},"_links":{"self":[{"href":"https:\/\/izanka-zadar.hr\/en\/wp-json\/wp\/v2\/pages\/15","targetHints":{"allow":["GET"]}}],"collection":[{"href":"https:\/\/izanka-zadar.hr\/en\/wp-json\/wp\/v2\/pages"}],"about":[{"href":"https:\/\/izanka-zadar.hr\/en\/wp-json\/wp\/v2\/types\/page"}],"author":[{"embeddable":true,"href":"https:\/\/izanka-zadar.hr\/en\/wp-json\/wp\/v2\/users\/1"}],"replies":[{"embeddable":true,"href":"https:\/\/izanka-zadar.hr\/en\/wp-json\/wp\/v2\/comments?post=15"}],"version-history":[{"count":0,"href":"https:\/\/izanka-zadar.hr\/en\/wp-json\/wp\/v2\/pages\/15\/revisions"}],"wp:attachment":[{"href":"https:\/\/izanka-zadar.hr\/en\/wp-json\/wp\/v2\/media?parent=15"}],"curies":[{"name":"wp","href":"https:\/\/api.w.org\/{rel}","templated":true}]}}