{"id":1609,"date":"2015-04-16T19:34:24","date_gmt":"2015-04-16T19:34:24","guid":{"rendered":"http:\/\/localhost\/shopme\/?page_id=8"},"modified":"2016-03-24T12:18:09","modified_gmt":"2016-03-24T12:18:09","slug":"trgovina","status":"publish","type":"page","link":"https:\/\/izanka-zadar.hr\/en\/trgovina\/","title":{"rendered":"Trgovina"},"content":{"rendered":"<p>[vc_row][vc_column][vc_mad_products type=&#8221;&#8221; layout=&#8221;type_3&#8243; columns=&#8221;3&#8243; items=&#8221;-1&#8243; show=&#8221;&#8221; pagination=&#8221;yes&#8221;][\/vc_column][\/vc_row]<\/p>\n","protected":false},"excerpt":{"rendered":"<p>[vc_row][vc_column][vc_mad_products type=&#8221;&#8221; layout=&#8221;type_3&#8243; columns=&#8221;3&#8243; items=&#8221;-1&#8243; show=&#8221;&#8221; pagination=&#8221;yes&#8221;][\/vc_column][\/vc_row]<\/p>\n","protected":false},"author":1,"featured_media":0,"parent":0,"menu_order":0,"comment_status":"closed","ping_status":"open","template":"","meta":{"_acf_changed":false,"footnotes":""},"class_list":["post-1609","page","type-page","status-publish","hentry"],"acf":[],"yoast_head":"<!-- This site is optimized with the Yoast SEO plugin v27.3 - https:\/\/yoast.com\/product\/yoast-seo-wordpress\/ -->\n<title>Pages Arhiva - I\u017eanka Zadar<\/title>\n<meta name=\"description\" content=\"Trgovina -Kao dio na\u0161eg proizvodnog asortimana mo\u017eemo izdvojiti: kanjare (kan\u010danice), panule, parangale, samice , motavila, kavecale, volige (\u0161purtil) itd.\" \/>\n<meta name=\"robots\" content=\"index, follow, max-snippet:-1, max-image-preview:large, max-video-preview:-1\" \/>\n<link rel=\"canonical\" href=\"https:\/\/izanka-zadar.hr\/en\/trgovina\/\" \/>\n<meta property=\"og:locale\" content=\"en_GB\" \/>\n<meta property=\"og:type\" content=\"article\" \/>\n<meta property=\"og:title\" content=\"Pages Arhiva - I\u017eanka Zadar\" \/>\n<meta property=\"og:description\" content=\"Trgovina -Kao dio na\u0161eg proizvodnog asortimana mo\u017eemo izdvojiti: kanjare (kan\u010danice), panule, parangale, samice , motavila, kavecale, volige (\u0161purtil) itd.\" \/>\n<meta property=\"og:url\" content=\"https:\/\/izanka-zadar.hr\/en\/trgovina\/\" \/>\n<meta property=\"og:site_name\" content=\"I\u017eanka Zadar\" \/>\n<meta property=\"article:modified_time\" content=\"2016-03-24T12:18:09+00:00\" \/>\n<meta name=\"twitter:card\" content=\"summary_large_image\" \/>\n<script type=\"application\/ld+json\" class=\"yoast-schema-graph\">{\"@context\":\"https:\\\/\\\/schema.org\",\"@graph\":[{\"@type\":\"WebPage\",\"@id\":\"https:\\\/\\\/izanka-zadar.hr\\\/trgovina\\\/\",\"url\":\"https:\\\/\\\/izanka-zadar.hr\\\/trgovina\\\/\",\"name\":\"Pages Arhiva - I\u017eanka Zadar\",\"isPartOf\":{\"@id\":\"https:\\\/\\\/izanka-zadar.hr\\\/#website\"},\"datePublished\":\"2015-04-16T19:34:24+00:00\",\"dateModified\":\"2016-03-24T12:18:09+00:00\",\"description\":\"Trgovina -Kao dio na\u0161eg proizvodnog asortimana mo\u017eemo izdvojiti: kanjare (kan\u010danice), panule, parangale, samice , motavila, kavecale, volige (\u0161purtil) itd.\",\"breadcrumb\":{\"@id\":\"https:\\\/\\\/izanka-zadar.hr\\\/trgovina\\\/#breadcrumb\"},\"inLanguage\":\"en-GB\",\"potentialAction\":[{\"@type\":\"ReadAction\",\"target\":[\"https:\\\/\\\/izanka-zadar.hr\\\/trgovina\\\/\"]}]},{\"@type\":\"BreadcrumbList\",\"@id\":\"https:\\\/\\\/izanka-zadar.hr\\\/trgovina\\\/#breadcrumb\",\"itemListElement\":[{\"@type\":\"ListItem\",\"position\":1,\"name\":\"Po\u010detna stranica\",\"item\":\"https:\\\/\\\/izanka-zadar.hr\\\/\"},{\"@type\":\"ListItem\",\"position\":2,\"name\":\"Trgovina\"}]},{\"@type\":\"WebSite\",\"@id\":\"https:\\\/\\\/izanka-zadar.hr\\\/#website\",\"url\":\"https:\\\/\\\/izanka-zadar.hr\\\/\",\"name\":\"I\u017eanka Zadar\",\"description\":\"Tradicija ribolova\",\"potentialAction\":[{\"@type\":\"SearchAction\",\"target\":{\"@type\":\"EntryPoint\",\"urlTemplate\":\"https:\\\/\\\/izanka-zadar.hr\\\/?s={search_term_string}\"},\"query-input\":{\"@type\":\"PropertyValueSpecification\",\"valueRequired\":true,\"valueName\":\"search_term_string\"}}],\"inLanguage\":\"en-GB\"}]}<\/script>\n<!-- \/ Yoast SEO plugin. -->","yoast_head_json":{"title":"Pages Arhiva - I\u017eanka Zadar","description":"Trgovina -Kao dio na\u0161eg proizvodnog asortimana mo\u017eemo izdvojiti: kanjare (kan\u010danice), panule, parangale, samice , motavila, kavecale, volige (\u0161purtil) itd.","robots":{"index":"index","follow":"follow","max-snippet":"max-snippet:-1","max-image-preview":"max-image-preview:large","max-video-preview":"max-video-preview:-1"},"canonical":"https:\/\/izanka-zadar.hr\/en\/trgovina\/","og_locale":"en_GB","og_type":"article","og_title":"Pages Arhiva - I\u017eanka Zadar","og_description":"Trgovina -Kao dio na\u0161eg proizvodnog asortimana mo\u017eemo izdvojiti: kanjare (kan\u010danice), panule, parangale, samice , motavila, kavecale, volige (\u0161purtil) itd.","og_url":"https:\/\/izanka-zadar.hr\/en\/trgovina\/","og_site_name":"I\u017eanka Zadar","article_modified_time":"2016-03-24T12:18:09+00:00","twitter_card":"summary_large_image","schema":{"@context":"https:\/\/schema.org","@graph":[{"@type":"WebPage","@id":"https:\/\/izanka-zadar.hr\/trgovina\/","url":"https:\/\/izanka-zadar.hr\/trgovina\/","name":"Pages Arhiva - I\u017eanka Zadar","isPartOf":{"@id":"https:\/\/izanka-zadar.hr\/#website"},"datePublished":"2015-04-16T19:34:24+00:00","dateModified":"2016-03-24T12:18:09+00:00","description":"Trgovina -Kao dio na\u0161eg proizvodnog asortimana mo\u017eemo izdvojiti: kanjare (kan\u010danice), panule, parangale, samice , motavila, kavecale, volige (\u0161purtil) itd.","breadcrumb":{"@id":"https:\/\/izanka-zadar.hr\/trgovina\/#breadcrumb"},"inLanguage":"en-GB","potentialAction":[{"@type":"ReadAction","target":["https:\/\/izanka-zadar.hr\/trgovina\/"]}]},{"@type":"BreadcrumbList","@id":"https:\/\/izanka-zadar.hr\/trgovina\/#breadcrumb","itemListElement":[{"@type":"ListItem","position":1,"name":"Po\u010detna stranica","item":"https:\/\/izanka-zadar.hr\/"},{"@type":"ListItem","position":2,"name":"Trgovina"}]},{"@type":"WebSite","@id":"https:\/\/izanka-zadar.hr\/#website","url":"https:\/\/izanka-zadar.hr\/","name":"I\u017eanka Zadar","description":"Fishing Tradition","potentialAction":[{"@type":"SearchAction","target":{"@type":"EntryPoint","urlTemplate":"https:\/\/izanka-zadar.hr\/?s={search_term_string}"},"query-input":{"@type":"PropertyValueSpecification","valueRequired":true,"valueName":"search_term_string"}}],"inLanguage":"en-GB"}]}},"_links":{"self":[{"href":"https:\/\/izanka-zadar.hr\/en\/wp-json\/wp\/v2\/pages\/1609","targetHints":{"allow":["GET"]}}],"collection":[{"href":"https:\/\/izanka-zadar.hr\/en\/wp-json\/wp\/v2\/pages"}],"about":[{"href":"https:\/\/izanka-zadar.hr\/en\/wp-json\/wp\/v2\/types\/page"}],"author":[{"embeddable":true,"href":"https:\/\/izanka-zadar.hr\/en\/wp-json\/wp\/v2\/users\/1"}],"replies":[{"embeddable":true,"href":"https:\/\/izanka-zadar.hr\/en\/wp-json\/wp\/v2\/comments?post=1609"}],"version-history":[{"count":0,"href":"https:\/\/izanka-zadar.hr\/en\/wp-json\/wp\/v2\/pages\/1609\/revisions"}],"wp:attachment":[{"href":"https:\/\/izanka-zadar.hr\/en\/wp-json\/wp\/v2\/media?parent=1609"}],"curies":[{"name":"wp","href":"https:\/\/api.w.org\/{rel}","templated":true}]}}