{"id":2287,"date":"2016-02-12T08:45:29","date_gmt":"2016-02-12T08:45:29","guid":{"rendered":"http:\/\/izanka.coming-soon.info\/?page_id=2287"},"modified":"2018-07-09T12:12:05","modified_gmt":"2018-07-09T12:12:05","slug":"narudzba-i-placanje","status":"publish","type":"page","link":"https:\/\/izanka-zadar.hr\/en\/narudzba-i-placanje\/","title":{"rendered":"Narud\u017eba i pla\u0107anje"},"content":{"rendered":"<p>[vc_row theme_box=&#8221;theme_box&#8221; css=&#8221;.vc_custom_1456235516451{padding-top: 30px !important;}&#8221;][vc_column][vc_column_text]<\/p>\n<h3>KONTAKT\/NARUD\u017dBA<\/h3>\n<p>&nbsp;<\/p>\n<p><strong>1. Najbr\u017ei na\u010din je direktni telefonski poziv u na\u0161u trgovinu u Zadru, gdje \u0107e na\u0161i djelatnici preuzeti Va\u0161u narud\u017ebu.<\/strong><\/p>\n<p>Tel\/fax: 023 33 11 99<\/p>\n<p><strong>2. Narud\u017ebu mo\u017eete poslati i putem e-mail adrese<\/strong><\/p>\n<p>Email:\u00a0<a href=\"mailto:info@izanka-zadar.com\">info@izanka-zadar.com<\/a><\/p>\n<p><strong>\u00a0U tom slu\u010daju potrebni su nam to\u010dni i potpuni podaci: <\/strong><\/p>\n<p>&#8211; ime i prezime naru\u010ditelja<\/p>\n<p>&#8211; adresa na koju se po\u0161iljka isporu\u010duje<\/p>\n<p>&#8211; kontakt telefon\/mobitel<\/p>\n<p>&#8211; naziv i broj komada artikala koji se naru\u010duju<\/p>\n<p>&#8211; na\u010din pla\u0107anja[\/vc_column_text][vc_column_text]<strong>3. Putem Web shopa<\/strong><\/p>\n<p>Ukoliko naru\u010dujete artikle putem web shopa\u00a0 potrebno se registrirati kao novi<\/p>\n<p>kupac putem obrasca koji se nalazi na web stranici. Polja sa zvijezdicom su obavezna i jedino tako se mo\u017eete registrirati i koristiti usluge web kupnje.<\/p>\n<p>&nbsp;<\/p>\n<h3>NA\u010cIN PLA\u0106ANJA<\/h3>\n<p><strong>1.Gotovinom na prodajnom mjestu.<\/strong><\/p>\n<p>Proizvode koje ste predhodno naru\u010dili mo\u017eete osobno podi\u0107i na prodajnom mjestu<\/p>\n<p>I\u017eanka-Zadar d.o.o.<\/p>\n<p>Otona Ivekovi\u0107a 26<\/p>\n<p>23000 Zadar<br \/>\nRadno vrijeme prodajnog mjesta:<\/p>\n<p>7:00-15:00 sati radnim danom<\/p>\n<p>&nbsp;<\/p>\n<p><strong>2. Op\u0107a uplatnica\/Virman\/E-banking<\/strong><\/p>\n<p>Kod izbora ovog na\u010dina pla\u0107anja, na svoju e-mail adresu \u0107ete dobiti predra\u010dun sa svim podacima potrebnim za uplatu, uklju\u010duju\u0107i broj ra\u010duna na koji trebate uplatiti vrijednost narud\u017ebe. Uplatu potom mo\u017eete izvr\u0161iti kori\u0161tenjem internet bankarstva ili na\u010dinom na koji ina\u010de pla\u0107ate svoje ra\u010dune &#8211; putem banke, po\u0161te, Fine ili sl.<\/p>\n<p><strong>NAPOMENA<\/strong>: za virmanske uplate, roba se isporu\u010duje tek nakon \u0161to uplatu proknji\u017eimo (prema izvodima iz banke &#8211; u pravilu, sljede\u0107i radni dan), pa vas, isto tako molimo, da prethodno provjerite stanje po\u0161iljke na broju telefona 023-331-199<\/p>\n<p>Iznos ponude treba uplatiti Op\u0107im nalogom za prijenos\/Virmanom\/Internet bankarstvom (u bilo kojoj banci\/po\u0161ti, FINI) na \u017eiro ra\u010dun broj HR 2524070001100397479 kod OTPbanke primatelj je I\u017dANKA-ZADAR D.O.O., Otona Ivekovi\u0107a 26, 23000 Zadar,\u00a0 Hrvatska. U polje poziv na broj obavezno upisati i broj narud\u017ebe te obavezno napisati svoje ime na mjestu platitelja. U polje Opis pla\u0107anja upi\u0161ite datum kupovine i broj narud\u017ebe. Primjer pravilno ispunjene uplatnice (ubaciti sliku pravilno popunjenog virmana).Po zaprimljenoj uplati, poslat \u0107emo vam naru\u010dene proizvode.<\/p>\n<p>&nbsp;<\/p>\n<p><img fetchpriority=\"high\" decoding=\"async\" class=\"alignnone size-full wp-image-2354\" src=\"https:\/\/izanka-zadar.hr\/staging\/wp-content\/uploads\/2016\/02\/nalog-za-placanje.jpg\" alt=\"nalog-za-placanje\" width=\"450\" height=\"262\" srcset=\"https:\/\/izanka-zadar.hr\/wp-content\/uploads\/2016\/02\/nalog-za-placanje.jpg 450w, https:\/\/izanka-zadar.hr\/wp-content\/uploads\/2016\/02\/nalog-za-placanje-400x233.jpg 400w, https:\/\/izanka-zadar.hr\/wp-content\/uploads\/2016\/02\/nalog-za-placanje-360x210.jpg 360w\" sizes=\"(max-width: 450px) 100vw, 450px\" \/><\/p>\n<p>&nbsp;<\/p>\n<p><strong>3. Pla\u0107anje pouze\u0107em<\/strong><\/p>\n<p>Ukoliko ste naru\u010dili proizvode\u00a0 a pla\u0107anje trebate izvr\u0161iti pouze\u0107em postupak je vrlo jednostavan.\u00a0 Dostavlja\u010d HP-expresa \u0107e na Va\u0161u adresu do\u0107i s po\u0161iljkom i prilikom isporuke zatra\u017eiti da mu predate iznos ra\u010duna Va\u0161e narud\u017ebe.\u00a0 Pla\u0107anje je mogu\u0107e isklju\u010divo gotovinom.\u00a0 (hp zara\u010dunava proviziju).<\/p>\n<p>Ponuda koju pla\u0107ate ne smije biti starija od 48 sati, kako bi Vam mogli garantirati raspolo\u017eivost tog artikla zbog \u010destih promjena stanja na skladi\u0161u.<\/p>\n<p>&nbsp;<\/p>\n<p>4.\u00a0<strong>\u00a0Pla\u0107anje karticama putem web shopa<\/strong><\/p>\n<p>Ukoliko naru\u010dujete artikle i pla\u0107ate karticom putem web shopa\u00a0 potrebno se registrirati kao novi kupac putem obrasca koji se nalazi na web stranici. Polja sa zvijezdicom su obavezna i jedino tako se mo\u017eete registrirati i koristiti usluge web kupnje putem debitnih i kreditnih kartica \u00a0Visa, MasterCard i Maestro.<\/p>\n<p>&nbsp;<\/p>\n<p><strong>Sigurnost pla\u0107anja debitnim i krednitm karticama<\/strong><\/p>\n<p>Tajnost Va\u0161ih karti\u010dnih podataka za\u0161ti\u0107ena i osigurana uporabom SSL enkripcije. Stranice za naplatu putem interneta osigurane su kori\u0161tenjem Secure Socket Layer (SSL) protokola sa 128-bitnom enkripcijom podataka. SSL enkripcija je postupak \u0161ifriranja podataka radi sprje\u010davanja neovla\u0161tenog pristupa prilikom njihovog prijenosa.Time je omogu\u0107en siguran prijenos informacija te onemogu\u0107en nedozvoljen pristup podacima prilikom komunikacije izme\u0111u korisnikovog ra\u010dunala i\u00a0 servisa pla\u0107anja, te obratno. Servis pla\u0107anja i financijske ustanove razmjenjuju podatke uporabom virtualne privatne mre\u017ee (VPN), koja je za\u0161ti\u0107ena od neautoriziranog pristupa. Kori\u0161teni servis pla\u0107anja je certificiran prema PCI DSS Level 1 sigurnosnom standardu propisanom Visa i MasterCard pravilima. Trgovac ne pohranjuje brojeve kreditnih kartica i brojevi nisu dostupni neovla\u0161tenim osobama. Servis pla\u0107anja je temeljen na 3-D Secure standardu koji trenutno nudi najsigurnije rje\u0161enje pla\u0107anja kreditnim i debitnim karticama u internet okru\u017eenju.Ukoliko kartica korisnika sudjeluje u 3-D Secure programu od kupca \u0107e se tra\u017eiti dodatna provjera identiteta kao potvrda da upravo on koristi karticu.[\/vc_column_text][\/vc_column][\/vc_row]<\/p>\n","protected":false},"excerpt":{"rendered":"<p>[vc_row theme_box=&#8221;theme_box&#8221; css=&#8221;.vc_custom_1456235516451{padding-top: 30px !important;}&#8221;][vc_column][vc_column_text] KONTAKT\/NARUD\u017dBA &nbsp; 1. Najbr\u017ei na\u010din je direktni telefonski poziv u na\u0161u trgovinu u Zadru, gdje \u0107e na\u0161i djelatnici preuzeti Va\u0161u narud\u017ebu. Tel\/fax: 023 33 11 99 2. Narud\u017ebu mo\u017eete poslati i putem e-mail adrese Email:\u00a0info@izanka-zadar.com \u00a0U tom slu\u010daju potrebni su nam to\u010dni i potpuni podaci: &#8211; ime i prezime naru\u010ditelja [&hellip;]<\/p>\n","protected":false},"author":1,"featured_media":0,"parent":0,"menu_order":0,"comment_status":"closed","ping_status":"closed","template":"","meta":{"_acf_changed":false,"footnotes":""},"class_list":["post-2287","page","type-page","status-publish","hentry"],"acf":[],"yoast_head":"<!-- This site is optimized with the Yoast SEO plugin v27.3 - https:\/\/yoast.com\/product\/yoast-seo-wordpress\/ -->\n<title>Narud\u017eba i pla\u0107anje - I\u017eanka Zadar<\/title>\n<meta name=\"robots\" content=\"index, follow, max-snippet:-1, max-image-preview:large, max-video-preview:-1\" \/>\n<link rel=\"canonical\" href=\"https:\/\/izanka-zadar.hr\/en\/narudzba-i-placanje\/\" \/>\n<meta property=\"og:locale\" content=\"en_GB\" \/>\n<meta property=\"og:type\" content=\"article\" \/>\n<meta property=\"og:title\" content=\"Narud\u017eba i pla\u0107anje - I\u017eanka Zadar\" \/>\n<meta property=\"og:description\" content=\"[vc_row theme_box=&#8221;theme_box&#8221; css=&#8221;.vc_custom_1456235516451{padding-top: 30px !important;}&#8221;][vc_column][vc_column_text] KONTAKT\/NARUD\u017dBA &nbsp; 1. Najbr\u017ei na\u010din je direktni telefonski poziv u na\u0161u trgovinu u Zadru, gdje \u0107e na\u0161i djelatnici preuzeti Va\u0161u narud\u017ebu. Tel\/fax: 023 33 11 99 2. Narud\u017ebu mo\u017eete poslati i putem e-mail adrese Email:\u00a0info@izanka-zadar.com \u00a0U tom slu\u010daju potrebni su nam to\u010dni i potpuni podaci: &#8211; ime i prezime naru\u010ditelja [&hellip;]\" \/>\n<meta property=\"og:url\" content=\"https:\/\/izanka-zadar.hr\/en\/narudzba-i-placanje\/\" \/>\n<meta property=\"og:site_name\" content=\"I\u017eanka Zadar\" \/>\n<meta property=\"article:modified_time\" content=\"2018-07-09T12:12:05+00:00\" \/>\n<meta property=\"og:image\" content=\"https:\/\/izanka-zadar.hr\/staging\/wp-content\/uploads\/2016\/02\/nalog-za-placanje.jpg\" \/>\n<meta name=\"twitter:card\" content=\"summary_large_image\" \/>\n<meta name=\"twitter:label1\" content=\"Estimated reading time\" \/>\n\t<meta name=\"twitter:data1\" content=\"4 minutes\" \/>\n<script type=\"application\/ld+json\" class=\"yoast-schema-graph\">{\"@context\":\"https:\\\/\\\/schema.org\",\"@graph\":[{\"@type\":\"WebPage\",\"@id\":\"https:\\\/\\\/izanka-zadar.hr\\\/narudzba-i-placanje\\\/\",\"url\":\"https:\\\/\\\/izanka-zadar.hr\\\/narudzba-i-placanje\\\/\",\"name\":\"Narud\u017eba i pla\u0107anje - I\u017eanka Zadar\",\"isPartOf\":{\"@id\":\"https:\\\/\\\/izanka-zadar.hr\\\/#website\"},\"primaryImageOfPage\":{\"@id\":\"https:\\\/\\\/izanka-zadar.hr\\\/narudzba-i-placanje\\\/#primaryimage\"},\"image\":{\"@id\":\"https:\\\/\\\/izanka-zadar.hr\\\/narudzba-i-placanje\\\/#primaryimage\"},\"thumbnailUrl\":\"https:\\\/\\\/izanka-zadar.hr\\\/staging\\\/wp-content\\\/uploads\\\/2016\\\/02\\\/nalog-za-placanje.jpg\",\"datePublished\":\"2016-02-12T08:45:29+00:00\",\"dateModified\":\"2018-07-09T12:12:05+00:00\",\"breadcrumb\":{\"@id\":\"https:\\\/\\\/izanka-zadar.hr\\\/narudzba-i-placanje\\\/#breadcrumb\"},\"inLanguage\":\"en-GB\",\"potentialAction\":[{\"@type\":\"ReadAction\",\"target\":[\"https:\\\/\\\/izanka-zadar.hr\\\/narudzba-i-placanje\\\/\"]}]},{\"@type\":\"ImageObject\",\"inLanguage\":\"en-GB\",\"@id\":\"https:\\\/\\\/izanka-zadar.hr\\\/narudzba-i-placanje\\\/#primaryimage\",\"url\":\"https:\\\/\\\/izanka-zadar.hr\\\/staging\\\/wp-content\\\/uploads\\\/2016\\\/02\\\/nalog-za-placanje.jpg\",\"contentUrl\":\"https:\\\/\\\/izanka-zadar.hr\\\/staging\\\/wp-content\\\/uploads\\\/2016\\\/02\\\/nalog-za-placanje.jpg\"},{\"@type\":\"BreadcrumbList\",\"@id\":\"https:\\\/\\\/izanka-zadar.hr\\\/narudzba-i-placanje\\\/#breadcrumb\",\"itemListElement\":[{\"@type\":\"ListItem\",\"position\":1,\"name\":\"Po\u010detna stranica\",\"item\":\"https:\\\/\\\/izanka-zadar.hr\\\/\"},{\"@type\":\"ListItem\",\"position\":2,\"name\":\"Narud\u017eba i pla\u0107anje\"}]},{\"@type\":\"WebSite\",\"@id\":\"https:\\\/\\\/izanka-zadar.hr\\\/#website\",\"url\":\"https:\\\/\\\/izanka-zadar.hr\\\/\",\"name\":\"I\u017eanka Zadar\",\"description\":\"Tradicija ribolova\",\"potentialAction\":[{\"@type\":\"SearchAction\",\"target\":{\"@type\":\"EntryPoint\",\"urlTemplate\":\"https:\\\/\\\/izanka-zadar.hr\\\/?s={search_term_string}\"},\"query-input\":{\"@type\":\"PropertyValueSpecification\",\"valueRequired\":true,\"valueName\":\"search_term_string\"}}],\"inLanguage\":\"en-GB\"}]}<\/script>\n<!-- \/ Yoast SEO plugin. -->","yoast_head_json":{"title":"Narud\u017eba i pla\u0107anje - I\u017eanka Zadar","robots":{"index":"index","follow":"follow","max-snippet":"max-snippet:-1","max-image-preview":"max-image-preview:large","max-video-preview":"max-video-preview:-1"},"canonical":"https:\/\/izanka-zadar.hr\/en\/narudzba-i-placanje\/","og_locale":"en_GB","og_type":"article","og_title":"Narud\u017eba i pla\u0107anje - I\u017eanka Zadar","og_description":"[vc_row theme_box=&#8221;theme_box&#8221; css=&#8221;.vc_custom_1456235516451{padding-top: 30px !important;}&#8221;][vc_column][vc_column_text] KONTAKT\/NARUD\u017dBA &nbsp; 1. Najbr\u017ei na\u010din je direktni telefonski poziv u na\u0161u trgovinu u Zadru, gdje \u0107e na\u0161i djelatnici preuzeti Va\u0161u narud\u017ebu. Tel\/fax: 023 33 11 99 2. Narud\u017ebu mo\u017eete poslati i putem e-mail adrese Email:\u00a0info@izanka-zadar.com \u00a0U tom slu\u010daju potrebni su nam to\u010dni i potpuni podaci: &#8211; ime i prezime naru\u010ditelja [&hellip;]","og_url":"https:\/\/izanka-zadar.hr\/en\/narudzba-i-placanje\/","og_site_name":"I\u017eanka Zadar","article_modified_time":"2018-07-09T12:12:05+00:00","og_image":[{"url":"https:\/\/izanka-zadar.hr\/staging\/wp-content\/uploads\/2016\/02\/nalog-za-placanje.jpg","type":"","width":"","height":""}],"twitter_card":"summary_large_image","twitter_misc":{"Estimated reading time":"4 minutes"},"schema":{"@context":"https:\/\/schema.org","@graph":[{"@type":"WebPage","@id":"https:\/\/izanka-zadar.hr\/narudzba-i-placanje\/","url":"https:\/\/izanka-zadar.hr\/narudzba-i-placanje\/","name":"Narud\u017eba i pla\u0107anje - I\u017eanka Zadar","isPartOf":{"@id":"https:\/\/izanka-zadar.hr\/#website"},"primaryImageOfPage":{"@id":"https:\/\/izanka-zadar.hr\/narudzba-i-placanje\/#primaryimage"},"image":{"@id":"https:\/\/izanka-zadar.hr\/narudzba-i-placanje\/#primaryimage"},"thumbnailUrl":"https:\/\/izanka-zadar.hr\/staging\/wp-content\/uploads\/2016\/02\/nalog-za-placanje.jpg","datePublished":"2016-02-12T08:45:29+00:00","dateModified":"2018-07-09T12:12:05+00:00","breadcrumb":{"@id":"https:\/\/izanka-zadar.hr\/narudzba-i-placanje\/#breadcrumb"},"inLanguage":"en-GB","potentialAction":[{"@type":"ReadAction","target":["https:\/\/izanka-zadar.hr\/narudzba-i-placanje\/"]}]},{"@type":"ImageObject","inLanguage":"en-GB","@id":"https:\/\/izanka-zadar.hr\/narudzba-i-placanje\/#primaryimage","url":"https:\/\/izanka-zadar.hr\/staging\/wp-content\/uploads\/2016\/02\/nalog-za-placanje.jpg","contentUrl":"https:\/\/izanka-zadar.hr\/staging\/wp-content\/uploads\/2016\/02\/nalog-za-placanje.jpg"},{"@type":"BreadcrumbList","@id":"https:\/\/izanka-zadar.hr\/narudzba-i-placanje\/#breadcrumb","itemListElement":[{"@type":"ListItem","position":1,"name":"Po\u010detna stranica","item":"https:\/\/izanka-zadar.hr\/"},{"@type":"ListItem","position":2,"name":"Narud\u017eba i pla\u0107anje"}]},{"@type":"WebSite","@id":"https:\/\/izanka-zadar.hr\/#website","url":"https:\/\/izanka-zadar.hr\/","name":"I\u017eanka Zadar","description":"Fishing Tradition","potentialAction":[{"@type":"SearchAction","target":{"@type":"EntryPoint","urlTemplate":"https:\/\/izanka-zadar.hr\/?s={search_term_string}"},"query-input":{"@type":"PropertyValueSpecification","valueRequired":true,"valueName":"search_term_string"}}],"inLanguage":"en-GB"}]}},"_links":{"self":[{"href":"https:\/\/izanka-zadar.hr\/en\/wp-json\/wp\/v2\/pages\/2287","targetHints":{"allow":["GET"]}}],"collection":[{"href":"https:\/\/izanka-zadar.hr\/en\/wp-json\/wp\/v2\/pages"}],"about":[{"href":"https:\/\/izanka-zadar.hr\/en\/wp-json\/wp\/v2\/types\/page"}],"author":[{"embeddable":true,"href":"https:\/\/izanka-zadar.hr\/en\/wp-json\/wp\/v2\/users\/1"}],"replies":[{"embeddable":true,"href":"https:\/\/izanka-zadar.hr\/en\/wp-json\/wp\/v2\/comments?post=2287"}],"version-history":[{"count":0,"href":"https:\/\/izanka-zadar.hr\/en\/wp-json\/wp\/v2\/pages\/2287\/revisions"}],"wp:attachment":[{"href":"https:\/\/izanka-zadar.hr\/en\/wp-json\/wp\/v2\/media?parent=2287"}],"curies":[{"name":"wp","href":"https:\/\/api.w.org\/{rel}","templated":true}]}}