{"id":2297,"date":"2016-02-12T08:51:49","date_gmt":"2016-02-12T08:51:49","guid":{"rendered":"http:\/\/izanka.coming-soon.info\/?page_id=2297"},"modified":"2025-09-24T19:18:45","modified_gmt":"2025-09-24T19:18:45","slug":"uvjeti-dostave-i-isporuke","status":"publish","type":"page","link":"https:\/\/izanka-zadar.hr\/en\/uvjeti-dostave-i-isporuke\/","title":{"rendered":"Shipping and delivery terms"},"content":{"rendered":"\t\t<div data-elementor-type=\"wp-page\" data-elementor-id=\"2297\" class=\"elementor elementor-2297\">\n\t\t\t\t<div class=\"elementor-element elementor-element-47aa4e5d e-flex e-con-boxed e-con e-parent\" data-id=\"47aa4e5d\" data-element_type=\"container\" data-e-type=\"container\">\r\n\t\t\t\t\t<div class=\"e-con-inner\">\r\n\t\t\t\t<div class=\"elementor-element elementor-element-3c978ab3 elementor-widget elementor-widget-text-editor\" data-id=\"3c978ab3\" data-element_type=\"widget\" data-e-type=\"widget\" data-widget_type=\"text-editor.default\">\n\t\t\t\t\t\t\t\t\t<h3>\u00a0<\/h3><p><strong>UVJETI DOSTAVE I ISPORUKE<\/strong><\/p><p><strong>1. PODRU\u010cJE DOSTAVE I VRIJEME ISPORUKE<\/strong><\/p><p><strong>1.1. Podru\u010dje dostave<\/strong><\/p><p>Dostavu vr\u0161imo na podru\u010dju\u00a0<strong>Republike Hrvatske<\/strong>\u00a0uklju\u010duju\u0107i i oto\u010dna podru\u010dja. Isporuka robe vr\u0161i se iz na\u0161e sredi\u0161nje poslovnice u Zadru.<\/p><p><strong>1.2. Rokovi isporuke<\/strong><\/p><ul><li><strong>Rok pripreme po\u0161iljke:<\/strong>\u00a01 radni dan od dana evidentiranja uplate<\/li><li><strong>Standardni rok dostave:<\/strong>\u00a03-5 radnih dana<\/li><li><strong>Dostava na oto\u010dna podru\u010dja:<\/strong>\u00a0Mo\u017ee trajati do 7 radnih dana<\/li><\/ul><p>Radnim danima se smatraju ponedjeljak do petak, osim dr\u017eavnih praznika.<\/p><p>\u00a0<\/p><p><strong>2. NA\u010cIN DOSTAVE I TRO\u0160KOVI<\/strong><\/p><p><strong>2.1. Dostavne usluge<\/strong><\/p><p>Dostavu obavljamo putem\u00a0<strong>Hrvatske po\u0161te<\/strong>\u00a0ili ovla\u0161tenih kurirskih slu\u017ebi. Odabir dostavne usluge ovisi o vrsti proizvoda i lokaciji dostave.<\/p><p><strong>2.2. Tro\u0161kovi dostave<\/strong><\/p><p>Tro\u0161kovi dostave prikazuju se zasebno tijekom procesa naru\u010divanja i ovise o:<\/p><ul><li>Vrsti i te\u017eini proizvoda<\/li><li>Lokaciji dostave<\/li><li>Odabranoj dostavnoj usluzi<\/li><\/ul><p>\u00a0<\/p><p><strong>3.POSTUPAK PREUZIMANJA ROBE<\/strong><\/p><p><strong>3.1. Obveze kupca pri preuzimanju<\/strong><\/p><p>Prilikom preuzimanja po\u0161iljke kupac je du\u017ean:<\/p><ul><li>Vizualno provjeriti stanje paketa<\/li><li>Prihvatiti ili odbiti preuzimanje u slu\u010daju vidljivih o\u0161te\u0107enja<\/li><li>Potvrditi primitak potpisom na dostavnici<\/li><\/ul><p><strong>3.2. Postupak u slu\u010daju o\u0161te\u0107enja<\/strong><\/p><p>Ako primijetite o\u0161te\u0107enje paketa:<\/p><ol><li><strong>Ne prihva\u0107ajte po\u0161iljku<\/strong><\/li><li><strong>Zabilje\u017eite o\u0161te\u0107enje<\/strong>\u00a0na dostavnici<\/li><li><strong>Odmah obavijestite<\/strong>\u00a0nas na\u00a0<a href=\"https:\/\/mailto:info@izanka-zadar.hr\/\">info@izanka-zadar.hr<\/a><\/li><\/ol><p>\u00a0<\/p><p><strong>4. NEUSPJELE I ODSTOPLJENE DOSTAVE<\/strong><\/p><p><strong>4.1. Poku\u0161aji dostave<\/strong><\/p><p>Dostavu smatramo poku\u0161anom kada dostavlja\u010d:<\/p><ul><li>Stigne na navedenu adresu dostave<\/li><li>Ostavi obavijest o poku\u0161aju dostave<\/li><li>Poku\u0161a kontaktirati kupca putem telefona<\/li><\/ul><p><strong>4.2. Postupak kod neuspjele dostave<\/strong><\/p><p>Ako dostava ne uspije u roku od 10 radnih dana:<\/p><ul><li>Kontaktirat \u0107emo vas za dogovor o novom terminu<\/li><li>Imate pravo na raskid ugovora i povrat novca<\/li><\/ul><p>\u00a0<\/p><p><strong>5. IZNIMNE OKOLNOSTI<\/strong><\/p><p><strong>5.1. Ka\u0161njenja u isporuci<\/strong><\/p><p>U slu\u010dajevima ka\u0161njenja uzrokovanih:<\/p><ul><li>Vanjskim faktorima (vremenski uvjeti, \u0161trajkovi)<\/li><li>Nedostupnosti proizvoda na zalihi<\/li><li>Tehni\u010dkih problema<\/li><\/ul><p>Obavijestit \u0107emo vas e-mailom ili telefonom i ponuditi:<\/p><ul><li>Produ\u017eenje roka isporuke<\/li><li>Zamjenu proizvoda<\/li><li>Povrat novca<\/li><\/ul><p><strong>5.2. Prekid isporuke<\/strong><\/p><p>Zadr\u017eavamo pravo prekida isporuke ako:<\/p><ul><li>Podaci za dostavu su neto\u010dni ili nepotpuni<\/li><li>Nije mogu\u0107e uspostaviti kontakt s kupcem<\/li><li>Postoji opasnost po sigurnost dostave<\/li><\/ul><p>\u00a0<\/p><p><strong>6. OBRADA PODATAKA U SVRHU DOSTAVE<\/strong><\/p><p>Tijekom procesa dostave dijelimo va\u0161e podatke (ime, adresa, broj telefona) isklju\u010divo s dostavnim slu\u017ebama u svrhu izvr\u0161enja ugovora.<\/p><p><strong>Detaljna Politika privatnosti<\/strong> dostupna su na: [<a href=\"https:\/\/izanka-zadar.hr\/politika-privatnosti\/\">https:\/\/izanka-zadar.hr\/politika-privatnosti\/<\/a>]<\/p><p>\u00a0<\/p><p><strong>7. KONTAKT INFORMACIJE<\/strong><\/p><p>Za sva pitanja vezana uz dostavu obratite se:<\/p><p><strong>I\u017dANKA-ZADAR D.O.O.<\/strong><br \/>Otona Ivekovi\u0107a 26, 23000 Zadar<br \/><strong>Tel:<\/strong>\u00a0+385 23 331199 (radnim danom 7-15h)<br \/><strong>E-mail:<\/strong>\u00a0<a href=\"https:\/\/mailto:info@izanka-zadar.hr\/\">info@izanka-zadar.hr<\/a><\/p><p><em>Ovi uvjeti dostave sastavni su dio Op\u0107ih uvjeta poslovanja. U slu\u010daju neslaganja, primjenjuju se odredbe Op\u0107ih uvjeta poslovanja.<\/em><\/p><p><strong>Datum stupanja na snagu:<\/strong>\u00a001.10.2025<\/p>\t\t\t\t\t\t\t\t<\/div>\n\t\t\t\t\t<\/div>\n\t\t\t\t<\/div>\n\t\t\t\t<\/div>\n\t\t","protected":false},"excerpt":{"rendered":"<p>\u00a0 UVJETI DOSTAVE I ISPORUKE 1. PODRU\u010cJE DOSTAVE I VRIJEME ISPORUKE 1.1. Podru\u010dje dostave Dostavu vr\u0161imo na podru\u010dju\u00a0Republike Hrvatske\u00a0uklju\u010duju\u0107i i oto\u010dna podru\u010dja. Isporuka robe vr\u0161i se iz na\u0161e sredi\u0161nje poslovnice u Zadru. 1.2. Rokovi isporuke Rok pripreme po\u0161iljke:\u00a01 radni dan od dana evidentiranja uplate Standardni rok dostave:\u00a03-5 radnih dana Dostava na oto\u010dna podru\u010dja:\u00a0Mo\u017ee trajati do [&hellip;]<\/p>\n","protected":false},"author":1,"featured_media":0,"parent":0,"menu_order":0,"comment_status":"closed","ping_status":"closed","template":"","meta":{"_acf_changed":false,"footnotes":""},"class_list":["post-2297","page","type-page","status-publish","hentry"],"acf":[],"yoast_head":"<!-- This site is optimized with the Yoast SEO plugin v27.3 - https:\/\/yoast.com\/product\/yoast-seo-wordpress\/ -->\n<title>Uvjeti dostave i isporuke - I\u017eanka Zadar<\/title>\n<meta name=\"robots\" content=\"index, follow, max-snippet:-1, max-image-preview:large, max-video-preview:-1\" \/>\n<link rel=\"canonical\" href=\"https:\/\/izanka-zadar.hr\/en\/uvjeti-dostave-i-isporuke\/\" \/>\n<meta property=\"og:locale\" content=\"en_GB\" \/>\n<meta property=\"og:type\" content=\"article\" \/>\n<meta property=\"og:title\" content=\"Uvjeti dostave i isporuke - I\u017eanka Zadar\" \/>\n<meta property=\"og:description\" content=\"\u00a0 UVJETI DOSTAVE I ISPORUKE 1. PODRU\u010cJE DOSTAVE I VRIJEME ISPORUKE 1.1. Podru\u010dje dostave Dostavu vr\u0161imo na podru\u010dju\u00a0Republike Hrvatske\u00a0uklju\u010duju\u0107i i oto\u010dna podru\u010dja. Isporuka robe vr\u0161i se iz na\u0161e sredi\u0161nje poslovnice u Zadru. 1.2. Rokovi isporuke Rok pripreme po\u0161iljke:\u00a01 radni dan od dana evidentiranja uplate Standardni rok dostave:\u00a03-5 radnih dana Dostava na oto\u010dna podru\u010dja:\u00a0Mo\u017ee trajati do [&hellip;]\" \/>\n<meta property=\"og:url\" content=\"https:\/\/izanka-zadar.hr\/en\/uvjeti-dostave-i-isporuke\/\" \/>\n<meta property=\"og:site_name\" content=\"I\u017eanka Zadar\" \/>\n<meta property=\"article:modified_time\" content=\"2025-09-24T19:18:45+00:00\" \/>\n<meta name=\"twitter:card\" content=\"summary_large_image\" \/>\n<meta name=\"twitter:label1\" content=\"Estimated reading time\" \/>\n\t<meta name=\"twitter:data1\" content=\"3 minutes\" \/>\n<script type=\"application\/ld+json\" class=\"yoast-schema-graph\">{\"@context\":\"https:\\\/\\\/schema.org\",\"@graph\":[{\"@type\":\"WebPage\",\"@id\":\"https:\\\/\\\/izanka-zadar.hr\\\/uvjeti-dostave-i-isporuke\\\/\",\"url\":\"https:\\\/\\\/izanka-zadar.hr\\\/uvjeti-dostave-i-isporuke\\\/\",\"name\":\"Uvjeti dostave i isporuke - I\u017eanka Zadar\",\"isPartOf\":{\"@id\":\"https:\\\/\\\/izanka-zadar.hr\\\/#website\"},\"datePublished\":\"2016-02-12T08:51:49+00:00\",\"dateModified\":\"2025-09-24T19:18:45+00:00\",\"breadcrumb\":{\"@id\":\"https:\\\/\\\/izanka-zadar.hr\\\/uvjeti-dostave-i-isporuke\\\/#breadcrumb\"},\"inLanguage\":\"en-GB\",\"potentialAction\":[{\"@type\":\"ReadAction\",\"target\":[\"https:\\\/\\\/izanka-zadar.hr\\\/uvjeti-dostave-i-isporuke\\\/\"]}]},{\"@type\":\"BreadcrumbList\",\"@id\":\"https:\\\/\\\/izanka-zadar.hr\\\/uvjeti-dostave-i-isporuke\\\/#breadcrumb\",\"itemListElement\":[{\"@type\":\"ListItem\",\"position\":1,\"name\":\"Po\u010detna stranica\",\"item\":\"https:\\\/\\\/izanka-zadar.hr\\\/\"},{\"@type\":\"ListItem\",\"position\":2,\"name\":\"Uvjeti dostave i isporuke\"}]},{\"@type\":\"WebSite\",\"@id\":\"https:\\\/\\\/izanka-zadar.hr\\\/#website\",\"url\":\"https:\\\/\\\/izanka-zadar.hr\\\/\",\"name\":\"I\u017eanka Zadar\",\"description\":\"Tradicija ribolova\",\"potentialAction\":[{\"@type\":\"SearchAction\",\"target\":{\"@type\":\"EntryPoint\",\"urlTemplate\":\"https:\\\/\\\/izanka-zadar.hr\\\/?s={search_term_string}\"},\"query-input\":{\"@type\":\"PropertyValueSpecification\",\"valueRequired\":true,\"valueName\":\"search_term_string\"}}],\"inLanguage\":\"en-GB\"}]}<\/script>\n<!-- \/ Yoast SEO plugin. -->","yoast_head_json":{"title":"Uvjeti dostave i isporuke - I\u017eanka Zadar","robots":{"index":"index","follow":"follow","max-snippet":"max-snippet:-1","max-image-preview":"max-image-preview:large","max-video-preview":"max-video-preview:-1"},"canonical":"https:\/\/izanka-zadar.hr\/en\/uvjeti-dostave-i-isporuke\/","og_locale":"en_GB","og_type":"article","og_title":"Uvjeti dostave i isporuke - I\u017eanka Zadar","og_description":"\u00a0 UVJETI DOSTAVE I ISPORUKE 1. PODRU\u010cJE DOSTAVE I VRIJEME ISPORUKE 1.1. Podru\u010dje dostave Dostavu vr\u0161imo na podru\u010dju\u00a0Republike Hrvatske\u00a0uklju\u010duju\u0107i i oto\u010dna podru\u010dja. Isporuka robe vr\u0161i se iz na\u0161e sredi\u0161nje poslovnice u Zadru. 1.2. Rokovi isporuke Rok pripreme po\u0161iljke:\u00a01 radni dan od dana evidentiranja uplate Standardni rok dostave:\u00a03-5 radnih dana Dostava na oto\u010dna podru\u010dja:\u00a0Mo\u017ee trajati do [&hellip;]","og_url":"https:\/\/izanka-zadar.hr\/en\/uvjeti-dostave-i-isporuke\/","og_site_name":"I\u017eanka Zadar","article_modified_time":"2025-09-24T19:18:45+00:00","twitter_card":"summary_large_image","twitter_misc":{"Estimated reading time":"3 minutes"},"schema":{"@context":"https:\/\/schema.org","@graph":[{"@type":"WebPage","@id":"https:\/\/izanka-zadar.hr\/uvjeti-dostave-i-isporuke\/","url":"https:\/\/izanka-zadar.hr\/uvjeti-dostave-i-isporuke\/","name":"Uvjeti dostave i isporuke - I\u017eanka Zadar","isPartOf":{"@id":"https:\/\/izanka-zadar.hr\/#website"},"datePublished":"2016-02-12T08:51:49+00:00","dateModified":"2025-09-24T19:18:45+00:00","breadcrumb":{"@id":"https:\/\/izanka-zadar.hr\/uvjeti-dostave-i-isporuke\/#breadcrumb"},"inLanguage":"en-GB","potentialAction":[{"@type":"ReadAction","target":["https:\/\/izanka-zadar.hr\/uvjeti-dostave-i-isporuke\/"]}]},{"@type":"BreadcrumbList","@id":"https:\/\/izanka-zadar.hr\/uvjeti-dostave-i-isporuke\/#breadcrumb","itemListElement":[{"@type":"ListItem","position":1,"name":"Po\u010detna stranica","item":"https:\/\/izanka-zadar.hr\/"},{"@type":"ListItem","position":2,"name":"Uvjeti dostave i isporuke"}]},{"@type":"WebSite","@id":"https:\/\/izanka-zadar.hr\/#website","url":"https:\/\/izanka-zadar.hr\/","name":"I\u017eanka Zadar","description":"Fishing Tradition","potentialAction":[{"@type":"SearchAction","target":{"@type":"EntryPoint","urlTemplate":"https:\/\/izanka-zadar.hr\/?s={search_term_string}"},"query-input":{"@type":"PropertyValueSpecification","valueRequired":true,"valueName":"search_term_string"}}],"inLanguage":"en-GB"}]}},"_links":{"self":[{"href":"https:\/\/izanka-zadar.hr\/en\/wp-json\/wp\/v2\/pages\/2297","targetHints":{"allow":["GET"]}}],"collection":[{"href":"https:\/\/izanka-zadar.hr\/en\/wp-json\/wp\/v2\/pages"}],"about":[{"href":"https:\/\/izanka-zadar.hr\/en\/wp-json\/wp\/v2\/types\/page"}],"author":[{"embeddable":true,"href":"https:\/\/izanka-zadar.hr\/en\/wp-json\/wp\/v2\/users\/1"}],"replies":[{"embeddable":true,"href":"https:\/\/izanka-zadar.hr\/en\/wp-json\/wp\/v2\/comments?post=2297"}],"version-history":[{"count":4,"href":"https:\/\/izanka-zadar.hr\/en\/wp-json\/wp\/v2\/pages\/2297\/revisions"}],"predecessor-version":[{"id":8564,"href":"https:\/\/izanka-zadar.hr\/en\/wp-json\/wp\/v2\/pages\/2297\/revisions\/8564"}],"wp:attachment":[{"href":"https:\/\/izanka-zadar.hr\/en\/wp-json\/wp\/v2\/media?parent=2297"}],"curies":[{"name":"wp","href":"https:\/\/api.w.org\/{rel}","templated":true}]}}