{"id":7451,"date":"2025-08-23T17:22:27","date_gmt":"2025-08-23T17:22:27","guid":{"rendered":"https:\/\/izanka-zadar.hr\/?post_type=product&#038;p=7451"},"modified":"2026-01-20T11:20:52","modified_gmt":"2026-01-20T11:20:52","slug":"motavilo-tunja","status":"publish","type":"product","link":"https:\/\/izanka-zadar.hr\/en\/product\/motavilo-tunja\/","title":{"rendered":"Hand Line Reel Tunja"},"content":{"rendered":"<h3><strong>Hand Line Reel Tunja - a traditional tool for fast and efficient fishing<\/strong><\/h3>\n<p class=\"translation-block\">This product belongs to the category of <strong>traditional fishing tools<\/strong> and is characterized by <strong>practicality and ease of use<\/strong>. The main feature of this reel is <strong>quick unwinding of the nylon during hunting<\/strong> and <strong>quick winding after fishing is over<\/strong>. It is used to make different fishing tools such as <strong><a href=\"https:\/\/izanka-zadar.hr\/en\/proizvod\/kanjara-kancanica\/\" target=\"_blank\" rel=\"noopener\">Handline Fishing Rig<\/a>, <a href=\"https:\/\/izanka-zadar.hr\/en\/proizvod\/panula-za-brancina-sa-silikonskom-varalicom\/\" target=\"_blank\" rel=\"noopener\">Preset Trolling Rigs<\/a> and sets for squid, which makes it an indispensable part of every fishermen equipment.<\/p>\n<h4><strong>Key features:<\/strong><\/h4>\n<ul>\n<li class=\"translation-block\"><strong>Material<\/strong>: Made of <strong>Styrofoam<\/strong>, making it lightweight but extremely strong and durable.<\/li>\n<li class=\"translation-block\"><strong>Practicality<\/strong>: Enables quick unwinding and winding of nylon, which increases fishing efficiency.<\/li>\n<li class=\"translation-block\"><strong>Multiple sizes<\/strong>: Available in\u00a0<strong>six sizes<\/strong> (Number 1 to Number 6), with weights ranging from\u00a0<strong>15 g to 35 g<\/strong>.<\/li>\n<li class=\"translation-block\"><strong>More colors<\/strong>: Produced in various colors, which allows personalization according to your preferences.<\/li>\n<\/ul>\n<h4><strong>Advantages of Hand Line Reel Tunja<\/strong><\/h4>\n<ul>\n<li class=\"translation-block\"><strong>Light construction<\/strong>: Thanks to styrofoam, the reel is light and easy to transport.<\/li>\n<li class=\"translation-block\"><strong>Durability<\/strong>: Although lightweight, the reel is extremely strong and resistant to damage.<\/li>\n<li class=\"translation-block\"><strong>Versatility<\/strong>: Suitable for making various fishing tools, including handline fishing rigs, preset trolling rigs, and cuttlefish preset rigs.<\/li>\n<li class=\"translation-block\"><strong>Easy to use<\/strong>: Easy to use, even for beginners.<\/li>\n<\/ul>\n<h4><strong>Technical specifications:<\/strong><\/h4>\n<ul>\n<li><strong>Te\u017eina po veli\u010dini<\/strong>:\n<ul>\n<li>Tip 1: cca 35 g<\/li>\n<li>Tip 2: cca 30 g<\/li>\n<li>Tip 3: cca 30 g<\/li>\n<li>Tip 4: cca 20 g<\/li>\n<li>Tip 5: cca 20 g<\/li>\n<li>Tip 6: cca 15 g<\/li>\n<\/ul>\n<\/li>\n<li class=\"translation-block\"><strong>Material<\/strong>: Styrofoam<\/li>\n<li class=\"translation-block\"><strong>Color<\/strong>: Multiple colors available<\/li>\n<\/ul>\n<h4><strong>How to use Hand Line Reel Tunja?<\/strong><\/h4>\n<ol start=\"1\">\n<li class=\"translation-block\"><strong>Reel the nylon<\/strong>: Wind the nylon onto the reel, using its practical construction.<\/li>\n<li class=\"translation-block\"><strong>Unrolling when hunting<\/strong>: Quickly unroll the nylon to set up the fishing gear (e.g. handline fishing rig, preset trolling rig).<\/li>\n<li class=\"translation-block\"><strong>Reeling after fishing<\/strong>: After finishing fishing, quickly reel the line onto the reel.<\/li>\n<li class=\"translation-block\"><strong>Store the reel<\/strong>: After use, dry the reel and store it in a dry place.<\/li>\n<\/ol>\n<h4><strong>Why choose Hand Line Reel Tunja?<\/strong><\/h4>\n<ul>\n<li class=\"translation-block\"><strong>Traditional reliability<\/strong>: The Hand Line Reel Tunja is a long-standing tool that has proven itself in practice.<\/li>\n<li class=\"translation-block\"><strong>Light and sturdy construction<\/strong>: It is ideal for anglers looking for practicality and durability.<\/li>\n<li class=\"translation-block\"><strong>Versatility<\/strong>: Suitable for different types of fishing tools and techniques.<\/li>\n<li class=\"translation-block\"><strong>Easy to use<\/strong>: Easy to use, even for beginners.<\/li>\n<\/ul>\n<h4><strong>Tips for use:<\/strong><\/h4>\n<ul>\n<li class=\"translation-block\"><strong>Regular cleaning<\/strong>: After each use, clean the reel from salt and dirt.<\/li>\n<li class=\"translation-block\"><strong>Proper storage<\/strong>: Store the reel in a dry place, away from direct sunlight.<\/li>\n<li class=\"translation-block\"><strong>Use the right nylon<\/strong>: Choose a nylon that suits your needs and fishing conditions.<\/li>\n<\/ul>","protected":false},"excerpt":{"rendered":"<p>Motavilo tunja je tradicionalni ribolovni pribor izra\u0111en od stiropora.<\/p>","protected":false},"featured_media":8260,"comment_status":"open","ping_status":"closed","template":"","meta":{"_acf_changed":false},"product_brand":[],"product_cat":[112,128],"product_tag":[392,393,384,394],"class_list":{"0":"post-7451","1":"product","2":"type-product","3":"status-publish","4":"has-post-thumbnail","6":"product_cat-motavila","7":"product_cat-motavilo-tunja","8":"product_tag-motavilo-tunja","9":"product_tag-ribolovna-oprema-za-kanjare-i-panule","10":"product_tag-stiroporno-motavilo","11":"product_tag-tradicionalni-ribolovni-alat","13":"first","14":"instock","15":"taxable","16":"shipping-taxable","17":"purchasable","18":"product-type-variable"},"acf":[],"yoast_head":"<!-- This site is optimized with the Yoast SEO plugin v27.3 - https:\/\/yoast.com\/product\/yoast-seo-wordpress\/ -->\n<title>Motavilo Tunja - I\u017eanka Zadar | Web shop | izanka-zadar.hr<\/title>\n<meta name=\"description\" content=\"Motavilo Tunja \u2013 tradicionalni alat za brz i u\u010dinkovit ribolov. Izra\u0111eno od stiropora, dostupno u \u0161est veli\u010dina, za kanjare, panule i setove za lignje.\" \/>\n<meta name=\"robots\" content=\"index, follow, max-snippet:-1, max-image-preview:large, max-video-preview:-1\" \/>\n<link rel=\"canonical\" href=\"https:\/\/izanka-zadar.hr\/en\/product\/motavilo-tunja\/\" \/>\n<meta property=\"og:locale\" content=\"en_GB\" \/>\n<meta property=\"og:type\" content=\"article\" \/>\n<meta property=\"og:title\" content=\"Motavilo Tunja - I\u017eanka Zadar | Web shop | izanka-zadar.hr\" \/>\n<meta property=\"og:description\" content=\"Motavilo Tunja \u2013 tradicionalni alat za brz i u\u010dinkovit ribolov. Izra\u0111eno od stiropora, dostupno u \u0161est veli\u010dina, za kanjare, panule i setove za lignje.\" \/>\n<meta property=\"og:url\" content=\"https:\/\/izanka-zadar.hr\/en\/product\/motavilo-tunja\/\" \/>\n<meta property=\"og:site_name\" content=\"I\u017eanka Zadar\" \/>\n<meta property=\"article:modified_time\" content=\"2026-01-20T11:20:52+00:00\" \/>\n<meta property=\"og:image\" content=\"https:\/\/izanka-zadar.hr\/wp-content\/uploads\/2025\/08\/Motavilo-Tunja-2-a.webp\" \/>\n\t<meta property=\"og:image:width\" content=\"800\" \/>\n\t<meta property=\"og:image:height\" content=\"800\" \/>\n\t<meta property=\"og:image:type\" content=\"image\/webp\" \/>\n<meta name=\"twitter:card\" content=\"summary_large_image\" \/>\n<meta name=\"twitter:label1\" content=\"Estimated reading time\" \/>\n\t<meta name=\"twitter:data1\" content=\"3 minutes\" \/>\n<script type=\"application\/ld+json\" class=\"yoast-schema-graph\">{\"@context\":\"https:\\\/\\\/schema.org\",\"@graph\":[{\"@type\":[\"WebPage\",\"ItemPage\"],\"@id\":\"https:\\\/\\\/izanka-zadar.hr\\\/proizvod\\\/motavilo-tunja\\\/\",\"url\":\"https:\\\/\\\/izanka-zadar.hr\\\/proizvod\\\/motavilo-tunja\\\/\",\"name\":\"Motavilo Tunja - I\u017eanka Zadar | Web shop | izanka-zadar.hr\",\"isPartOf\":{\"@id\":\"https:\\\/\\\/izanka-zadar.hr\\\/#website\"},\"primaryImageOfPage\":{\"@id\":\"https:\\\/\\\/izanka-zadar.hr\\\/proizvod\\\/motavilo-tunja\\\/#primaryimage\"},\"image\":{\"@id\":\"https:\\\/\\\/izanka-zadar.hr\\\/proizvod\\\/motavilo-tunja\\\/#primaryimage\"},\"thumbnailUrl\":\"https:\\\/\\\/izanka-zadar.hr\\\/wp-content\\\/uploads\\\/2025\\\/08\\\/Motavilo-Tunja-2-a.webp\",\"datePublished\":\"2025-08-23T17:22:27+00:00\",\"dateModified\":\"2026-01-20T11:20:52+00:00\",\"description\":\"Motavilo Tunja \u2013 tradicionalni alat za brz i u\u010dinkovit ribolov. Izra\u0111eno od stiropora, dostupno u \u0161est veli\u010dina, za kanjare, panule i setove za lignje.\",\"breadcrumb\":{\"@id\":\"https:\\\/\\\/izanka-zadar.hr\\\/proizvod\\\/motavilo-tunja\\\/#breadcrumb\"},\"inLanguage\":\"en-GB\",\"potentialAction\":[{\"@type\":\"ReadAction\",\"target\":[\"https:\\\/\\\/izanka-zadar.hr\\\/proizvod\\\/motavilo-tunja\\\/\"]}]},{\"@type\":\"ImageObject\",\"inLanguage\":\"en-GB\",\"@id\":\"https:\\\/\\\/izanka-zadar.hr\\\/proizvod\\\/motavilo-tunja\\\/#primaryimage\",\"url\":\"https:\\\/\\\/izanka-zadar.hr\\\/wp-content\\\/uploads\\\/2025\\\/08\\\/Motavilo-Tunja-2-a.webp\",\"contentUrl\":\"https:\\\/\\\/izanka-zadar.hr\\\/wp-content\\\/uploads\\\/2025\\\/08\\\/Motavilo-Tunja-2-a.webp\",\"width\":800,\"height\":800,\"caption\":\"Bo\u010dni prikaz palete boja motavila za tunje.\"},{\"@type\":\"BreadcrumbList\",\"@id\":\"https:\\\/\\\/izanka-zadar.hr\\\/proizvod\\\/motavilo-tunja\\\/#breadcrumb\",\"itemListElement\":[{\"@type\":\"ListItem\",\"position\":1,\"name\":\"Po\u010detna stranica\",\"item\":\"https:\\\/\\\/izanka-zadar.hr\\\/\"},{\"@type\":\"ListItem\",\"position\":2,\"name\":\"Shop\",\"item\":\"https:\\\/\\\/izanka-zadar.hr\\\/shop\\\/\"},{\"@type\":\"ListItem\",\"position\":3,\"name\":\"Motavilo Tunja\"}]},{\"@type\":\"WebSite\",\"@id\":\"https:\\\/\\\/izanka-zadar.hr\\\/#website\",\"url\":\"https:\\\/\\\/izanka-zadar.hr\\\/\",\"name\":\"I\u017eanka Zadar\",\"description\":\"Tradicija ribolova\",\"potentialAction\":[{\"@type\":\"SearchAction\",\"target\":{\"@type\":\"EntryPoint\",\"urlTemplate\":\"https:\\\/\\\/izanka-zadar.hr\\\/?s={search_term_string}\"},\"query-input\":{\"@type\":\"PropertyValueSpecification\",\"valueRequired\":true,\"valueName\":\"search_term_string\"}}],\"inLanguage\":\"en-GB\"}]}<\/script>\n<!-- \/ Yoast SEO plugin. -->","yoast_head_json":{"title":"Motavilo Tunja - I\u017eanka Zadar | Web shop | izanka-zadar.hr","description":"Motavilo Tunja \u2013 tradicionalni alat za brz i u\u010dinkovit ribolov. Izra\u0111eno od stiropora, dostupno u \u0161est veli\u010dina, za kanjare, panule i setove za lignje.","robots":{"index":"index","follow":"follow","max-snippet":"max-snippet:-1","max-image-preview":"max-image-preview:large","max-video-preview":"max-video-preview:-1"},"canonical":"https:\/\/izanka-zadar.hr\/en\/product\/motavilo-tunja\/","og_locale":"en_GB","og_type":"article","og_title":"Motavilo Tunja - I\u017eanka Zadar | Web shop | izanka-zadar.hr","og_description":"Motavilo Tunja \u2013 tradicionalni alat za brz i u\u010dinkovit ribolov. Izra\u0111eno od stiropora, dostupno u \u0161est veli\u010dina, za kanjare, panule i setove za lignje.","og_url":"https:\/\/izanka-zadar.hr\/en\/product\/motavilo-tunja\/","og_site_name":"I\u017eanka Zadar","article_modified_time":"2026-01-20T11:20:52+00:00","og_image":[{"width":800,"height":800,"url":"https:\/\/izanka-zadar.hr\/wp-content\/uploads\/2025\/08\/Motavilo-Tunja-2-a.webp","type":"image\/webp"}],"twitter_card":"summary_large_image","twitter_misc":{"Estimated reading time":"3 minutes"},"schema":{"@context":"https:\/\/schema.org","@graph":[{"@type":["WebPage","ItemPage"],"@id":"https:\/\/izanka-zadar.hr\/proizvod\/motavilo-tunja\/","url":"https:\/\/izanka-zadar.hr\/proizvod\/motavilo-tunja\/","name":"Motavilo Tunja - I\u017eanka Zadar | Web shop | izanka-zadar.hr","isPartOf":{"@id":"https:\/\/izanka-zadar.hr\/#website"},"primaryImageOfPage":{"@id":"https:\/\/izanka-zadar.hr\/proizvod\/motavilo-tunja\/#primaryimage"},"image":{"@id":"https:\/\/izanka-zadar.hr\/proizvod\/motavilo-tunja\/#primaryimage"},"thumbnailUrl":"https:\/\/izanka-zadar.hr\/wp-content\/uploads\/2025\/08\/Motavilo-Tunja-2-a.webp","datePublished":"2025-08-23T17:22:27+00:00","dateModified":"2026-01-20T11:20:52+00:00","description":"Motavilo Tunja \u2013 tradicionalni alat za brz i u\u010dinkovit ribolov. Izra\u0111eno od stiropora, dostupno u \u0161est veli\u010dina, za kanjare, panule i setove za lignje.","breadcrumb":{"@id":"https:\/\/izanka-zadar.hr\/proizvod\/motavilo-tunja\/#breadcrumb"},"inLanguage":"en-GB","potentialAction":[{"@type":"ReadAction","target":["https:\/\/izanka-zadar.hr\/proizvod\/motavilo-tunja\/"]}]},{"@type":"ImageObject","inLanguage":"en-GB","@id":"https:\/\/izanka-zadar.hr\/proizvod\/motavilo-tunja\/#primaryimage","url":"https:\/\/izanka-zadar.hr\/wp-content\/uploads\/2025\/08\/Motavilo-Tunja-2-a.webp","contentUrl":"https:\/\/izanka-zadar.hr\/wp-content\/uploads\/2025\/08\/Motavilo-Tunja-2-a.webp","width":800,"height":800,"caption":"Bo\u010dni prikaz palete boja motavila za tunje."},{"@type":"BreadcrumbList","@id":"https:\/\/izanka-zadar.hr\/proizvod\/motavilo-tunja\/#breadcrumb","itemListElement":[{"@type":"ListItem","position":1,"name":"Po\u010detna stranica","item":"https:\/\/izanka-zadar.hr\/"},{"@type":"ListItem","position":2,"name":"Shop","item":"https:\/\/izanka-zadar.hr\/shop\/"},{"@type":"ListItem","position":3,"name":"Motavilo Tunja"}]},{"@type":"WebSite","@id":"https:\/\/izanka-zadar.hr\/#website","url":"https:\/\/izanka-zadar.hr\/","name":"I\u017eanka Zadar","description":"Fishing Tradition","potentialAction":[{"@type":"SearchAction","target":{"@type":"EntryPoint","urlTemplate":"https:\/\/izanka-zadar.hr\/?s={search_term_string}"},"query-input":{"@type":"PropertyValueSpecification","valueRequired":true,"valueName":"search_term_string"}}],"inLanguage":"en-GB"}]}},"_links":{"self":[{"href":"https:\/\/izanka-zadar.hr\/en\/wp-json\/wp\/v2\/product\/7451","targetHints":{"allow":["GET"]}}],"collection":[{"href":"https:\/\/izanka-zadar.hr\/en\/wp-json\/wp\/v2\/product"}],"about":[{"href":"https:\/\/izanka-zadar.hr\/en\/wp-json\/wp\/v2\/types\/product"}],"replies":[{"embeddable":true,"href":"https:\/\/izanka-zadar.hr\/en\/wp-json\/wp\/v2\/comments?post=7451"}],"version-history":[{"count":1,"href":"https:\/\/izanka-zadar.hr\/en\/wp-json\/wp\/v2\/product\/7451\/revisions"}],"predecessor-version":[{"id":10810,"href":"https:\/\/izanka-zadar.hr\/en\/wp-json\/wp\/v2\/product\/7451\/revisions\/10810"}],"wp:featuredmedia":[{"embeddable":true,"href":"https:\/\/izanka-zadar.hr\/en\/wp-json\/wp\/v2\/media\/8260"}],"wp:attachment":[{"href":"https:\/\/izanka-zadar.hr\/en\/wp-json\/wp\/v2\/media?parent=7451"}],"wp:term":[{"taxonomy":"product_brand","embeddable":true,"href":"https:\/\/izanka-zadar.hr\/en\/wp-json\/wp\/v2\/product_brand?post=7451"},{"taxonomy":"product_cat","embeddable":true,"href":"https:\/\/izanka-zadar.hr\/en\/wp-json\/wp\/v2\/product_cat?post=7451"},{"taxonomy":"product_tag","embeddable":true,"href":"https:\/\/izanka-zadar.hr\/en\/wp-json\/wp\/v2\/product_tag?post=7451"}],"curies":[{"name":"wp","href":"https:\/\/api.w.org\/{rel}","templated":true}]}}