{"id":7498,"date":"2025-08-23T17:22:40","date_gmt":"2025-08-23T17:22:40","guid":{"rendered":"https:\/\/izanka-zadar.hr\/?post_type=product&#038;p=7498"},"modified":"2025-09-05T20:29:00","modified_gmt":"2025-09-05T20:29:00","slug":"sak-za-ribu-i-skoljke","status":"publish","type":"product","link":"https:\/\/izanka-zadar.hr\/en\/product\/sak-za-ribu-i-skoljke\/","title":{"rendered":"Fish and Shellfish bag"},"content":{"rendered":"<p>This item is designed for fishermen and divers, both for sea and freshwater fishing. It is made of polyamide. it is used when hunting by tying it to a boat and lowering it into the sea. When diving, the diver can tie it around the waist. Closing the bag is made easy and quick with a rope.<\/p>\n<p class=\"translation-block\">Eye size 25 mm<br>\nBag diameter: approx. 45 cm<br>\nColor: black<br>\nRope for tightening the bag: 3mm<\/p>\n<p>The fish and shellfish bag comes in three lengths: 60 cm, 80 cm, 100 cm<\/p>","protected":false},"excerpt":{"rendered":"<p>Sak za ribu i \u0161koljke namjenjen ribolovcima i roniocima.<\/p>","protected":false},"featured_media":8297,"comment_status":"open","ping_status":"closed","template":"","meta":{"_acf_changed":false},"product_brand":[],"product_cat":[191,115],"product_tag":[],"class_list":{"0":"post-7498","1":"product","2":"type-product","3":"status-publish","4":"has-post-thumbnail","6":"product_cat-ostalo","7":"product_cat-sak-za-ribu-i-skoljke","9":"first","10":"instock","11":"taxable","12":"shipping-taxable","13":"purchasable","14":"product-type-variable"},"acf":[],"yoast_head":"<!-- This site is optimized with the Yoast SEO plugin v27.3 - https:\/\/yoast.com\/product\/yoast-seo-wordpress\/ -->\n<title>Sak za ribu i \u0161koljke - I\u017eanka Zadar | Va\u0161a Web trgovina<\/title>\n<meta name=\"description\" content=\"Sak za ribu i \u0161koljke - Ribolovni pribor za \u010duvanje ulovljene ribe i \u0161koljaka. \u010cuvarica za ribu. Internet trgovina ribolovne opreme.\" \/>\n<meta name=\"robots\" content=\"index, follow, max-snippet:-1, max-image-preview:large, max-video-preview:-1\" \/>\n<link rel=\"canonical\" href=\"https:\/\/izanka-zadar.hr\/en\/product\/sak-za-ribu-i-skoljke\/\" \/>\n<meta property=\"og:locale\" content=\"en_GB\" \/>\n<meta property=\"og:type\" content=\"article\" \/>\n<meta property=\"og:title\" content=\"Sak za ribu i \u0161koljke - I\u017eanka Zadar | Va\u0161a Web trgovina\" \/>\n<meta property=\"og:description\" content=\"Sak za ribu i \u0161koljke - Ribolovni pribor za \u010duvanje ulovljene ribe i \u0161koljaka. \u010cuvarica za ribu. Internet trgovina ribolovne opreme.\" \/>\n<meta property=\"og:url\" content=\"https:\/\/izanka-zadar.hr\/en\/product\/sak-za-ribu-i-skoljke\/\" \/>\n<meta property=\"og:site_name\" content=\"I\u017eanka Zadar\" \/>\n<meta property=\"article:modified_time\" content=\"2025-09-05T20:29:00+00:00\" \/>\n<meta property=\"og:image\" content=\"https:\/\/izanka-zadar.hr\/wp-content\/uploads\/2025\/08\/sak-za-ribu-100cm-3-a.webp\" \/>\n\t<meta property=\"og:image:width\" content=\"800\" \/>\n\t<meta property=\"og:image:height\" content=\"800\" \/>\n\t<meta property=\"og:image:type\" content=\"image\/webp\" \/>\n<meta name=\"twitter:card\" content=\"summary_large_image\" \/>\n<meta name=\"twitter:label1\" content=\"Estimated reading time\" \/>\n\t<meta name=\"twitter:data1\" content=\"1 minute\" \/>\n<script type=\"application\/ld+json\" class=\"yoast-schema-graph\">{\"@context\":\"https:\\\/\\\/schema.org\",\"@graph\":[{\"@type\":[\"WebPage\",\"ItemPage\"],\"@id\":\"https:\\\/\\\/izanka-zadar.hr\\\/proizvod\\\/sak-za-ribu-i-skoljke\\\/\",\"url\":\"https:\\\/\\\/izanka-zadar.hr\\\/proizvod\\\/sak-za-ribu-i-skoljke\\\/\",\"name\":\"Sak za ribu i \u0161koljke - I\u017eanka Zadar | Va\u0161a Web trgovina\",\"isPartOf\":{\"@id\":\"https:\\\/\\\/izanka-zadar.hr\\\/#website\"},\"primaryImageOfPage\":{\"@id\":\"https:\\\/\\\/izanka-zadar.hr\\\/proizvod\\\/sak-za-ribu-i-skoljke\\\/#primaryimage\"},\"image\":{\"@id\":\"https:\\\/\\\/izanka-zadar.hr\\\/proizvod\\\/sak-za-ribu-i-skoljke\\\/#primaryimage\"},\"thumbnailUrl\":\"https:\\\/\\\/izanka-zadar.hr\\\/wp-content\\\/uploads\\\/2025\\\/08\\\/sak-za-ribu-100cm-3-a.webp\",\"datePublished\":\"2025-08-23T17:22:40+00:00\",\"dateModified\":\"2025-09-05T20:29:00+00:00\",\"description\":\"Sak za ribu i \u0161koljke - Ribolovni pribor za \u010duvanje ulovljene ribe i \u0161koljaka. \u010cuvarica za ribu. Internet trgovina ribolovne opreme.\",\"breadcrumb\":{\"@id\":\"https:\\\/\\\/izanka-zadar.hr\\\/proizvod\\\/sak-za-ribu-i-skoljke\\\/#breadcrumb\"},\"inLanguage\":\"en-GB\",\"potentialAction\":[{\"@type\":\"ReadAction\",\"target\":[\"https:\\\/\\\/izanka-zadar.hr\\\/proizvod\\\/sak-za-ribu-i-skoljke\\\/\"]}]},{\"@type\":\"ImageObject\",\"inLanguage\":\"en-GB\",\"@id\":\"https:\\\/\\\/izanka-zadar.hr\\\/proizvod\\\/sak-za-ribu-i-skoljke\\\/#primaryimage\",\"url\":\"https:\\\/\\\/izanka-zadar.hr\\\/wp-content\\\/uploads\\\/2025\\\/08\\\/sak-za-ribu-100cm-3-a.webp\",\"contentUrl\":\"https:\\\/\\\/izanka-zadar.hr\\\/wp-content\\\/uploads\\\/2025\\\/08\\\/sak-za-ribu-100cm-3-a.webp\",\"width\":800,\"height\":800,\"caption\":\"sak-za-ribu\"},{\"@type\":\"BreadcrumbList\",\"@id\":\"https:\\\/\\\/izanka-zadar.hr\\\/proizvod\\\/sak-za-ribu-i-skoljke\\\/#breadcrumb\",\"itemListElement\":[{\"@type\":\"ListItem\",\"position\":1,\"name\":\"Po\u010detna stranica\",\"item\":\"https:\\\/\\\/izanka-zadar.hr\\\/\"},{\"@type\":\"ListItem\",\"position\":2,\"name\":\"Shop\",\"item\":\"https:\\\/\\\/izanka-zadar.hr\\\/shop\\\/\"},{\"@type\":\"ListItem\",\"position\":3,\"name\":\"Sak za ribu i \u0161koljke\"}]},{\"@type\":\"WebSite\",\"@id\":\"https:\\\/\\\/izanka-zadar.hr\\\/#website\",\"url\":\"https:\\\/\\\/izanka-zadar.hr\\\/\",\"name\":\"I\u017eanka Zadar\",\"description\":\"Tradicija ribolova\",\"potentialAction\":[{\"@type\":\"SearchAction\",\"target\":{\"@type\":\"EntryPoint\",\"urlTemplate\":\"https:\\\/\\\/izanka-zadar.hr\\\/?s={search_term_string}\"},\"query-input\":{\"@type\":\"PropertyValueSpecification\",\"valueRequired\":true,\"valueName\":\"search_term_string\"}}],\"inLanguage\":\"en-GB\"}]}<\/script>\n<!-- \/ Yoast SEO plugin. -->","yoast_head_json":{"title":"Sak za ribu i \u0161koljke - I\u017eanka Zadar | Va\u0161a Web trgovina","description":"Sak za ribu i \u0161koljke - Ribolovni pribor za \u010duvanje ulovljene ribe i \u0161koljaka. \u010cuvarica za ribu. Internet trgovina ribolovne opreme.","robots":{"index":"index","follow":"follow","max-snippet":"max-snippet:-1","max-image-preview":"max-image-preview:large","max-video-preview":"max-video-preview:-1"},"canonical":"https:\/\/izanka-zadar.hr\/en\/product\/sak-za-ribu-i-skoljke\/","og_locale":"en_GB","og_type":"article","og_title":"Sak za ribu i \u0161koljke - I\u017eanka Zadar | Va\u0161a Web trgovina","og_description":"Sak za ribu i \u0161koljke - Ribolovni pribor za \u010duvanje ulovljene ribe i \u0161koljaka. \u010cuvarica za ribu. Internet trgovina ribolovne opreme.","og_url":"https:\/\/izanka-zadar.hr\/en\/product\/sak-za-ribu-i-skoljke\/","og_site_name":"I\u017eanka Zadar","article_modified_time":"2025-09-05T20:29:00+00:00","og_image":[{"width":800,"height":800,"url":"https:\/\/izanka-zadar.hr\/wp-content\/uploads\/2025\/08\/sak-za-ribu-100cm-3-a.webp","type":"image\/webp"}],"twitter_card":"summary_large_image","twitter_misc":{"Estimated reading time":"1 minute"},"schema":{"@context":"https:\/\/schema.org","@graph":[{"@type":["WebPage","ItemPage"],"@id":"https:\/\/izanka-zadar.hr\/proizvod\/sak-za-ribu-i-skoljke\/","url":"https:\/\/izanka-zadar.hr\/proizvod\/sak-za-ribu-i-skoljke\/","name":"Sak za ribu i \u0161koljke - I\u017eanka Zadar | Va\u0161a Web trgovina","isPartOf":{"@id":"https:\/\/izanka-zadar.hr\/#website"},"primaryImageOfPage":{"@id":"https:\/\/izanka-zadar.hr\/proizvod\/sak-za-ribu-i-skoljke\/#primaryimage"},"image":{"@id":"https:\/\/izanka-zadar.hr\/proizvod\/sak-za-ribu-i-skoljke\/#primaryimage"},"thumbnailUrl":"https:\/\/izanka-zadar.hr\/wp-content\/uploads\/2025\/08\/sak-za-ribu-100cm-3-a.webp","datePublished":"2025-08-23T17:22:40+00:00","dateModified":"2025-09-05T20:29:00+00:00","description":"Sak za ribu i \u0161koljke - Ribolovni pribor za \u010duvanje ulovljene ribe i \u0161koljaka. \u010cuvarica za ribu. Internet trgovina ribolovne opreme.","breadcrumb":{"@id":"https:\/\/izanka-zadar.hr\/proizvod\/sak-za-ribu-i-skoljke\/#breadcrumb"},"inLanguage":"en-GB","potentialAction":[{"@type":"ReadAction","target":["https:\/\/izanka-zadar.hr\/proizvod\/sak-za-ribu-i-skoljke\/"]}]},{"@type":"ImageObject","inLanguage":"en-GB","@id":"https:\/\/izanka-zadar.hr\/proizvod\/sak-za-ribu-i-skoljke\/#primaryimage","url":"https:\/\/izanka-zadar.hr\/wp-content\/uploads\/2025\/08\/sak-za-ribu-100cm-3-a.webp","contentUrl":"https:\/\/izanka-zadar.hr\/wp-content\/uploads\/2025\/08\/sak-za-ribu-100cm-3-a.webp","width":800,"height":800,"caption":"sak-za-ribu"},{"@type":"BreadcrumbList","@id":"https:\/\/izanka-zadar.hr\/proizvod\/sak-za-ribu-i-skoljke\/#breadcrumb","itemListElement":[{"@type":"ListItem","position":1,"name":"Po\u010detna stranica","item":"https:\/\/izanka-zadar.hr\/"},{"@type":"ListItem","position":2,"name":"Shop","item":"https:\/\/izanka-zadar.hr\/shop\/"},{"@type":"ListItem","position":3,"name":"Sak za ribu i \u0161koljke"}]},{"@type":"WebSite","@id":"https:\/\/izanka-zadar.hr\/#website","url":"https:\/\/izanka-zadar.hr\/","name":"I\u017eanka Zadar","description":"Fishing Tradition","potentialAction":[{"@type":"SearchAction","target":{"@type":"EntryPoint","urlTemplate":"https:\/\/izanka-zadar.hr\/?s={search_term_string}"},"query-input":{"@type":"PropertyValueSpecification","valueRequired":true,"valueName":"search_term_string"}}],"inLanguage":"en-GB"}]}},"_links":{"self":[{"href":"https:\/\/izanka-zadar.hr\/en\/wp-json\/wp\/v2\/product\/7498","targetHints":{"allow":["GET"]}}],"collection":[{"href":"https:\/\/izanka-zadar.hr\/en\/wp-json\/wp\/v2\/product"}],"about":[{"href":"https:\/\/izanka-zadar.hr\/en\/wp-json\/wp\/v2\/types\/product"}],"replies":[{"embeddable":true,"href":"https:\/\/izanka-zadar.hr\/en\/wp-json\/wp\/v2\/comments?post=7498"}],"version-history":[{"count":0,"href":"https:\/\/izanka-zadar.hr\/en\/wp-json\/wp\/v2\/product\/7498\/revisions"}],"wp:featuredmedia":[{"embeddable":true,"href":"https:\/\/izanka-zadar.hr\/en\/wp-json\/wp\/v2\/media\/8297"}],"wp:attachment":[{"href":"https:\/\/izanka-zadar.hr\/en\/wp-json\/wp\/v2\/media?parent=7498"}],"wp:term":[{"taxonomy":"product_brand","embeddable":true,"href":"https:\/\/izanka-zadar.hr\/en\/wp-json\/wp\/v2\/product_brand?post=7498"},{"taxonomy":"product_cat","embeddable":true,"href":"https:\/\/izanka-zadar.hr\/en\/wp-json\/wp\/v2\/product_cat?post=7498"},{"taxonomy":"product_tag","embeddable":true,"href":"https:\/\/izanka-zadar.hr\/en\/wp-json\/wp\/v2\/product_tag?post=7498"}],"curies":[{"name":"wp","href":"https:\/\/api.w.org\/{rel}","templated":true}]}}