{"id":7506,"date":"2025-08-23T17:22:40","date_gmt":"2025-08-23T17:22:40","guid":{"rendered":"https:\/\/izanka-zadar.hr\/?post_type=product&#038;p=7506"},"modified":"2026-03-23T08:07:29","modified_gmt":"2026-03-23T08:07:29","slug":"tunjica","status":"publish","type":"product","link":"https:\/\/izanka-zadar.hr\/en\/product\/tunjica\/","title":{"rendered":"Kids Hand Line Fishing Set"},"content":{"rendered":"<h1><strong>Kids Hand Line Fishing Set - Traditional Fishing Tools for Beginners and Children<\/strong><\/h1>\n<p class=\"ds-markdown-paragraph translation-block\">This is a simple and traditional, yet extremely popular fishing tool, especially popular with beginners and children. As a <strong>traditional fishing tool made in Croatia<\/strong>, the <strong>Kids Hand Line Fishing Set<\/strong> provides the perfect introduction to the world of fishing, allowing for a fun and relaxed experience.<\/p>\n<h2 class=\"translation-block\"><strong>Why choose Kids Hand Line Fishing Set?<\/strong><\/h2>\n<p class=\"ds-markdown-paragraph translation-block\">It is <strong>ideal for beginners<\/strong> because it is easy to use while teaching basic fishing skills. Its <strong>simple construction<\/strong> makes it perfect for:<\/p>\n<ul>\n<li>\n<p class=\"ds-markdown-paragraph\"><strong>Fishing from the shore or from a boat<\/strong><\/p>\n<\/li>\n<li>\n<p class=\"ds-markdown-paragraph translation-block\"><strong>Catching smaller fish<\/strong><\/p>\n<\/li>\n<li>\n<p class=\"ds-markdown-paragraph\"><strong>Recreational fishing and family activities<\/strong><\/p>\n<\/li>\n<\/ul>\n<h3 class=\"translation-block\"><strong>Main Advantages of Kids Hand Line Fishing Set<\/strong><\/h3>\n<p class=\"ds-markdown-paragraph translation-block\"><strong>Various lengths (20m, 25m, 30m, 40m)<\/strong> \u2013 adaptable to different fishing conditions<br>\n<strong>Vibrant colors of the reel<\/strong> \u2013 improved visibility during use<br>\n<strong>Made in Croatia<\/strong> \u2013 high-quality and durable material<br>\n<strong>Suitable for all age groups<\/strong> \u2013 from children to adults<\/p>\n<h2><strong>How to use<\/strong><\/h2>\n<p class=\"ds-markdown-paragraph translation-block\">This traditional fishing equipment does not require any special skills:<\/p>\n<ol start=\"1\">\n<li>\n<p class=\"ds-markdown-paragraph\">Unroll the nylon to the desired length.<\/p>\n<\/li>\n<li>\n<p class=\"ds-markdown-paragraph\">Place a bait or lure and lower it into the sea.<\/p>\n<\/li>\n<li>\n<p class=\"ds-markdown-paragraph\">Wait for the fish to bite and gently pull it out.<\/p>\n<\/li>\n<\/ol>\n<h3><strong>Technical Specifications<\/strong><\/h3>\n<div><\/div>\n<div><\/div>\n<div class=\"markdown-table-wrapper\">\n<table>\n<thead>\n<tr>\n<th><strong>Characteristics<\/strong><\/th>\n<th><strong>Description<\/strong><\/th>\n<\/tr>\n<\/thead>\n<tbody>\n<tr>\n<td><strong>Material<\/strong><\/td>\n<td>Strong nylon, hook, lead and styrofoam reel<\/td>\n<\/tr>\n<tr>\n<td><strong>Weight<\/strong><\/td>\n<td>Lightweight, practical to carry<\/td>\n<\/tr>\n<tr>\n<td><strong>Purpose<\/strong><\/td>\n<td>Recreation, beginner fishing<\/td>\n<\/tr>\n<\/tbody>\n<\/table>\n<h3><strong>Try the Traditional Pleasure of Fishing!<\/strong><\/h3>\n<\/div>\n<p class=\"ds-markdown-paragraph translation-block\">If you are looking for a <strong>simple and fun way<\/strong> to get your kids involved in fishing or want to relax with the occasional catch, a Kids Hand Line Fishing Set is the perfect choice. If you want a bite indicator, check out our <a href=\"https:\/\/izanka-zadar.hr\/en\/proizvod\/tunjica-s-plovkom\/\" target=\"_blank\" rel=\"noopener\">Kids Hand Line Fishing Set with a float.<\/a> Do not leave children unattended when using the product, as the product contains sharp parts! Watch the following <a href=\"https:\/\/www.youtube.com\/watch?v=cemwViNNTeo\" target=\"_blank\" rel=\"noopener\"> video<\/a> to see what fishing with a Kids Hand Line Fishing Set looks like. <strong>Order yours today and discover the charm of traditional fishing!<\/strong><\/p>","protected":false},"excerpt":{"rendered":"<p>Tunjice &#8211; ribolovni pribor namjenjen djeci.<\/p>","protected":false},"featured_media":8345,"comment_status":"open","ping_status":"closed","template":"","meta":{"_acf_changed":false},"product_brand":[],"product_cat":[163],"product_tag":[404,378,405,406],"class_list":{"0":"post-7506","1":"product","2":"type-product","3":"status-publish","4":"has-post-thumbnail","6":"product_cat-tunjice","7":"product_tag-proizvedeno-u-hrvatskoj","8":"product_tag-ribolov-za-pocetnike","9":"product_tag-tradicionalani-ribolovni-alat","10":"product_tag-tunjica","12":"first","13":"instock","14":"taxable","15":"shipping-taxable","16":"purchasable","17":"product-type-variable"},"acf":[],"yoast_head":"<!-- This site is optimized with the Yoast SEO plugin v27.3 - https:\/\/yoast.com\/product\/yoast-seo-wordpress\/ -->\n<title>Tunjica - I\u017eanka Zadar | Posjetite na\u0161u Web stranicu<\/title>\n<meta name=\"description\" content=\"Tunjica je savr\u0161en ribolovni pribor za djecu i po\u010detnike. Razli\u010ditih du\u017eina i boja, idealna za lov manjih riba. Otkrij tradicionalni u\u017eitak ribolova!\" \/>\n<meta name=\"robots\" content=\"index, follow, max-snippet:-1, max-image-preview:large, max-video-preview:-1\" \/>\n<link rel=\"canonical\" href=\"https:\/\/izanka-zadar.hr\/en\/product\/tunjica\/\" \/>\n<meta property=\"og:locale\" content=\"en_GB\" \/>\n<meta property=\"og:type\" content=\"article\" \/>\n<meta property=\"og:title\" content=\"Tunjica - I\u017eanka Zadar | Posjetite na\u0161u Web stranicu\" \/>\n<meta property=\"og:description\" content=\"Tunjica je savr\u0161en ribolovni pribor za djecu i po\u010detnike. Razli\u010ditih du\u017eina i boja, idealna za lov manjih riba. Otkrij tradicionalni u\u017eitak ribolova!\" \/>\n<meta property=\"og:url\" content=\"https:\/\/izanka-zadar.hr\/en\/product\/tunjica\/\" \/>\n<meta property=\"og:site_name\" content=\"I\u017eanka Zadar\" \/>\n<meta property=\"article:modified_time\" content=\"2026-03-23T08:07:29+00:00\" \/>\n<meta property=\"og:image\" content=\"https:\/\/izanka-zadar.hr\/wp-content\/uploads\/2025\/08\/tunjica-25m-a.webp\" \/>\n\t<meta property=\"og:image:width\" content=\"800\" \/>\n\t<meta property=\"og:image:height\" content=\"800\" \/>\n\t<meta property=\"og:image:type\" content=\"image\/webp\" \/>\n<meta name=\"twitter:card\" content=\"summary_large_image\" \/>\n<meta name=\"twitter:label1\" content=\"Estimated reading time\" \/>\n\t<meta name=\"twitter:data1\" content=\"2 minutes\" \/>\n<script type=\"application\/ld+json\" class=\"yoast-schema-graph\">{\"@context\":\"https:\\\/\\\/schema.org\",\"@graph\":[{\"@type\":[\"WebPage\",\"ItemPage\"],\"@id\":\"https:\\\/\\\/izanka-zadar.hr\\\/proizvod\\\/tunjica\\\/\",\"url\":\"https:\\\/\\\/izanka-zadar.hr\\\/proizvod\\\/tunjica\\\/\",\"name\":\"Tunjica - I\u017eanka Zadar | Posjetite na\u0161u Web stranicu\",\"isPartOf\":{\"@id\":\"https:\\\/\\\/izanka-zadar.hr\\\/#website\"},\"primaryImageOfPage\":{\"@id\":\"https:\\\/\\\/izanka-zadar.hr\\\/proizvod\\\/tunjica\\\/#primaryimage\"},\"image\":{\"@id\":\"https:\\\/\\\/izanka-zadar.hr\\\/proizvod\\\/tunjica\\\/#primaryimage\"},\"thumbnailUrl\":\"https:\\\/\\\/izanka-zadar.hr\\\/wp-content\\\/uploads\\\/2025\\\/08\\\/tunjica-25m-a.webp\",\"datePublished\":\"2025-08-23T17:22:40+00:00\",\"dateModified\":\"2026-03-23T08:07:29+00:00\",\"description\":\"Tunjica je savr\u0161en ribolovni pribor za djecu i po\u010detnike. Razli\u010ditih du\u017eina i boja, idealna za lov manjih riba. Otkrij tradicionalni u\u017eitak ribolova!\",\"breadcrumb\":{\"@id\":\"https:\\\/\\\/izanka-zadar.hr\\\/proizvod\\\/tunjica\\\/#breadcrumb\"},\"inLanguage\":\"en-GB\",\"potentialAction\":[{\"@type\":\"ReadAction\",\"target\":[\"https:\\\/\\\/izanka-zadar.hr\\\/proizvod\\\/tunjica\\\/\"]}]},{\"@type\":\"ImageObject\",\"inLanguage\":\"en-GB\",\"@id\":\"https:\\\/\\\/izanka-zadar.hr\\\/proizvod\\\/tunjica\\\/#primaryimage\",\"url\":\"https:\\\/\\\/izanka-zadar.hr\\\/wp-content\\\/uploads\\\/2025\\\/08\\\/tunjica-25m-a.webp\",\"contentUrl\":\"https:\\\/\\\/izanka-zadar.hr\\\/wp-content\\\/uploads\\\/2025\\\/08\\\/tunjica-25m-a.webp\",\"width\":800,\"height\":800,\"caption\":\"tunjica-25m\"},{\"@type\":\"BreadcrumbList\",\"@id\":\"https:\\\/\\\/izanka-zadar.hr\\\/proizvod\\\/tunjica\\\/#breadcrumb\",\"itemListElement\":[{\"@type\":\"ListItem\",\"position\":1,\"name\":\"Po\u010detna stranica\",\"item\":\"https:\\\/\\\/izanka-zadar.hr\\\/\"},{\"@type\":\"ListItem\",\"position\":2,\"name\":\"Shop\",\"item\":\"https:\\\/\\\/izanka-zadar.hr\\\/shop\\\/\"},{\"@type\":\"ListItem\",\"position\":3,\"name\":\"Tunjica\"}]},{\"@type\":\"WebSite\",\"@id\":\"https:\\\/\\\/izanka-zadar.hr\\\/#website\",\"url\":\"https:\\\/\\\/izanka-zadar.hr\\\/\",\"name\":\"I\u017eanka Zadar\",\"description\":\"Tradicija ribolova\",\"potentialAction\":[{\"@type\":\"SearchAction\",\"target\":{\"@type\":\"EntryPoint\",\"urlTemplate\":\"https:\\\/\\\/izanka-zadar.hr\\\/?s={search_term_string}\"},\"query-input\":{\"@type\":\"PropertyValueSpecification\",\"valueRequired\":true,\"valueName\":\"search_term_string\"}}],\"inLanguage\":\"en-GB\"}]}<\/script>\n<!-- \/ Yoast SEO plugin. -->","yoast_head_json":{"title":"Tunjica - I\u017eanka Zadar | Posjetite na\u0161u Web stranicu","description":"Tunjica je savr\u0161en ribolovni pribor za djecu i po\u010detnike. Razli\u010ditih du\u017eina i boja, idealna za lov manjih riba. Otkrij tradicionalni u\u017eitak ribolova!","robots":{"index":"index","follow":"follow","max-snippet":"max-snippet:-1","max-image-preview":"max-image-preview:large","max-video-preview":"max-video-preview:-1"},"canonical":"https:\/\/izanka-zadar.hr\/en\/product\/tunjica\/","og_locale":"en_GB","og_type":"article","og_title":"Tunjica - I\u017eanka Zadar | Posjetite na\u0161u Web stranicu","og_description":"Tunjica je savr\u0161en ribolovni pribor za djecu i po\u010detnike. Razli\u010ditih du\u017eina i boja, idealna za lov manjih riba. Otkrij tradicionalni u\u017eitak ribolova!","og_url":"https:\/\/izanka-zadar.hr\/en\/product\/tunjica\/","og_site_name":"I\u017eanka Zadar","article_modified_time":"2026-03-23T08:07:29+00:00","og_image":[{"width":800,"height":800,"url":"https:\/\/izanka-zadar.hr\/wp-content\/uploads\/2025\/08\/tunjica-25m-a.webp","type":"image\/webp"}],"twitter_card":"summary_large_image","twitter_misc":{"Estimated reading time":"2 minutes"},"schema":{"@context":"https:\/\/schema.org","@graph":[{"@type":["WebPage","ItemPage"],"@id":"https:\/\/izanka-zadar.hr\/proizvod\/tunjica\/","url":"https:\/\/izanka-zadar.hr\/proizvod\/tunjica\/","name":"Tunjica - I\u017eanka Zadar | Posjetite na\u0161u Web stranicu","isPartOf":{"@id":"https:\/\/izanka-zadar.hr\/#website"},"primaryImageOfPage":{"@id":"https:\/\/izanka-zadar.hr\/proizvod\/tunjica\/#primaryimage"},"image":{"@id":"https:\/\/izanka-zadar.hr\/proizvod\/tunjica\/#primaryimage"},"thumbnailUrl":"https:\/\/izanka-zadar.hr\/wp-content\/uploads\/2025\/08\/tunjica-25m-a.webp","datePublished":"2025-08-23T17:22:40+00:00","dateModified":"2026-03-23T08:07:29+00:00","description":"Tunjica je savr\u0161en ribolovni pribor za djecu i po\u010detnike. Razli\u010ditih du\u017eina i boja, idealna za lov manjih riba. Otkrij tradicionalni u\u017eitak ribolova!","breadcrumb":{"@id":"https:\/\/izanka-zadar.hr\/proizvod\/tunjica\/#breadcrumb"},"inLanguage":"en-GB","potentialAction":[{"@type":"ReadAction","target":["https:\/\/izanka-zadar.hr\/proizvod\/tunjica\/"]}]},{"@type":"ImageObject","inLanguage":"en-GB","@id":"https:\/\/izanka-zadar.hr\/proizvod\/tunjica\/#primaryimage","url":"https:\/\/izanka-zadar.hr\/wp-content\/uploads\/2025\/08\/tunjica-25m-a.webp","contentUrl":"https:\/\/izanka-zadar.hr\/wp-content\/uploads\/2025\/08\/tunjica-25m-a.webp","width":800,"height":800,"caption":"tunjica-25m"},{"@type":"BreadcrumbList","@id":"https:\/\/izanka-zadar.hr\/proizvod\/tunjica\/#breadcrumb","itemListElement":[{"@type":"ListItem","position":1,"name":"Po\u010detna stranica","item":"https:\/\/izanka-zadar.hr\/"},{"@type":"ListItem","position":2,"name":"Shop","item":"https:\/\/izanka-zadar.hr\/shop\/"},{"@type":"ListItem","position":3,"name":"Tunjica"}]},{"@type":"WebSite","@id":"https:\/\/izanka-zadar.hr\/#website","url":"https:\/\/izanka-zadar.hr\/","name":"I\u017eanka Zadar","description":"Fishing Tradition","potentialAction":[{"@type":"SearchAction","target":{"@type":"EntryPoint","urlTemplate":"https:\/\/izanka-zadar.hr\/?s={search_term_string}"},"query-input":{"@type":"PropertyValueSpecification","valueRequired":true,"valueName":"search_term_string"}}],"inLanguage":"en-GB"}]}},"_links":{"self":[{"href":"https:\/\/izanka-zadar.hr\/en\/wp-json\/wp\/v2\/product\/7506","targetHints":{"allow":["GET"]}}],"collection":[{"href":"https:\/\/izanka-zadar.hr\/en\/wp-json\/wp\/v2\/product"}],"about":[{"href":"https:\/\/izanka-zadar.hr\/en\/wp-json\/wp\/v2\/types\/product"}],"replies":[{"embeddable":true,"href":"https:\/\/izanka-zadar.hr\/en\/wp-json\/wp\/v2\/comments?post=7506"}],"version-history":[{"count":1,"href":"https:\/\/izanka-zadar.hr\/en\/wp-json\/wp\/v2\/product\/7506\/revisions"}],"predecessor-version":[{"id":10832,"href":"https:\/\/izanka-zadar.hr\/en\/wp-json\/wp\/v2\/product\/7506\/revisions\/10832"}],"wp:featuredmedia":[{"embeddable":true,"href":"https:\/\/izanka-zadar.hr\/en\/wp-json\/wp\/v2\/media\/8345"}],"wp:attachment":[{"href":"https:\/\/izanka-zadar.hr\/en\/wp-json\/wp\/v2\/media?parent=7506"}],"wp:term":[{"taxonomy":"product_brand","embeddable":true,"href":"https:\/\/izanka-zadar.hr\/en\/wp-json\/wp\/v2\/product_brand?post=7506"},{"taxonomy":"product_cat","embeddable":true,"href":"https:\/\/izanka-zadar.hr\/en\/wp-json\/wp\/v2\/product_cat?post=7506"},{"taxonomy":"product_tag","embeddable":true,"href":"https:\/\/izanka-zadar.hr\/en\/wp-json\/wp\/v2\/product_tag?post=7506"}],"curies":[{"name":"wp","href":"https:\/\/api.w.org\/{rel}","templated":true}]}}