{"id":7514,"date":"2025-08-23T17:22:41","date_gmt":"2025-08-23T17:22:41","guid":{"rendered":"https:\/\/izanka-zadar.hr\/?post_type=product&#038;p=7514"},"modified":"2025-09-06T21:53:12","modified_gmt":"2025-09-06T21:53:12","slug":"voliga-mrezica-spurtila","status":"publish","type":"product","link":"https:\/\/izanka-zadar.hr\/en\/product\/voliga-mrezica-spurtila\/","title":{"rendered":"Landing Net"},"content":{"rendered":"<p>This landing net is a Croatian product that, due to its quality and durability, has a wide range of uses.<\/p>\n<p>It is ideal for children's entertainment. The variety of colors will cheer up any child, especially in the summer months.<\/p>\n<p>Fishermen like to use it on boats when collecting bait. It can be used to catch squid, cuttlefish, mullet, and smaller fish from the sea into the boat or onto the shore.<\/p>\n<p>Also, if you fall into the sea with any of your precious items (keys, glasses, cell phone, etc.), it will come in handy.<\/p>\n<p>70 cm long rod made of PVC, 22 cm diameter hoop made of 3 mm thick galvanized wire.<\/p>\n<p>The net is made of 100% polypropylene with a mesh diameter of 8 mm.<\/p>\n<p>The depth of the net is 23 cm. The total length is 92 cm.<\/p>\n<p>The nets are monochromatic and up to several color combinations.<\/p>","protected":false},"excerpt":{"rendered":"<p>Voliga, mre\u017eica, \u0161purtila &#8211; zabava za djecu, korisna i prakti\u010dna za odrasle!<\/p>","protected":false},"featured_media":8360,"comment_status":"open","ping_status":"closed","template":"","meta":{"_acf_changed":false},"product_brand":[],"product_cat":[191,117],"product_tag":[],"class_list":{"0":"post-7514","1":"product","2":"type-product","3":"status-publish","4":"has-post-thumbnail","6":"product_cat-ostalo","7":"product_cat-volige-mrezice-spurtila","9":"first","10":"instock","11":"taxable","12":"shipping-taxable","13":"purchasable","14":"product-type-variable"},"acf":[],"yoast_head":"<!-- This site is optimized with the Yoast SEO plugin v27.3 - https:\/\/yoast.com\/product\/yoast-seo-wordpress\/ -->\n<title>Voliga, mre\u017eica, \u0161purtila - I\u017eanka Zadar | izanka-zadar.hr<\/title>\n<meta name=\"description\" content=\"Voliga, mre\u017eica, \u0161purtila - skupljanje mamaca (je\u0161ke), za prihvat liganja, sipa, te manje ribe iz mora, \u010di\u0161\u010denje bazena. Internet trgovina ribolovne opreme.\" \/>\n<meta name=\"robots\" content=\"index, follow, max-snippet:-1, max-image-preview:large, max-video-preview:-1\" \/>\n<link rel=\"canonical\" href=\"https:\/\/izanka-zadar.hr\/en\/product\/voliga-mrezica-spurtila\/\" \/>\n<meta property=\"og:locale\" content=\"en_GB\" \/>\n<meta property=\"og:type\" content=\"article\" \/>\n<meta property=\"og:title\" content=\"Voliga, mre\u017eica, \u0161purtila - I\u017eanka Zadar | izanka-zadar.hr\" \/>\n<meta property=\"og:description\" content=\"Voliga, mre\u017eica, \u0161purtila - skupljanje mamaca (je\u0161ke), za prihvat liganja, sipa, te manje ribe iz mora, \u010di\u0161\u010denje bazena. Internet trgovina ribolovne opreme.\" \/>\n<meta property=\"og:url\" content=\"https:\/\/izanka-zadar.hr\/en\/product\/voliga-mrezica-spurtila\/\" \/>\n<meta property=\"og:site_name\" content=\"I\u017eanka Zadar\" \/>\n<meta property=\"article:modified_time\" content=\"2025-09-06T21:53:12+00:00\" \/>\n<meta property=\"og:image\" content=\"https:\/\/izanka-zadar.hr\/wp-content\/uploads\/2025\/08\/volige-mrezice-spurtil-a.webp\" \/>\n\t<meta property=\"og:image:width\" content=\"800\" \/>\n\t<meta property=\"og:image:height\" content=\"800\" \/>\n\t<meta property=\"og:image:type\" content=\"image\/webp\" \/>\n<meta name=\"twitter:card\" content=\"summary_large_image\" \/>\n<meta name=\"twitter:label1\" content=\"Estimated reading time\" \/>\n\t<meta name=\"twitter:data1\" content=\"1 minute\" \/>\n<script type=\"application\/ld+json\" class=\"yoast-schema-graph\">{\"@context\":\"https:\\\/\\\/schema.org\",\"@graph\":[{\"@type\":[\"WebPage\",\"ItemPage\"],\"@id\":\"https:\\\/\\\/izanka-zadar.hr\\\/proizvod\\\/voliga-mrezica-spurtila\\\/\",\"url\":\"https:\\\/\\\/izanka-zadar.hr\\\/proizvod\\\/voliga-mrezica-spurtila\\\/\",\"name\":\"Voliga, mre\u017eica, \u0161purtila - I\u017eanka Zadar | izanka-zadar.hr\",\"isPartOf\":{\"@id\":\"https:\\\/\\\/izanka-zadar.hr\\\/#website\"},\"primaryImageOfPage\":{\"@id\":\"https:\\\/\\\/izanka-zadar.hr\\\/proizvod\\\/voliga-mrezica-spurtila\\\/#primaryimage\"},\"image\":{\"@id\":\"https:\\\/\\\/izanka-zadar.hr\\\/proizvod\\\/voliga-mrezica-spurtila\\\/#primaryimage\"},\"thumbnailUrl\":\"https:\\\/\\\/izanka-zadar.hr\\\/wp-content\\\/uploads\\\/2025\\\/08\\\/volige-mrezice-spurtil-a.webp\",\"datePublished\":\"2025-08-23T17:22:41+00:00\",\"dateModified\":\"2025-09-06T21:53:12+00:00\",\"description\":\"Voliga, mre\u017eica, \u0161purtila - skupljanje mamaca (je\u0161ke), za prihvat liganja, sipa, te manje ribe iz mora, \u010di\u0161\u010denje bazena. Internet trgovina ribolovne opreme.\",\"breadcrumb\":{\"@id\":\"https:\\\/\\\/izanka-zadar.hr\\\/proizvod\\\/voliga-mrezica-spurtila\\\/#breadcrumb\"},\"inLanguage\":\"en-GB\",\"potentialAction\":[{\"@type\":\"ReadAction\",\"target\":[\"https:\\\/\\\/izanka-zadar.hr\\\/proizvod\\\/voliga-mrezica-spurtila\\\/\"]}]},{\"@type\":\"ImageObject\",\"inLanguage\":\"en-GB\",\"@id\":\"https:\\\/\\\/izanka-zadar.hr\\\/proizvod\\\/voliga-mrezica-spurtila\\\/#primaryimage\",\"url\":\"https:\\\/\\\/izanka-zadar.hr\\\/wp-content\\\/uploads\\\/2025\\\/08\\\/volige-mrezice-spurtil-a.webp\",\"contentUrl\":\"https:\\\/\\\/izanka-zadar.hr\\\/wp-content\\\/uploads\\\/2025\\\/08\\\/volige-mrezice-spurtil-a.webp\",\"width\":800,\"height\":800,\"caption\":\"Voliga, mre\u017eica, \u0161purtila\"},{\"@type\":\"BreadcrumbList\",\"@id\":\"https:\\\/\\\/izanka-zadar.hr\\\/proizvod\\\/voliga-mrezica-spurtila\\\/#breadcrumb\",\"itemListElement\":[{\"@type\":\"ListItem\",\"position\":1,\"name\":\"Po\u010detna stranica\",\"item\":\"https:\\\/\\\/izanka-zadar.hr\\\/\"},{\"@type\":\"ListItem\",\"position\":2,\"name\":\"Shop\",\"item\":\"https:\\\/\\\/izanka-zadar.hr\\\/shop\\\/\"},{\"@type\":\"ListItem\",\"position\":3,\"name\":\"Voliga, mre\u017eica, \u0161purtila\"}]},{\"@type\":\"WebSite\",\"@id\":\"https:\\\/\\\/izanka-zadar.hr\\\/#website\",\"url\":\"https:\\\/\\\/izanka-zadar.hr\\\/\",\"name\":\"I\u017eanka Zadar\",\"description\":\"Tradicija ribolova\",\"potentialAction\":[{\"@type\":\"SearchAction\",\"target\":{\"@type\":\"EntryPoint\",\"urlTemplate\":\"https:\\\/\\\/izanka-zadar.hr\\\/?s={search_term_string}\"},\"query-input\":{\"@type\":\"PropertyValueSpecification\",\"valueRequired\":true,\"valueName\":\"search_term_string\"}}],\"inLanguage\":\"en-GB\"}]}<\/script>\n<!-- \/ Yoast SEO plugin. -->","yoast_head_json":{"title":"Voliga, mre\u017eica, \u0161purtila - I\u017eanka Zadar | izanka-zadar.hr","description":"Voliga, mre\u017eica, \u0161purtila - skupljanje mamaca (je\u0161ke), za prihvat liganja, sipa, te manje ribe iz mora, \u010di\u0161\u010denje bazena. Internet trgovina ribolovne opreme.","robots":{"index":"index","follow":"follow","max-snippet":"max-snippet:-1","max-image-preview":"max-image-preview:large","max-video-preview":"max-video-preview:-1"},"canonical":"https:\/\/izanka-zadar.hr\/en\/product\/voliga-mrezica-spurtila\/","og_locale":"en_GB","og_type":"article","og_title":"Voliga, mre\u017eica, \u0161purtila - I\u017eanka Zadar | izanka-zadar.hr","og_description":"Voliga, mre\u017eica, \u0161purtila - skupljanje mamaca (je\u0161ke), za prihvat liganja, sipa, te manje ribe iz mora, \u010di\u0161\u010denje bazena. Internet trgovina ribolovne opreme.","og_url":"https:\/\/izanka-zadar.hr\/en\/product\/voliga-mrezica-spurtila\/","og_site_name":"I\u017eanka Zadar","article_modified_time":"2025-09-06T21:53:12+00:00","og_image":[{"width":800,"height":800,"url":"https:\/\/izanka-zadar.hr\/wp-content\/uploads\/2025\/08\/volige-mrezice-spurtil-a.webp","type":"image\/webp"}],"twitter_card":"summary_large_image","twitter_misc":{"Estimated reading time":"1 minute"},"schema":{"@context":"https:\/\/schema.org","@graph":[{"@type":["WebPage","ItemPage"],"@id":"https:\/\/izanka-zadar.hr\/proizvod\/voliga-mrezica-spurtila\/","url":"https:\/\/izanka-zadar.hr\/proizvod\/voliga-mrezica-spurtila\/","name":"Voliga, mre\u017eica, \u0161purtila - I\u017eanka Zadar | izanka-zadar.hr","isPartOf":{"@id":"https:\/\/izanka-zadar.hr\/#website"},"primaryImageOfPage":{"@id":"https:\/\/izanka-zadar.hr\/proizvod\/voliga-mrezica-spurtila\/#primaryimage"},"image":{"@id":"https:\/\/izanka-zadar.hr\/proizvod\/voliga-mrezica-spurtila\/#primaryimage"},"thumbnailUrl":"https:\/\/izanka-zadar.hr\/wp-content\/uploads\/2025\/08\/volige-mrezice-spurtil-a.webp","datePublished":"2025-08-23T17:22:41+00:00","dateModified":"2025-09-06T21:53:12+00:00","description":"Voliga, mre\u017eica, \u0161purtila - skupljanje mamaca (je\u0161ke), za prihvat liganja, sipa, te manje ribe iz mora, \u010di\u0161\u010denje bazena. Internet trgovina ribolovne opreme.","breadcrumb":{"@id":"https:\/\/izanka-zadar.hr\/proizvod\/voliga-mrezica-spurtila\/#breadcrumb"},"inLanguage":"en-GB","potentialAction":[{"@type":"ReadAction","target":["https:\/\/izanka-zadar.hr\/proizvod\/voliga-mrezica-spurtila\/"]}]},{"@type":"ImageObject","inLanguage":"en-GB","@id":"https:\/\/izanka-zadar.hr\/proizvod\/voliga-mrezica-spurtila\/#primaryimage","url":"https:\/\/izanka-zadar.hr\/wp-content\/uploads\/2025\/08\/volige-mrezice-spurtil-a.webp","contentUrl":"https:\/\/izanka-zadar.hr\/wp-content\/uploads\/2025\/08\/volige-mrezice-spurtil-a.webp","width":800,"height":800,"caption":"Voliga, mre\u017eica, \u0161purtila"},{"@type":"BreadcrumbList","@id":"https:\/\/izanka-zadar.hr\/proizvod\/voliga-mrezica-spurtila\/#breadcrumb","itemListElement":[{"@type":"ListItem","position":1,"name":"Po\u010detna stranica","item":"https:\/\/izanka-zadar.hr\/"},{"@type":"ListItem","position":2,"name":"Shop","item":"https:\/\/izanka-zadar.hr\/shop\/"},{"@type":"ListItem","position":3,"name":"Voliga, mre\u017eica, \u0161purtila"}]},{"@type":"WebSite","@id":"https:\/\/izanka-zadar.hr\/#website","url":"https:\/\/izanka-zadar.hr\/","name":"I\u017eanka Zadar","description":"Fishing Tradition","potentialAction":[{"@type":"SearchAction","target":{"@type":"EntryPoint","urlTemplate":"https:\/\/izanka-zadar.hr\/?s={search_term_string}"},"query-input":{"@type":"PropertyValueSpecification","valueRequired":true,"valueName":"search_term_string"}}],"inLanguage":"en-GB"}]}},"_links":{"self":[{"href":"https:\/\/izanka-zadar.hr\/en\/wp-json\/wp\/v2\/product\/7514","targetHints":{"allow":["GET"]}}],"collection":[{"href":"https:\/\/izanka-zadar.hr\/en\/wp-json\/wp\/v2\/product"}],"about":[{"href":"https:\/\/izanka-zadar.hr\/en\/wp-json\/wp\/v2\/types\/product"}],"replies":[{"embeddable":true,"href":"https:\/\/izanka-zadar.hr\/en\/wp-json\/wp\/v2\/comments?post=7514"}],"version-history":[{"count":1,"href":"https:\/\/izanka-zadar.hr\/en\/wp-json\/wp\/v2\/product\/7514\/revisions"}],"predecessor-version":[{"id":10829,"href":"https:\/\/izanka-zadar.hr\/en\/wp-json\/wp\/v2\/product\/7514\/revisions\/10829"}],"wp:featuredmedia":[{"embeddable":true,"href":"https:\/\/izanka-zadar.hr\/en\/wp-json\/wp\/v2\/media\/8360"}],"wp:attachment":[{"href":"https:\/\/izanka-zadar.hr\/en\/wp-json\/wp\/v2\/media?parent=7514"}],"wp:term":[{"taxonomy":"product_brand","embeddable":true,"href":"https:\/\/izanka-zadar.hr\/en\/wp-json\/wp\/v2\/product_brand?post=7514"},{"taxonomy":"product_cat","embeddable":true,"href":"https:\/\/izanka-zadar.hr\/en\/wp-json\/wp\/v2\/product_cat?post=7514"},{"taxonomy":"product_tag","embeddable":true,"href":"https:\/\/izanka-zadar.hr\/en\/wp-json\/wp\/v2\/product_tag?post=7514"}],"curies":[{"name":"wp","href":"https:\/\/api.w.org\/{rel}","templated":true}]}}