{"id":7669,"date":"2025-08-23T17:23:22","date_gmt":"2025-08-23T17:23:22","guid":{"rendered":"https:\/\/izanka-zadar.hr\/?post_type=product&#038;p=7669"},"modified":"2026-03-16T08:34:40","modified_gmt":"2026-03-16T08:34:40","slug":"najlon-standard","status":"publish","type":"product","link":"https:\/\/izanka-zadar.hr\/en\/product\/najlon-standard\/","title":{"rendered":"Standard Nylon Fishing Line"},"content":{"rendered":"<p><strong>Standard Nylon Fishing Line \u2013 High-quality Fishing Nylon Made in Germany<\/strong><\/p>\n<p>This is a premium fishing nylon produced 100% in Germany, made of polyamide. It is available in sizes from 0.25 to 0.90 mm, which makes it adaptable to different fishing techniques and conditions. This nylon stands out for its excellent price-quality ratio and numerous characteristics that make it an ideal choice for all fishermen, including those engaged in sea fishing.<\/p>\n<hr \/>\n<h3><strong>Key Features<\/strong><\/h3>\n<ul>\n<li class=\"translation-block\"><strong>Production:<\/strong> 100% German production, which guarantees high quality and reliability.<\/li>\n<li class=\"translation-block\"><strong>Material:<\/strong> Made of polyamide, which ensures durability and performance.<\/li>\n<li class=\"translation-block\"><strong>Thickness:<\/strong> Available in dimensions from 0.25 to 0.90 mm.<\/li>\n<li class=\"translation-block\"><strong>Colors:<\/strong> Comes in multiple colors (white, green, blue, dark brown, light brown), allowing for adaptation to different fishing conditions.<\/li>\n<li class=\"translation-block\"><strong>Packaging:<\/strong>\u00a0Wound on spools that are interconnected, enabling the purchase of the required length.<\/li>\n<\/ul>\n<hr \/>\n<h3><strong>Advantages of Standard Nylon Fishing Line<\/strong><\/h3>\n<ul>\n<li class=\"translation-block\"><strong>Excellent quality:<\/strong>\u00a0Excellent price-quality ratio, making it an affordable and reliable choice.<\/li>\n<li class=\"translation-block\"><strong>Breaking strength:<\/strong>\u00a0Good ratio of thickness to breaking strength, which ensures reliability when hunting.<\/li>\n<li class=\"translation-block\"><strong>Knot strength:<\/strong>\u00a0High knot strength, which reduces the risk of breakage.<\/li>\n<li class=\"translation-block\"><strong>Abrasion resistance:<\/strong>\u00a0High abrasion resistance, which makes it suitable for sea fishing.<\/li>\n<li class=\"translation-block\"><strong>Abrasion resistance:<\/strong> High abrasion resistance, which makes it suitable for sea fishing.<\/li>\n<li class=\"translation-block\"><strong>Practical packaging:<\/strong> The spools are compact, interconnected and do not take up much space.<\/li>\n<\/ul>\n<hr \/>\n<h3><strong>Why choose Standard Nylon Fishing Line?<\/strong><\/h3>\n<ul>\n<li class=\"translation-block\"><strong>Reliability:<\/strong> German production and high-quality materials ensure long-term use.<\/li>\n<li class=\"translation-block\"><strong>Versatility:<\/strong> It is suitable for various fishing techniques, including sea fishing.<\/li>\n<li class=\"translation-block\"><strong>Affordability:<\/strong> Excellent price-quality ratio makes it a choice for all fishermen.<\/li>\n<li class=\"translation-block\"><strong>Usage:<\/strong> we use it in our production when making <a href=\"https:\/\/izanka-zadar.hr\/en\/proizvod\/tunjica-s-plovkom\/\" target=\"_blank\" rel=\"noopener\">kids hand line fishing sets<\/a>, <a href=\"https:\/\/izanka-zadar.hr\/en\/proizvod\/kanjara-kancanica\/\" target=\"_blank\" rel=\"noopener\">handline fishing rigs<\/a>, <a href=\"https:\/\/izanka-zadar.hr\/en\/proizvod\/lignjarica-tataki\/\" target=\"_blank\" rel=\"noopener\">squid fishing rig<\/a>, <a href=\"https:\/\/izanka-zadar.hr\/en\/proizvod\/samica-samolovka-za-ribolov-plosnata\/\" target=\"_blank\" rel=\"noopener\">bottom fishing rigs<\/a>,<a href=\"https:\/\/izanka-zadar.hr\/en\/proizvod\/panula-za-brancina-sa-silikonskom-varalicom\/\" target=\"_blank\" rel=\"noopener\"> trolling rigs<\/a>, <a href=\"https:\/\/izanka-zadar.hr\/en\/product\/parangal-najlon\/\" target=\"_blank\" rel=\"noopener\">longlines<\/a> etc.<\/li>\n<li class=\"translation-block\"><strong>Origin:<\/strong> Read more about the origin of this synthetic material at <a href=\"https:\/\/hr.wikipedia.org\/wiki\/Nylon\" target=\"_blank\" rel=\"noopener\">link<\/a><\/li>\n<\/ul>\n<hr \/>\n<h3><strong>Usage tips<\/strong><\/h3>\n<ul>\n<li class=\"translation-block\"><strong>Choosing thickness:<\/strong>\u00a0Adjust the thickness of the nylon to the type of fish you are catching and the fishing conditions.<\/li>\n<li class=\"translation-block\"><strong>Spool Tying:<\/strong>\u00a0Purchase multiple spools strung together to get the length of nylon you need.<\/li>\n<li class=\"translation-block\"><strong>Storage:<\/strong>\u00a0Thanks to the compact packaging, the reels are easy to store in a fishing bag or box.<\/li>\n<li class=\"translation-block\"><strong>Maintenance:<\/strong>\u00a0After fishing, clean nylon of salt and dirt to extend its life.<\/li>\n<\/ul>","protected":false},"excerpt":{"rendered":"<p>Standard najlon<\/p>","protected":false},"featured_media":8294,"comment_status":"open","ping_status":"closed","template":"","meta":{"_acf_changed":false},"product_brand":[],"product_cat":[518,191],"product_tag":[427,428,429,430,431],"class_list":{"0":"post-7669","1":"product","2":"type-product","3":"status-publish","4":"has-post-thumbnail","6":"product_cat-najlon-standard","7":"product_cat-ostalo","8":"product_tag-najlon","9":"product_tag-najlon-za-morski-ribolov","10":"product_tag-najlon-za-ribolovce","11":"product_tag-ribolovni-najlon","12":"product_tag-visokokvalitetni-najlon","14":"first","15":"instock","16":"taxable","17":"shipping-taxable","18":"purchasable","19":"product-type-variable"},"acf":[],"yoast_head":"<!-- This site is optimized with the Yoast SEO plugin v27.3 - https:\/\/yoast.com\/product\/yoast-seo-wordpress\/ -->\n<title>Najlon Standard - I\u017eanka Zadar | izanka-zadar.hr | naru\u010di online<\/title>\n<meta name=\"description\" content=\"Najlon Standard - Podatan za rukovanje, meki najlon, razne boje i debljine. Koristi se pri izradi ribolovnih alata kao \u0161to su tunjice, kanjare, samice itd.\" \/>\n<meta name=\"robots\" content=\"index, follow, max-snippet:-1, max-image-preview:large, max-video-preview:-1\" \/>\n<link rel=\"canonical\" href=\"https:\/\/izanka-zadar.hr\/en\/product\/najlon-standard\/\" \/>\n<meta property=\"og:locale\" content=\"en_GB\" \/>\n<meta property=\"og:type\" content=\"article\" \/>\n<meta property=\"og:title\" content=\"Najlon Standard - I\u017eanka Zadar | izanka-zadar.hr | naru\u010di online\" \/>\n<meta property=\"og:description\" content=\"Najlon Standard - Podatan za rukovanje, meki najlon, razne boje i debljine. Koristi se pri izradi ribolovnih alata kao \u0161to su tunjice, kanjare, samice itd.\" \/>\n<meta property=\"og:url\" content=\"https:\/\/izanka-zadar.hr\/en\/product\/najlon-standard\/\" \/>\n<meta property=\"og:site_name\" content=\"I\u017eanka Zadar\" \/>\n<meta property=\"article:modified_time\" content=\"2026-03-16T08:34:40+00:00\" \/>\n<meta property=\"og:image\" content=\"https:\/\/izanka-zadar.hr\/wp-content\/uploads\/2025\/08\/najlon-standard-a.webp\" \/>\n\t<meta property=\"og:image:width\" content=\"800\" \/>\n\t<meta property=\"og:image:height\" content=\"800\" \/>\n\t<meta property=\"og:image:type\" content=\"image\/webp\" \/>\n<meta name=\"twitter:card\" content=\"summary_large_image\" \/>\n<meta name=\"twitter:label1\" content=\"Estimated reading time\" \/>\n\t<meta name=\"twitter:data1\" content=\"2 minutes\" \/>\n<script type=\"application\/ld+json\" class=\"yoast-schema-graph\">{\"@context\":\"https:\\\/\\\/schema.org\",\"@graph\":[{\"@type\":[\"WebPage\",\"ItemPage\"],\"@id\":\"https:\\\/\\\/izanka-zadar.hr\\\/proizvod\\\/najlon-standard\\\/\",\"url\":\"https:\\\/\\\/izanka-zadar.hr\\\/proizvod\\\/najlon-standard\\\/\",\"name\":\"Najlon Standard - I\u017eanka Zadar | izanka-zadar.hr | naru\u010di online\",\"isPartOf\":{\"@id\":\"https:\\\/\\\/izanka-zadar.hr\\\/#website\"},\"primaryImageOfPage\":{\"@id\":\"https:\\\/\\\/izanka-zadar.hr\\\/proizvod\\\/najlon-standard\\\/#primaryimage\"},\"image\":{\"@id\":\"https:\\\/\\\/izanka-zadar.hr\\\/proizvod\\\/najlon-standard\\\/#primaryimage\"},\"thumbnailUrl\":\"https:\\\/\\\/izanka-zadar.hr\\\/wp-content\\\/uploads\\\/2025\\\/08\\\/najlon-standard-a.webp\",\"datePublished\":\"2025-08-23T17:23:22+00:00\",\"dateModified\":\"2026-03-16T08:34:40+00:00\",\"description\":\"Najlon Standard - Podatan za rukovanje, meki najlon, razne boje i debljine. Koristi se pri izradi ribolovnih alata kao \u0161to su tunjice, kanjare, samice itd.\",\"breadcrumb\":{\"@id\":\"https:\\\/\\\/izanka-zadar.hr\\\/proizvod\\\/najlon-standard\\\/#breadcrumb\"},\"inLanguage\":\"en-GB\",\"potentialAction\":[{\"@type\":\"ReadAction\",\"target\":[\"https:\\\/\\\/izanka-zadar.hr\\\/proizvod\\\/najlon-standard\\\/\"]}]},{\"@type\":\"ImageObject\",\"inLanguage\":\"en-GB\",\"@id\":\"https:\\\/\\\/izanka-zadar.hr\\\/proizvod\\\/najlon-standard\\\/#primaryimage\",\"url\":\"https:\\\/\\\/izanka-zadar.hr\\\/wp-content\\\/uploads\\\/2025\\\/08\\\/najlon-standard-a.webp\",\"contentUrl\":\"https:\\\/\\\/izanka-zadar.hr\\\/wp-content\\\/uploads\\\/2025\\\/08\\\/najlon-standard-a.webp\",\"width\":800,\"height\":800,\"caption\":\"Visokokvalitetni ribolovni najlon Najlon Standard, njema\u010dke proizvodnje, dostupan u razli\u010ditim debljinama i bojama, idealan za sve vrste ribolova, uklju\u010duju\u0107i morski ribolov.\"},{\"@type\":\"BreadcrumbList\",\"@id\":\"https:\\\/\\\/izanka-zadar.hr\\\/proizvod\\\/najlon-standard\\\/#breadcrumb\",\"itemListElement\":[{\"@type\":\"ListItem\",\"position\":1,\"name\":\"Po\u010detna stranica\",\"item\":\"https:\\\/\\\/izanka-zadar.hr\\\/\"},{\"@type\":\"ListItem\",\"position\":2,\"name\":\"Shop\",\"item\":\"https:\\\/\\\/izanka-zadar.hr\\\/shop\\\/\"},{\"@type\":\"ListItem\",\"position\":3,\"name\":\"Najlon Standard\"}]},{\"@type\":\"WebSite\",\"@id\":\"https:\\\/\\\/izanka-zadar.hr\\\/#website\",\"url\":\"https:\\\/\\\/izanka-zadar.hr\\\/\",\"name\":\"I\u017eanka Zadar\",\"description\":\"Tradicija ribolova\",\"potentialAction\":[{\"@type\":\"SearchAction\",\"target\":{\"@type\":\"EntryPoint\",\"urlTemplate\":\"https:\\\/\\\/izanka-zadar.hr\\\/?s={search_term_string}\"},\"query-input\":{\"@type\":\"PropertyValueSpecification\",\"valueRequired\":true,\"valueName\":\"search_term_string\"}}],\"inLanguage\":\"en-GB\"}]}<\/script>\n<!-- \/ Yoast SEO plugin. -->","yoast_head_json":{"title":"Najlon Standard - I\u017eanka Zadar | izanka-zadar.hr | naru\u010di online","description":"Najlon Standard - Podatan za rukovanje, meki najlon, razne boje i debljine. Koristi se pri izradi ribolovnih alata kao \u0161to su tunjice, kanjare, samice itd.","robots":{"index":"index","follow":"follow","max-snippet":"max-snippet:-1","max-image-preview":"max-image-preview:large","max-video-preview":"max-video-preview:-1"},"canonical":"https:\/\/izanka-zadar.hr\/en\/product\/najlon-standard\/","og_locale":"en_GB","og_type":"article","og_title":"Najlon Standard - I\u017eanka Zadar | izanka-zadar.hr | naru\u010di online","og_description":"Najlon Standard - Podatan za rukovanje, meki najlon, razne boje i debljine. Koristi se pri izradi ribolovnih alata kao \u0161to su tunjice, kanjare, samice itd.","og_url":"https:\/\/izanka-zadar.hr\/en\/product\/najlon-standard\/","og_site_name":"I\u017eanka Zadar","article_modified_time":"2026-03-16T08:34:40+00:00","og_image":[{"width":800,"height":800,"url":"https:\/\/izanka-zadar.hr\/wp-content\/uploads\/2025\/08\/najlon-standard-a.webp","type":"image\/webp"}],"twitter_card":"summary_large_image","twitter_misc":{"Estimated reading time":"2 minutes"},"schema":{"@context":"https:\/\/schema.org","@graph":[{"@type":["WebPage","ItemPage"],"@id":"https:\/\/izanka-zadar.hr\/proizvod\/najlon-standard\/","url":"https:\/\/izanka-zadar.hr\/proizvod\/najlon-standard\/","name":"Najlon Standard - I\u017eanka Zadar | izanka-zadar.hr | naru\u010di online","isPartOf":{"@id":"https:\/\/izanka-zadar.hr\/#website"},"primaryImageOfPage":{"@id":"https:\/\/izanka-zadar.hr\/proizvod\/najlon-standard\/#primaryimage"},"image":{"@id":"https:\/\/izanka-zadar.hr\/proizvod\/najlon-standard\/#primaryimage"},"thumbnailUrl":"https:\/\/izanka-zadar.hr\/wp-content\/uploads\/2025\/08\/najlon-standard-a.webp","datePublished":"2025-08-23T17:23:22+00:00","dateModified":"2026-03-16T08:34:40+00:00","description":"Najlon Standard - Podatan za rukovanje, meki najlon, razne boje i debljine. Koristi se pri izradi ribolovnih alata kao \u0161to su tunjice, kanjare, samice itd.","breadcrumb":{"@id":"https:\/\/izanka-zadar.hr\/proizvod\/najlon-standard\/#breadcrumb"},"inLanguage":"en-GB","potentialAction":[{"@type":"ReadAction","target":["https:\/\/izanka-zadar.hr\/proizvod\/najlon-standard\/"]}]},{"@type":"ImageObject","inLanguage":"en-GB","@id":"https:\/\/izanka-zadar.hr\/proizvod\/najlon-standard\/#primaryimage","url":"https:\/\/izanka-zadar.hr\/wp-content\/uploads\/2025\/08\/najlon-standard-a.webp","contentUrl":"https:\/\/izanka-zadar.hr\/wp-content\/uploads\/2025\/08\/najlon-standard-a.webp","width":800,"height":800,"caption":"Visokokvalitetni ribolovni najlon Najlon Standard, njema\u010dke proizvodnje, dostupan u razli\u010ditim debljinama i bojama, idealan za sve vrste ribolova, uklju\u010duju\u0107i morski ribolov."},{"@type":"BreadcrumbList","@id":"https:\/\/izanka-zadar.hr\/proizvod\/najlon-standard\/#breadcrumb","itemListElement":[{"@type":"ListItem","position":1,"name":"Po\u010detna stranica","item":"https:\/\/izanka-zadar.hr\/"},{"@type":"ListItem","position":2,"name":"Shop","item":"https:\/\/izanka-zadar.hr\/shop\/"},{"@type":"ListItem","position":3,"name":"Najlon Standard"}]},{"@type":"WebSite","@id":"https:\/\/izanka-zadar.hr\/#website","url":"https:\/\/izanka-zadar.hr\/","name":"I\u017eanka Zadar","description":"Fishing Tradition","potentialAction":[{"@type":"SearchAction","target":{"@type":"EntryPoint","urlTemplate":"https:\/\/izanka-zadar.hr\/?s={search_term_string}"},"query-input":{"@type":"PropertyValueSpecification","valueRequired":true,"valueName":"search_term_string"}}],"inLanguage":"en-GB"}]}},"_links":{"self":[{"href":"https:\/\/izanka-zadar.hr\/en\/wp-json\/wp\/v2\/product\/7669","targetHints":{"allow":["GET"]}}],"collection":[{"href":"https:\/\/izanka-zadar.hr\/en\/wp-json\/wp\/v2\/product"}],"about":[{"href":"https:\/\/izanka-zadar.hr\/en\/wp-json\/wp\/v2\/types\/product"}],"replies":[{"embeddable":true,"href":"https:\/\/izanka-zadar.hr\/en\/wp-json\/wp\/v2\/comments?post=7669"}],"version-history":[{"count":3,"href":"https:\/\/izanka-zadar.hr\/en\/wp-json\/wp\/v2\/product\/7669\/revisions"}],"predecessor-version":[{"id":11084,"href":"https:\/\/izanka-zadar.hr\/en\/wp-json\/wp\/v2\/product\/7669\/revisions\/11084"}],"wp:featuredmedia":[{"embeddable":true,"href":"https:\/\/izanka-zadar.hr\/en\/wp-json\/wp\/v2\/media\/8294"}],"wp:attachment":[{"href":"https:\/\/izanka-zadar.hr\/en\/wp-json\/wp\/v2\/media?parent=7669"}],"wp:term":[{"taxonomy":"product_brand","embeddable":true,"href":"https:\/\/izanka-zadar.hr\/en\/wp-json\/wp\/v2\/product_brand?post=7669"},{"taxonomy":"product_cat","embeddable":true,"href":"https:\/\/izanka-zadar.hr\/en\/wp-json\/wp\/v2\/product_cat?post=7669"},{"taxonomy":"product_tag","embeddable":true,"href":"https:\/\/izanka-zadar.hr\/en\/wp-json\/wp\/v2\/product_tag?post=7669"}],"curies":[{"name":"wp","href":"https:\/\/api.w.org\/{rel}","templated":true}]}}