{"id":7870,"date":"2025-08-23T17:24:45","date_gmt":"2025-08-23T17:24:45","guid":{"rendered":"https:\/\/izanka-zadar.hr\/?post_type=product&#038;p=7870"},"modified":"2026-05-02T13:42:36","modified_gmt":"2026-05-02T13:42:36","slug":"panula-za-zubaca-travasa","status":"publish","type":"product","link":"https:\/\/izanka-zadar.hr\/en\/product\/panula-za-zubaca-travasa\/","title":{"rendered":"Common Dentex Trolling Rig"},"content":{"rendered":"<p><strong>Common Dentex (Grasseater) Trolling Rig \u2013 perfect equipment for fishing in shallow seas<\/strong><\/p>\n<p class=\"translation-block\">This is an ideal choice for fishermen who like to fish in shallow waters. Common dentex live in areas covered with <strong>seagrass (Posidonia oceanica)<\/strong> and <strong>rocky bottoms<\/strong>, at depths of <strong>7 to 9 meters<\/strong>. This smaller genus of dentex (weighing 300\u2013400 g, rarely up to 1 kg) is most active during the <strong>summer months<\/strong>, making it a perfect target for fishermen.<\/p>\n<h4><strong>Key features:<\/strong><\/h4>\n<ul>\n<li class=\"translation-block\"><strong>I\u017e reel with hand hole<\/strong>: Specially designed for easy unwinding and winding of nylon, provides precision and control when hunting.<\/li>\n<li class=\"translation-block\"><strong>Optimal sinker arrangement<\/strong>: Ensures even weight distribution, making the panel stable and efficient.<\/li>\n<li class=\"translation-block\"><strong>Quality lures<\/strong>: We use exclusively <strong>Rapala<\/strong> brand lures, known for their durability and efficiency.<\/li>\n<\/ul>\n<h4><strong>Technical specifications:<\/strong><\/h4>\n<ul>\n<li><strong>Weight<\/strong>: 105 g<\/li>\n<li class=\"translation-block\"><strong>Length<\/strong>: 60 m<\/li>\n<li class=\"translation-block\"><strong>Base<\/strong>: 0.60 mm (50 m)<\/li>\n<li class=\"translation-block\"><strong>Rig<\/strong>: 0.40 mm fluorocarbon (10 m)<\/li>\n<li class=\"translation-block\"><strong>Hunting depth<\/strong>: 7\u20139 meters<\/li>\n<li class=\"translation-block\"><strong>Recommended boat speed<\/strong>: 1.5\u20132 knots<\/li>\n<\/ul>\n<h4><strong>How to us Common Dentex (Grasseater) Trolling Rig?<\/strong><\/h4>\n<ol start=\"1\">\n<li class=\"translation-block\"><strong>Choose the right spot<\/strong>: Grass wrasse inhabits areas covered with seagrass and along rocky shores. Look for shallows with a depth of 7 to 9 meters.<\/li>\n<li class=\"translation-block\"><strong>Set up your lures<\/strong>: Use artificial lures <strong>7\u201312 cm<\/strong> in length. Best results are achieved during the summer months.<\/li>\n<li class=\"translation-block\"><strong>Control the boat speed<\/strong>: The optimal boat speed for catching common dentex is <strong>1.5\u20132 knots<\/strong>.<\/li>\n<\/ol>\n<h4><strong>Why choose this trolling rig?<\/strong><\/h4>\n<ul>\n<li class=\"translation-block\"><strong>Precision and control<\/strong>: Thanks to the optimal layout of sinkers and the solid <a href=\"https:\/\/izanka-zadar.hr\/en\/testing5\/product\/motavilo-tunja-iz-s-ruckom\/\" target=\"_blank\" rel=\"noopener\">line reel,<\/a> trolling rig provides excellent control when hunting.<\/li>\n<li class=\"translation-block\"><strong>Quality components<\/strong>: <a href=\"https:\/\/www.rapala.com\/us_en\/rapala\" target=\"_blank\" rel=\"noopener\">Rapala<\/a> lures and fluorocarbon leaders ensure high durability and reliability.<\/li>\n<li class=\"translation-block\"><strong>Perfect for shallow seas<\/strong>: Specially designed for fishing in shallow seas, where common dentex can be found.<\/li>\n<\/ul>\n<h4><strong>More information about hunting for common dentex<\/strong><\/h4>\n<p class=\"translation-block\">If you would like to learn more about fishing techniques for common dentex, visit our <a href=\"https:\/\/izanka-zadar.hr\/en\/panula-savrsen-izbor-za-profesionalce-i-pocetnike\/\" target=\"_blank\" rel=\"noopener\">blog<\/a> for useful tips.<\/p>","protected":false},"excerpt":{"rendered":"<p>Common Dentex Trolling Rig<\/p>","protected":false},"featured_media":8319,"comment_status":"open","ping_status":"closed","template":"","meta":{"_acf_changed":false},"product_brand":[],"product_cat":[508,120],"product_tag":[415,474,475],"class_list":{"0":"post-7870","1":"product","2":"type-product","3":"status-publish","4":"has-post-thumbnail","6":"product_cat-panula-za-zubaca-travasa","7":"product_cat-panule","8":"product_tag-motavilo-iz","9":"product_tag-panula-za-zubaca-travasa","10":"product_tag-varalica-rapala","12":"first","13":"instock","14":"taxable","15":"shipping-taxable","16":"purchasable","17":"product-type-variable"},"acf":[],"yoast_head":"<!-- This site is optimized with the Yoast SEO plugin v27.5 - https:\/\/yoast.com\/product\/yoast-seo-wordpress\/ -->\n<title>Panula za zubaca trava\u0161a - I\u017eanka Zadar<\/title>\n<meta name=\"description\" content=\"Panula za zubaca trava\u0161a - Uklju\u010duje motavilo I\u017e, varalice Rapala i fluorocarbon predvez. Idealno za dubine od 7-9 m. Naru\u010dite svoj set danas!\" \/>\n<meta name=\"robots\" content=\"index, follow, max-snippet:-1, max-image-preview:large, max-video-preview:-1\" \/>\n<link rel=\"canonical\" href=\"https:\/\/izanka-zadar.hr\/en\/product\/panula-za-zubaca-travasa\/\" \/>\n<meta property=\"og:locale\" content=\"en_GB\" \/>\n<meta property=\"og:type\" content=\"article\" \/>\n<meta property=\"og:title\" content=\"Panula za zubaca trava\u0161a - I\u017eanka Zadar\" \/>\n<meta property=\"og:description\" content=\"Panula za zubaca trava\u0161a - Uklju\u010duje motavilo I\u017e, varalice Rapala i fluorocarbon predvez. Idealno za dubine od 7-9 m. Naru\u010dite svoj set danas!\" \/>\n<meta property=\"og:url\" content=\"https:\/\/izanka-zadar.hr\/en\/product\/panula-za-zubaca-travasa\/\" \/>\n<meta property=\"og:site_name\" content=\"I\u017eanka Zadar\" \/>\n<meta property=\"article:modified_time\" content=\"2026-05-02T13:42:36+00:00\" \/>\n<meta property=\"og:image\" content=\"https:\/\/izanka-zadar.hr\/wp-content\/uploads\/2025\/08\/Panula_zubatac_travas-a.webp\" \/>\n\t<meta property=\"og:image:width\" content=\"800\" \/>\n\t<meta property=\"og:image:height\" content=\"800\" \/>\n\t<meta property=\"og:image:type\" content=\"image\/webp\" \/>\n<meta name=\"twitter:card\" content=\"summary_large_image\" \/>\n<meta name=\"twitter:label1\" content=\"Estimated reading time\" \/>\n\t<meta name=\"twitter:data1\" content=\"2 minutes\" \/>\n<script type=\"application\/ld+json\" class=\"yoast-schema-graph\">{\"@context\":\"https:\\\/\\\/schema.org\",\"@graph\":[{\"@type\":[\"WebPage\",\"ItemPage\"],\"@id\":\"https:\\\/\\\/izanka-zadar.hr\\\/proizvod\\\/panula-za-zubaca-travasa\\\/\",\"url\":\"https:\\\/\\\/izanka-zadar.hr\\\/proizvod\\\/panula-za-zubaca-travasa\\\/\",\"name\":\"Panula za zubaca trava\u0161a - I\u017eanka Zadar\",\"isPartOf\":{\"@id\":\"https:\\\/\\\/izanka-zadar.hr\\\/#website\"},\"primaryImageOfPage\":{\"@id\":\"https:\\\/\\\/izanka-zadar.hr\\\/proizvod\\\/panula-za-zubaca-travasa\\\/#primaryimage\"},\"image\":{\"@id\":\"https:\\\/\\\/izanka-zadar.hr\\\/proizvod\\\/panula-za-zubaca-travasa\\\/#primaryimage\"},\"thumbnailUrl\":\"https:\\\/\\\/izanka-zadar.hr\\\/wp-content\\\/uploads\\\/2025\\\/08\\\/Panula_zubatac_travas-a.webp\",\"datePublished\":\"2025-08-23T17:24:45+00:00\",\"dateModified\":\"2026-05-02T13:42:36+00:00\",\"description\":\"Panula za zubaca trava\u0161a - Uklju\u010duje motavilo I\u017e, varalice Rapala i fluorocarbon predvez. Idealno za dubine od 7-9 m. Naru\u010dite svoj set danas!\",\"breadcrumb\":{\"@id\":\"https:\\\/\\\/izanka-zadar.hr\\\/proizvod\\\/panula-za-zubaca-travasa\\\/#breadcrumb\"},\"inLanguage\":\"en-GB\",\"potentialAction\":[{\"@type\":\"ReadAction\",\"target\":[\"https:\\\/\\\/izanka-zadar.hr\\\/proizvod\\\/panula-za-zubaca-travasa\\\/\"]}]},{\"@type\":\"ImageObject\",\"inLanguage\":\"en-GB\",\"@id\":\"https:\\\/\\\/izanka-zadar.hr\\\/proizvod\\\/panula-za-zubaca-travasa\\\/#primaryimage\",\"url\":\"https:\\\/\\\/izanka-zadar.hr\\\/wp-content\\\/uploads\\\/2025\\\/08\\\/Panula_zubatac_travas-a.webp\",\"contentUrl\":\"https:\\\/\\\/izanka-zadar.hr\\\/wp-content\\\/uploads\\\/2025\\\/08\\\/Panula_zubatac_travas-a.webp\",\"width\":800,\"height\":800,\"caption\":\"Panula za zubaca trava\u0161a: Crveno motavilo s ru\u010dkom za lak\u0161e dr\u017eanje, opremljeno varalicom Rapala, flourocarbon predvezom, najlonom 0,60mm. Idealno za lov na zubaca trava\u0161a s broda u pokretu.\"},{\"@type\":\"BreadcrumbList\",\"@id\":\"https:\\\/\\\/izanka-zadar.hr\\\/proizvod\\\/panula-za-zubaca-travasa\\\/#breadcrumb\",\"itemListElement\":[{\"@type\":\"ListItem\",\"position\":1,\"name\":\"Po\u010detna stranica\",\"item\":\"https:\\\/\\\/izanka-zadar.hr\\\/\"},{\"@type\":\"ListItem\",\"position\":2,\"name\":\"Shop\",\"item\":\"https:\\\/\\\/izanka-zadar.hr\\\/shop\\\/\"},{\"@type\":\"ListItem\",\"position\":3,\"name\":\"Panula za zubaca trava\u0161a\"}]},{\"@type\":\"WebSite\",\"@id\":\"https:\\\/\\\/izanka-zadar.hr\\\/#website\",\"url\":\"https:\\\/\\\/izanka-zadar.hr\\\/\",\"name\":\"I\u017eanka Zadar\",\"description\":\"Tradicija ribolova\",\"potentialAction\":[{\"@type\":\"SearchAction\",\"target\":{\"@type\":\"EntryPoint\",\"urlTemplate\":\"https:\\\/\\\/izanka-zadar.hr\\\/?s={search_term_string}\"},\"query-input\":{\"@type\":\"PropertyValueSpecification\",\"valueRequired\":true,\"valueName\":\"search_term_string\"}}],\"inLanguage\":\"en-GB\"}]}<\/script>\n<!-- \/ Yoast SEO plugin. -->","yoast_head_json":{"title":"Panula za zubaca trava\u0161a - I\u017eanka Zadar","description":"Panula za zubaca trava\u0161a - Uklju\u010duje motavilo I\u017e, varalice Rapala i fluorocarbon predvez. Idealno za dubine od 7-9 m. Naru\u010dite svoj set danas!","robots":{"index":"index","follow":"follow","max-snippet":"max-snippet:-1","max-image-preview":"max-image-preview:large","max-video-preview":"max-video-preview:-1"},"canonical":"https:\/\/izanka-zadar.hr\/en\/product\/panula-za-zubaca-travasa\/","og_locale":"en_GB","og_type":"article","og_title":"Panula za zubaca trava\u0161a - I\u017eanka Zadar","og_description":"Panula za zubaca trava\u0161a - Uklju\u010duje motavilo I\u017e, varalice Rapala i fluorocarbon predvez. Idealno za dubine od 7-9 m. Naru\u010dite svoj set danas!","og_url":"https:\/\/izanka-zadar.hr\/en\/product\/panula-za-zubaca-travasa\/","og_site_name":"I\u017eanka Zadar","article_modified_time":"2026-05-02T13:42:36+00:00","og_image":[{"width":800,"height":800,"url":"https:\/\/izanka-zadar.hr\/wp-content\/uploads\/2025\/08\/Panula_zubatac_travas-a.webp","type":"image\/webp"}],"twitter_card":"summary_large_image","twitter_misc":{"Estimated reading time":"2 minutes"},"schema":{"@context":"https:\/\/schema.org","@graph":[{"@type":["WebPage","ItemPage"],"@id":"https:\/\/izanka-zadar.hr\/proizvod\/panula-za-zubaca-travasa\/","url":"https:\/\/izanka-zadar.hr\/proizvod\/panula-za-zubaca-travasa\/","name":"Panula za zubaca trava\u0161a - I\u017eanka Zadar","isPartOf":{"@id":"https:\/\/izanka-zadar.hr\/#website"},"primaryImageOfPage":{"@id":"https:\/\/izanka-zadar.hr\/proizvod\/panula-za-zubaca-travasa\/#primaryimage"},"image":{"@id":"https:\/\/izanka-zadar.hr\/proizvod\/panula-za-zubaca-travasa\/#primaryimage"},"thumbnailUrl":"https:\/\/izanka-zadar.hr\/wp-content\/uploads\/2025\/08\/Panula_zubatac_travas-a.webp","datePublished":"2025-08-23T17:24:45+00:00","dateModified":"2026-05-02T13:42:36+00:00","description":"Panula za zubaca trava\u0161a - Uklju\u010duje motavilo I\u017e, varalice Rapala i fluorocarbon predvez. Idealno za dubine od 7-9 m. Naru\u010dite svoj set danas!","breadcrumb":{"@id":"https:\/\/izanka-zadar.hr\/proizvod\/panula-za-zubaca-travasa\/#breadcrumb"},"inLanguage":"en-GB","potentialAction":[{"@type":"ReadAction","target":["https:\/\/izanka-zadar.hr\/proizvod\/panula-za-zubaca-travasa\/"]}]},{"@type":"ImageObject","inLanguage":"en-GB","@id":"https:\/\/izanka-zadar.hr\/proizvod\/panula-za-zubaca-travasa\/#primaryimage","url":"https:\/\/izanka-zadar.hr\/wp-content\/uploads\/2025\/08\/Panula_zubatac_travas-a.webp","contentUrl":"https:\/\/izanka-zadar.hr\/wp-content\/uploads\/2025\/08\/Panula_zubatac_travas-a.webp","width":800,"height":800,"caption":"Panula za zubaca trava\u0161a: Crveno motavilo s ru\u010dkom za lak\u0161e dr\u017eanje, opremljeno varalicom Rapala, flourocarbon predvezom, najlonom 0,60mm. Idealno za lov na zubaca trava\u0161a s broda u pokretu."},{"@type":"BreadcrumbList","@id":"https:\/\/izanka-zadar.hr\/proizvod\/panula-za-zubaca-travasa\/#breadcrumb","itemListElement":[{"@type":"ListItem","position":1,"name":"Po\u010detna stranica","item":"https:\/\/izanka-zadar.hr\/"},{"@type":"ListItem","position":2,"name":"Shop","item":"https:\/\/izanka-zadar.hr\/shop\/"},{"@type":"ListItem","position":3,"name":"Panula za zubaca trava\u0161a"}]},{"@type":"WebSite","@id":"https:\/\/izanka-zadar.hr\/#website","url":"https:\/\/izanka-zadar.hr\/","name":"I\u017eanka Zadar","description":"Fishing Tradition","potentialAction":[{"@type":"SearchAction","target":{"@type":"EntryPoint","urlTemplate":"https:\/\/izanka-zadar.hr\/?s={search_term_string}"},"query-input":{"@type":"PropertyValueSpecification","valueRequired":true,"valueName":"search_term_string"}}],"inLanguage":"en-GB"}]}},"_links":{"self":[{"href":"https:\/\/izanka-zadar.hr\/en\/wp-json\/wp\/v2\/product\/7870","targetHints":{"allow":["GET"]}}],"collection":[{"href":"https:\/\/izanka-zadar.hr\/en\/wp-json\/wp\/v2\/product"}],"about":[{"href":"https:\/\/izanka-zadar.hr\/en\/wp-json\/wp\/v2\/types\/product"}],"replies":[{"embeddable":true,"href":"https:\/\/izanka-zadar.hr\/en\/wp-json\/wp\/v2\/comments?post=7870"}],"version-history":[{"count":2,"href":"https:\/\/izanka-zadar.hr\/en\/wp-json\/wp\/v2\/product\/7870\/revisions"}],"predecessor-version":[{"id":10798,"href":"https:\/\/izanka-zadar.hr\/en\/wp-json\/wp\/v2\/product\/7870\/revisions\/10798"}],"wp:featuredmedia":[{"embeddable":true,"href":"https:\/\/izanka-zadar.hr\/en\/wp-json\/wp\/v2\/media\/8319"}],"wp:attachment":[{"href":"https:\/\/izanka-zadar.hr\/en\/wp-json\/wp\/v2\/media?parent=7870"}],"wp:term":[{"taxonomy":"product_brand","embeddable":true,"href":"https:\/\/izanka-zadar.hr\/en\/wp-json\/wp\/v2\/product_brand?post=7870"},{"taxonomy":"product_cat","embeddable":true,"href":"https:\/\/izanka-zadar.hr\/en\/wp-json\/wp\/v2\/product_cat?post=7870"},{"taxonomy":"product_tag","embeddable":true,"href":"https:\/\/izanka-zadar.hr\/en\/wp-json\/wp\/v2\/product_tag?post=7870"}],"curies":[{"name":"wp","href":"https:\/\/api.w.org\/{rel}","templated":true}]}}