{"id":7885,"date":"2025-08-23T17:24:46","date_gmt":"2025-08-23T17:24:46","guid":{"rendered":"https:\/\/izanka-zadar.hr\/?post_type=product&#038;p=7885"},"modified":"2025-11-23T14:38:56","modified_gmt":"2025-11-23T14:38:56","slug":"vodilica-za-vrh-stapa-keramicka","status":"publish","type":"product","link":"https:\/\/izanka-zadar.hr\/en\/product\/vodilica-za-vrh-stapa-keramicka\/","title":{"rendered":"Ceramic Roller Guide for Rod Tip"},"content":{"rendered":"<div class=\"_4f9bf79 _43c05b5\">\n<div class=\"ds-markdown ds-markdown--block\">\n<p><strong>Ceramic Roller Guide for Rod Tip \u2013 Stock Clearance!<\/strong><\/p>\n<p class=\"translation-block\"><strong>Standard ceramic guide<\/strong> \u2013 high quality workmanship for professional use.<\/p>\n<p><strong>Key features:<\/strong><\/p>\n<ul>\n<li class=\"translation-block\"><strong>Precision crafted<\/strong> \u2013 metal frame with ceramic insert<\/li>\n<li class=\"translation-block\"><strong>Optimal functionality<\/strong> \u2013 reduced nylon friction, long-term durability<\/li>\n<li class=\"translation-block\"><strong>Universal compatibility<\/strong> \u2013 adapted to most fishing rods<\/li>\n<\/ul>\n<p><strong>Convenience:<\/strong><\/p>\n<ul>\n<li class=\"translation-block\"><strong>Good price<\/strong> \u2013 limited quantity available<\/li>\n<\/ul>\n<p><strong>Application:<\/strong><\/p>\n<ul>\n<li>Ideal for monofilament and fluorocarbon lines<\/li>\n<li>Recommended for light and medium fishing rods<\/li>\n<\/ul>\n<p><strong>Available immediately - take advantage of this great opportunity.<\/strong><\/p>\n<p class=\"translation-block\">For additional information and orders, contact us, and read more about how you can change the guide yourself in our <a href=\"https:\/\/izanka-zadar.hr\/en\/zamjena-vodilica-na-teleskopskom-stapu-strucni-vodic\/\" target=\"_blank\" rel=\"noopener\">blog<\/a>. You can find videos on how to change them on <a href=\"https:\/\/www.youtube.com\/\" target=\"_blank\" rel=\"noopener\">YouTube.<\/a><\/p>\n<\/div>\n<div class=\"ds-flex\">\n<div class=\"ds-flex _965abe9\">\n<div class=\"ds-icon-button\" tabindex=\"0\">\n<div class=\"ds-icon\"><\/div>\n<\/div>\n<div class=\"ds-icon-button\" tabindex=\"0\">\n<div class=\"ds-icon\"><\/div>\n<\/div>\n<div class=\"ds-icon-button\" tabindex=\"0\">\n<div class=\"ds-icon\"><\/div>\n<\/div>\n<div class=\"ds-icon-button\" tabindex=\"0\">\n<div class=\"ds-icon\"><\/div>\n<\/div>\n<\/div>\n<div><\/div>\n<\/div>\n<\/div>\n<div class=\"_9663006\"><\/div>","protected":false},"excerpt":{"rendered":"<p>Zamjenske vodilice za vrh \u0161tapa<\/p>","protected":false},"featured_media":8301,"comment_status":"open","ping_status":"closed","template":"","meta":{"_acf_changed":false},"product_brand":[],"product_cat":[480],"product_tag":[481,482,483,484,485],"class_list":{"0":"post-7885","1":"product","2":"type-product","3":"status-publish","4":"has-post-thumbnail","6":"product_cat-rasprodaja","7":"product_tag-keramicka-vodilica","8":"product_tag-vodilica-za-stap","9":"product_tag-vodilica-za-vrh-stapa","10":"product_tag-vodilica-za-vrh-stapa-keramicka","11":"product_tag-zamjenske-vodilice","13":"first","14":"instock","15":"taxable","16":"shipping-taxable","17":"purchasable","18":"product-type-variable"},"acf":[],"yoast_head":"<!-- This site is optimized with the Yoast SEO plugin v27.3 - https:\/\/yoast.com\/product\/yoast-seo-wordpress\/ -->\n<title>Vodilica za Vrh \u0160tapa Kerami\u010dka - I\u017eanka Zadar<\/title>\n<meta name=\"description\" content=\"Vodilica za Vrh \u0160tapa Kerami\u010dka na rasprodaji! Metalni okvir, kerami\u010dki umetak. Dostupne u vi\u0161e veli\u010dina. Ograni\u010dena koli\u010dina \u2013 naru\u010dite odmah!&quot;\" \/>\n<meta name=\"robots\" content=\"index, follow, max-snippet:-1, max-image-preview:large, max-video-preview:-1\" \/>\n<link rel=\"canonical\" href=\"https:\/\/izanka-zadar.hr\/en\/product\/vodilica-za-vrh-stapa-keramicka\/\" \/>\n<meta property=\"og:locale\" content=\"en_GB\" \/>\n<meta property=\"og:type\" content=\"article\" \/>\n<meta property=\"og:title\" content=\"Vodilica za Vrh \u0160tapa Kerami\u010dka - I\u017eanka Zadar\" \/>\n<meta property=\"og:description\" content=\"Vodilica za Vrh \u0160tapa Kerami\u010dka na rasprodaji! Metalni okvir, kerami\u010dki umetak. Dostupne u vi\u0161e veli\u010dina. Ograni\u010dena koli\u010dina \u2013 naru\u010dite odmah!&quot;\" \/>\n<meta property=\"og:url\" content=\"https:\/\/izanka-zadar.hr\/en\/product\/vodilica-za-vrh-stapa-keramicka\/\" \/>\n<meta property=\"og:site_name\" content=\"I\u017eanka Zadar\" \/>\n<meta property=\"article:modified_time\" content=\"2025-11-23T14:38:56+00:00\" \/>\n<meta property=\"og:image\" content=\"https:\/\/izanka-zadar.hr\/wp-content\/uploads\/2025\/08\/Vodilica-za-stap-crvena-1a.webp\" \/>\n\t<meta property=\"og:image:width\" content=\"800\" \/>\n\t<meta property=\"og:image:height\" content=\"800\" \/>\n\t<meta property=\"og:image:type\" content=\"image\/webp\" \/>\n<meta name=\"twitter:card\" content=\"summary_large_image\" \/>\n<meta name=\"twitter:label1\" content=\"Estimated reading time\" \/>\n\t<meta name=\"twitter:data1\" content=\"1 minute\" \/>\n<script type=\"application\/ld+json\" class=\"yoast-schema-graph\">{\"@context\":\"https:\\\/\\\/schema.org\",\"@graph\":[{\"@type\":[\"WebPage\",\"ItemPage\"],\"@id\":\"https:\\\/\\\/izanka-zadar.hr\\\/proizvod\\\/vodilica-za-vrh-stapa-keramicka\\\/\",\"url\":\"https:\\\/\\\/izanka-zadar.hr\\\/proizvod\\\/vodilica-za-vrh-stapa-keramicka\\\/\",\"name\":\"Vodilica za Vrh \u0160tapa Kerami\u010dka - I\u017eanka Zadar\",\"isPartOf\":{\"@id\":\"https:\\\/\\\/izanka-zadar.hr\\\/#website\"},\"primaryImageOfPage\":{\"@id\":\"https:\\\/\\\/izanka-zadar.hr\\\/proizvod\\\/vodilica-za-vrh-stapa-keramicka\\\/#primaryimage\"},\"image\":{\"@id\":\"https:\\\/\\\/izanka-zadar.hr\\\/proizvod\\\/vodilica-za-vrh-stapa-keramicka\\\/#primaryimage\"},\"thumbnailUrl\":\"https:\\\/\\\/izanka-zadar.hr\\\/wp-content\\\/uploads\\\/2025\\\/08\\\/Vodilica-za-stap-crvena-1a.webp\",\"datePublished\":\"2025-08-23T17:24:46+00:00\",\"dateModified\":\"2025-11-23T14:38:56+00:00\",\"description\":\"Vodilica za Vrh \u0160tapa Kerami\u010dka na rasprodaji! Metalni okvir, kerami\u010dki umetak. Dostupne u vi\u0161e veli\u010dina. Ograni\u010dena koli\u010dina \u2013 naru\u010dite odmah!\\\"\",\"breadcrumb\":{\"@id\":\"https:\\\/\\\/izanka-zadar.hr\\\/proizvod\\\/vodilica-za-vrh-stapa-keramicka\\\/#breadcrumb\"},\"inLanguage\":\"en-GB\",\"potentialAction\":[{\"@type\":\"ReadAction\",\"target\":[\"https:\\\/\\\/izanka-zadar.hr\\\/proizvod\\\/vodilica-za-vrh-stapa-keramicka\\\/\"]}]},{\"@type\":\"ImageObject\",\"inLanguage\":\"en-GB\",\"@id\":\"https:\\\/\\\/izanka-zadar.hr\\\/proizvod\\\/vodilica-za-vrh-stapa-keramicka\\\/#primaryimage\",\"url\":\"https:\\\/\\\/izanka-zadar.hr\\\/wp-content\\\/uploads\\\/2025\\\/08\\\/Vodilica-za-stap-crvena-1a.webp\",\"contentUrl\":\"https:\\\/\\\/izanka-zadar.hr\\\/wp-content\\\/uploads\\\/2025\\\/08\\\/Vodilica-za-stap-crvena-1a.webp\",\"width\":800,\"height\":800,\"caption\":\"vodilica za teleskopski \u0161tap, u vi\u0161e dimenzija, kerami\u010dka s crvenim obrubom\"},{\"@type\":\"BreadcrumbList\",\"@id\":\"https:\\\/\\\/izanka-zadar.hr\\\/proizvod\\\/vodilica-za-vrh-stapa-keramicka\\\/#breadcrumb\",\"itemListElement\":[{\"@type\":\"ListItem\",\"position\":1,\"name\":\"Po\u010detna stranica\",\"item\":\"https:\\\/\\\/izanka-zadar.hr\\\/\"},{\"@type\":\"ListItem\",\"position\":2,\"name\":\"Shop\",\"item\":\"https:\\\/\\\/izanka-zadar.hr\\\/shop\\\/\"},{\"@type\":\"ListItem\",\"position\":3,\"name\":\"Vodilica za Vrh \u0160tapa Kerami\u010dka\"}]},{\"@type\":\"WebSite\",\"@id\":\"https:\\\/\\\/izanka-zadar.hr\\\/#website\",\"url\":\"https:\\\/\\\/izanka-zadar.hr\\\/\",\"name\":\"I\u017eanka Zadar\",\"description\":\"Tradicija ribolova\",\"potentialAction\":[{\"@type\":\"SearchAction\",\"target\":{\"@type\":\"EntryPoint\",\"urlTemplate\":\"https:\\\/\\\/izanka-zadar.hr\\\/?s={search_term_string}\"},\"query-input\":{\"@type\":\"PropertyValueSpecification\",\"valueRequired\":true,\"valueName\":\"search_term_string\"}}],\"inLanguage\":\"en-GB\"}]}<\/script>\n<!-- \/ Yoast SEO plugin. -->","yoast_head_json":{"title":"Vodilica za Vrh \u0160tapa Kerami\u010dka - I\u017eanka Zadar","description":"Vodilica za Vrh \u0160tapa Kerami\u010dka na rasprodaji! Metalni okvir, kerami\u010dki umetak. Dostupne u vi\u0161e veli\u010dina. Ograni\u010dena koli\u010dina \u2013 naru\u010dite odmah!\"","robots":{"index":"index","follow":"follow","max-snippet":"max-snippet:-1","max-image-preview":"max-image-preview:large","max-video-preview":"max-video-preview:-1"},"canonical":"https:\/\/izanka-zadar.hr\/en\/product\/vodilica-za-vrh-stapa-keramicka\/","og_locale":"en_GB","og_type":"article","og_title":"Vodilica za Vrh \u0160tapa Kerami\u010dka - I\u017eanka Zadar","og_description":"Vodilica za Vrh \u0160tapa Kerami\u010dka na rasprodaji! Metalni okvir, kerami\u010dki umetak. Dostupne u vi\u0161e veli\u010dina. Ograni\u010dena koli\u010dina \u2013 naru\u010dite odmah!\"","og_url":"https:\/\/izanka-zadar.hr\/en\/product\/vodilica-za-vrh-stapa-keramicka\/","og_site_name":"I\u017eanka Zadar","article_modified_time":"2025-11-23T14:38:56+00:00","og_image":[{"width":800,"height":800,"url":"https:\/\/izanka-zadar.hr\/wp-content\/uploads\/2025\/08\/Vodilica-za-stap-crvena-1a.webp","type":"image\/webp"}],"twitter_card":"summary_large_image","twitter_misc":{"Estimated reading time":"1 minute"},"schema":{"@context":"https:\/\/schema.org","@graph":[{"@type":["WebPage","ItemPage"],"@id":"https:\/\/izanka-zadar.hr\/proizvod\/vodilica-za-vrh-stapa-keramicka\/","url":"https:\/\/izanka-zadar.hr\/proizvod\/vodilica-za-vrh-stapa-keramicka\/","name":"Vodilica za Vrh \u0160tapa Kerami\u010dka - I\u017eanka Zadar","isPartOf":{"@id":"https:\/\/izanka-zadar.hr\/#website"},"primaryImageOfPage":{"@id":"https:\/\/izanka-zadar.hr\/proizvod\/vodilica-za-vrh-stapa-keramicka\/#primaryimage"},"image":{"@id":"https:\/\/izanka-zadar.hr\/proizvod\/vodilica-za-vrh-stapa-keramicka\/#primaryimage"},"thumbnailUrl":"https:\/\/izanka-zadar.hr\/wp-content\/uploads\/2025\/08\/Vodilica-za-stap-crvena-1a.webp","datePublished":"2025-08-23T17:24:46+00:00","dateModified":"2025-11-23T14:38:56+00:00","description":"Vodilica za Vrh \u0160tapa Kerami\u010dka na rasprodaji! Metalni okvir, kerami\u010dki umetak. Dostupne u vi\u0161e veli\u010dina. Ograni\u010dena koli\u010dina \u2013 naru\u010dite odmah!\"","breadcrumb":{"@id":"https:\/\/izanka-zadar.hr\/proizvod\/vodilica-za-vrh-stapa-keramicka\/#breadcrumb"},"inLanguage":"en-GB","potentialAction":[{"@type":"ReadAction","target":["https:\/\/izanka-zadar.hr\/proizvod\/vodilica-za-vrh-stapa-keramicka\/"]}]},{"@type":"ImageObject","inLanguage":"en-GB","@id":"https:\/\/izanka-zadar.hr\/proizvod\/vodilica-za-vrh-stapa-keramicka\/#primaryimage","url":"https:\/\/izanka-zadar.hr\/wp-content\/uploads\/2025\/08\/Vodilica-za-stap-crvena-1a.webp","contentUrl":"https:\/\/izanka-zadar.hr\/wp-content\/uploads\/2025\/08\/Vodilica-za-stap-crvena-1a.webp","width":800,"height":800,"caption":"vodilica za teleskopski \u0161tap, u vi\u0161e dimenzija, kerami\u010dka s crvenim obrubom"},{"@type":"BreadcrumbList","@id":"https:\/\/izanka-zadar.hr\/proizvod\/vodilica-za-vrh-stapa-keramicka\/#breadcrumb","itemListElement":[{"@type":"ListItem","position":1,"name":"Po\u010detna stranica","item":"https:\/\/izanka-zadar.hr\/"},{"@type":"ListItem","position":2,"name":"Shop","item":"https:\/\/izanka-zadar.hr\/shop\/"},{"@type":"ListItem","position":3,"name":"Vodilica za Vrh \u0160tapa Kerami\u010dka"}]},{"@type":"WebSite","@id":"https:\/\/izanka-zadar.hr\/#website","url":"https:\/\/izanka-zadar.hr\/","name":"I\u017eanka Zadar","description":"Fishing Tradition","potentialAction":[{"@type":"SearchAction","target":{"@type":"EntryPoint","urlTemplate":"https:\/\/izanka-zadar.hr\/?s={search_term_string}"},"query-input":{"@type":"PropertyValueSpecification","valueRequired":true,"valueName":"search_term_string"}}],"inLanguage":"en-GB"}]}},"_links":{"self":[{"href":"https:\/\/izanka-zadar.hr\/en\/wp-json\/wp\/v2\/product\/7885","targetHints":{"allow":["GET"]}}],"collection":[{"href":"https:\/\/izanka-zadar.hr\/en\/wp-json\/wp\/v2\/product"}],"about":[{"href":"https:\/\/izanka-zadar.hr\/en\/wp-json\/wp\/v2\/types\/product"}],"replies":[{"embeddable":true,"href":"https:\/\/izanka-zadar.hr\/en\/wp-json\/wp\/v2\/comments?post=7885"}],"version-history":[{"count":1,"href":"https:\/\/izanka-zadar.hr\/en\/wp-json\/wp\/v2\/product\/7885\/revisions"}],"predecessor-version":[{"id":10784,"href":"https:\/\/izanka-zadar.hr\/en\/wp-json\/wp\/v2\/product\/7885\/revisions\/10784"}],"wp:featuredmedia":[{"embeddable":true,"href":"https:\/\/izanka-zadar.hr\/en\/wp-json\/wp\/v2\/media\/8301"}],"wp:attachment":[{"href":"https:\/\/izanka-zadar.hr\/en\/wp-json\/wp\/v2\/media?parent=7885"}],"wp:term":[{"taxonomy":"product_brand","embeddable":true,"href":"https:\/\/izanka-zadar.hr\/en\/wp-json\/wp\/v2\/product_brand?post=7885"},{"taxonomy":"product_cat","embeddable":true,"href":"https:\/\/izanka-zadar.hr\/en\/wp-json\/wp\/v2\/product_cat?post=7885"},{"taxonomy":"product_tag","embeddable":true,"href":"https:\/\/izanka-zadar.hr\/en\/wp-json\/wp\/v2\/product_tag?post=7885"}],"curies":[{"name":"wp","href":"https:\/\/api.w.org\/{rel}","templated":true}]}}