{"id":7886,"date":"2025-08-23T17:24:46","date_gmt":"2025-08-23T17:24:46","guid":{"rendered":"https:\/\/izanka-zadar.hr\/?post_type=product&#038;p=7886"},"modified":"2025-12-03T22:11:42","modified_gmt":"2025-12-03T22:11:42","slug":"vodilica-za-stap-teleskop","status":"publish","type":"product","link":"https:\/\/izanka-zadar.hr\/en\/product\/vodilica-za-stap-teleskop\/","title":{"rendered":"Telescopic Rod Guide"},"content":{"rendered":"<p><strong>Telescopic Rod Guide \u2013 professional craftsmanship for exceptional performance<\/strong><\/p>\n<p><strong>Technical characteristics:<\/strong><\/p>\n<ul>\n<li class=\"translation-block\"><strong>Type:<\/strong> standard round guide for telescopic rod<\/li>\n<li class=\"translation-block\"><strong>Insert:<\/strong> ceramic for optimal nylon glide<\/li>\n<li class=\"translation-block\"><strong>Sizes:<\/strong> available in different diameters<\/li>\n<\/ul>\n<p><strong>Advantages:<\/strong><br \/>\n\u2714\u00a0<strong>Improved functionality<\/strong> \u2013 ceramic insert reduces friction and protects nylon<br \/>\n\u2714\u00a0<strong>Universal compatibility<\/strong>\u00a0\u2013 fits most fishing rods<br \/>\n\u2714\u00a0<strong>Precise nylon guidance <\/strong>\u2013 ensures even load distribution<\/p>\n<p><strong>Application:<\/strong><\/p>\n<ul>\n<li>Recommended for use with monofilament and fluorocarbon<\/li>\n<li>Suitable for freshwater and sea fishing<\/li>\n<\/ul>\n<p><strong>Additional information:<\/strong><\/p>\n<ul>\n<li>The product is part of a stock clearance sale - limited availability<\/li>\n<li>Possibility of combining with other guides from the offer<\/li>\n<\/ul>\n<p class=\"translation-block\"><strong>Buying tip:<\/strong><br>\nCheck the diameter of your rod before choosing the size of your telescopic rod guides!<\/p>\n<p class=\"translation-block\">Read more about how you can replace the guide yourself, step by step, in our <a href=\"https:\/\/izanka-zadar.hr\/en\/zamjena-vodilica-na-teleskopskom-stapu-strucni-vodic\/\" target=\"_blank\" rel=\"noopener\">blog<\/a>. Find videos on how to change the guide on <a href=\"https:\/\/www.youtube.com\/\" target=\"_blank\" rel=\"noopener\">YouTube<\/a>.<\/p>\n<p><strong>Affordable price with high quality \u2013 take advantage of the opportunity while the sale lasts!<\/strong><\/p>","protected":false},"excerpt":{"rendered":"<p><em>RASPRODAJA!<\/em><\/p>","protected":false},"featured_media":8301,"comment_status":"open","ping_status":"closed","template":"","meta":{"_acf_changed":false},"product_brand":[],"product_cat":[480],"product_tag":[486,487,488,485],"class_list":{"0":"post-7886","1":"product","2":"type-product","3":"status-publish","4":"has-post-thumbnail","6":"product_cat-rasprodaja","7":"product_tag-vodilica-za-ribolovni-stap","8":"product_tag-vodilice-za-stap","9":"product_tag-vodilice-za-teleskopski-stap","10":"product_tag-zamjenske-vodilice","12":"first","13":"instock","14":"taxable","15":"shipping-taxable","16":"purchasable","17":"product-type-variable"},"acf":[],"yoast_head":"<!-- This site is optimized with the Yoast SEO plugin v27.3 - https:\/\/yoast.com\/product\/yoast-seo-wordpress\/ -->\n<title>Vodilica za \u0160tap Teleskop<\/title>\n<meta name=\"description\" content=\"Vodilica za \u0160tap Teleskop dostupne u vi\u0161e veli\u010dina - idealne za spinning, baitcasting i feeder \u0161tapove. Ograni\u010dena ponuda - naru\u010dite odmah!\" \/>\n<meta name=\"robots\" content=\"index, follow, max-snippet:-1, max-image-preview:large, max-video-preview:-1\" \/>\n<link rel=\"canonical\" href=\"https:\/\/izanka-zadar.hr\/en\/product\/vodilica-za-stap-teleskop\/\" \/>\n<meta property=\"og:locale\" content=\"en_GB\" \/>\n<meta property=\"og:type\" content=\"article\" \/>\n<meta property=\"og:title\" content=\"Vodilica za \u0160tap Teleskop\" \/>\n<meta property=\"og:description\" content=\"Vodilica za \u0160tap Teleskop dostupne u vi\u0161e veli\u010dina - idealne za spinning, baitcasting i feeder \u0161tapove. Ograni\u010dena ponuda - naru\u010dite odmah!\" \/>\n<meta property=\"og:url\" content=\"https:\/\/izanka-zadar.hr\/en\/product\/vodilica-za-stap-teleskop\/\" \/>\n<meta property=\"og:site_name\" content=\"I\u017eanka Zadar\" \/>\n<meta property=\"article:modified_time\" content=\"2025-12-03T22:11:42+00:00\" \/>\n<meta property=\"og:image\" content=\"https:\/\/izanka-zadar.hr\/wp-content\/uploads\/2025\/08\/Vodilica-za-stap-crvena-1a.webp\" \/>\n\t<meta property=\"og:image:width\" content=\"800\" \/>\n\t<meta property=\"og:image:height\" content=\"800\" \/>\n\t<meta property=\"og:image:type\" content=\"image\/webp\" \/>\n<meta name=\"twitter:card\" content=\"summary_large_image\" \/>\n<meta name=\"twitter:label1\" content=\"Estimated reading time\" \/>\n\t<meta name=\"twitter:data1\" content=\"1 minute\" \/>\n<script type=\"application\/ld+json\" class=\"yoast-schema-graph\">{\"@context\":\"https:\\\/\\\/schema.org\",\"@graph\":[{\"@type\":[\"WebPage\",\"ItemPage\"],\"@id\":\"https:\\\/\\\/izanka-zadar.hr\\\/proizvod\\\/vodilica-za-stap-teleskop\\\/\",\"url\":\"https:\\\/\\\/izanka-zadar.hr\\\/proizvod\\\/vodilica-za-stap-teleskop\\\/\",\"name\":\"Vodilica za \u0160tap Teleskop\",\"isPartOf\":{\"@id\":\"https:\\\/\\\/izanka-zadar.hr\\\/#website\"},\"primaryImageOfPage\":{\"@id\":\"https:\\\/\\\/izanka-zadar.hr\\\/proizvod\\\/vodilica-za-stap-teleskop\\\/#primaryimage\"},\"image\":{\"@id\":\"https:\\\/\\\/izanka-zadar.hr\\\/proizvod\\\/vodilica-za-stap-teleskop\\\/#primaryimage\"},\"thumbnailUrl\":\"https:\\\/\\\/izanka-zadar.hr\\\/wp-content\\\/uploads\\\/2025\\\/08\\\/Vodilica-za-stap-crvena-1a.webp\",\"datePublished\":\"2025-08-23T17:24:46+00:00\",\"dateModified\":\"2025-12-03T22:11:42+00:00\",\"description\":\"Vodilica za \u0160tap Teleskop dostupne u vi\u0161e veli\u010dina - idealne za spinning, baitcasting i feeder \u0161tapove. Ograni\u010dena ponuda - naru\u010dite odmah!\",\"breadcrumb\":{\"@id\":\"https:\\\/\\\/izanka-zadar.hr\\\/proizvod\\\/vodilica-za-stap-teleskop\\\/#breadcrumb\"},\"inLanguage\":\"en-GB\",\"potentialAction\":[{\"@type\":\"ReadAction\",\"target\":[\"https:\\\/\\\/izanka-zadar.hr\\\/proizvod\\\/vodilica-za-stap-teleskop\\\/\"]}]},{\"@type\":\"ImageObject\",\"inLanguage\":\"en-GB\",\"@id\":\"https:\\\/\\\/izanka-zadar.hr\\\/proizvod\\\/vodilica-za-stap-teleskop\\\/#primaryimage\",\"url\":\"https:\\\/\\\/izanka-zadar.hr\\\/wp-content\\\/uploads\\\/2025\\\/08\\\/Vodilica-za-stap-crvena-1a.webp\",\"contentUrl\":\"https:\\\/\\\/izanka-zadar.hr\\\/wp-content\\\/uploads\\\/2025\\\/08\\\/Vodilica-za-stap-crvena-1a.webp\",\"width\":800,\"height\":800,\"caption\":\"vodilica za teleskopski \u0161tap, u vi\u0161e dimenzija, kerami\u010dka s crvenim obrubom\"},{\"@type\":\"BreadcrumbList\",\"@id\":\"https:\\\/\\\/izanka-zadar.hr\\\/proizvod\\\/vodilica-za-stap-teleskop\\\/#breadcrumb\",\"itemListElement\":[{\"@type\":\"ListItem\",\"position\":1,\"name\":\"Po\u010detna stranica\",\"item\":\"https:\\\/\\\/izanka-zadar.hr\\\/\"},{\"@type\":\"ListItem\",\"position\":2,\"name\":\"Shop\",\"item\":\"https:\\\/\\\/izanka-zadar.hr\\\/shop\\\/\"},{\"@type\":\"ListItem\",\"position\":3,\"name\":\"Vodilica za \u0160tap Teleskop\"}]},{\"@type\":\"WebSite\",\"@id\":\"https:\\\/\\\/izanka-zadar.hr\\\/#website\",\"url\":\"https:\\\/\\\/izanka-zadar.hr\\\/\",\"name\":\"I\u017eanka Zadar\",\"description\":\"Tradicija ribolova\",\"potentialAction\":[{\"@type\":\"SearchAction\",\"target\":{\"@type\":\"EntryPoint\",\"urlTemplate\":\"https:\\\/\\\/izanka-zadar.hr\\\/?s={search_term_string}\"},\"query-input\":{\"@type\":\"PropertyValueSpecification\",\"valueRequired\":true,\"valueName\":\"search_term_string\"}}],\"inLanguage\":\"en-GB\"}]}<\/script>\n<!-- \/ Yoast SEO plugin. -->","yoast_head_json":{"title":"Telescopic Rod Guide","description":"Vodilica za \u0160tap Teleskop dostupne u vi\u0161e veli\u010dina - idealne za spinning, baitcasting i feeder \u0161tapove. Ograni\u010dena ponuda - naru\u010dite odmah!","robots":{"index":"index","follow":"follow","max-snippet":"max-snippet:-1","max-image-preview":"max-image-preview:large","max-video-preview":"max-video-preview:-1"},"canonical":"https:\/\/izanka-zadar.hr\/en\/product\/vodilica-za-stap-teleskop\/","og_locale":"en_GB","og_type":"article","og_title":"Vodilica za \u0160tap Teleskop","og_description":"Vodilica za \u0160tap Teleskop dostupne u vi\u0161e veli\u010dina - idealne za spinning, baitcasting i feeder \u0161tapove. Ograni\u010dena ponuda - naru\u010dite odmah!","og_url":"https:\/\/izanka-zadar.hr\/en\/product\/vodilica-za-stap-teleskop\/","og_site_name":"I\u017eanka Zadar","article_modified_time":"2025-12-03T22:11:42+00:00","og_image":[{"width":800,"height":800,"url":"https:\/\/izanka-zadar.hr\/wp-content\/uploads\/2025\/08\/Vodilica-za-stap-crvena-1a.webp","type":"image\/webp"}],"twitter_card":"summary_large_image","twitter_misc":{"Estimated reading time":"1 minute"},"schema":{"@context":"https:\/\/schema.org","@graph":[{"@type":["WebPage","ItemPage"],"@id":"https:\/\/izanka-zadar.hr\/proizvod\/vodilica-za-stap-teleskop\/","url":"https:\/\/izanka-zadar.hr\/proizvod\/vodilica-za-stap-teleskop\/","name":"Telescopic Rod Guide","isPartOf":{"@id":"https:\/\/izanka-zadar.hr\/#website"},"primaryImageOfPage":{"@id":"https:\/\/izanka-zadar.hr\/proizvod\/vodilica-za-stap-teleskop\/#primaryimage"},"image":{"@id":"https:\/\/izanka-zadar.hr\/proizvod\/vodilica-za-stap-teleskop\/#primaryimage"},"thumbnailUrl":"https:\/\/izanka-zadar.hr\/wp-content\/uploads\/2025\/08\/Vodilica-za-stap-crvena-1a.webp","datePublished":"2025-08-23T17:24:46+00:00","dateModified":"2025-12-03T22:11:42+00:00","description":"Vodilica za \u0160tap Teleskop dostupne u vi\u0161e veli\u010dina - idealne za spinning, baitcasting i feeder \u0161tapove. Ograni\u010dena ponuda - naru\u010dite odmah!","breadcrumb":{"@id":"https:\/\/izanka-zadar.hr\/proizvod\/vodilica-za-stap-teleskop\/#breadcrumb"},"inLanguage":"en-GB","potentialAction":[{"@type":"ReadAction","target":["https:\/\/izanka-zadar.hr\/proizvod\/vodilica-za-stap-teleskop\/"]}]},{"@type":"ImageObject","inLanguage":"en-GB","@id":"https:\/\/izanka-zadar.hr\/proizvod\/vodilica-za-stap-teleskop\/#primaryimage","url":"https:\/\/izanka-zadar.hr\/wp-content\/uploads\/2025\/08\/Vodilica-za-stap-crvena-1a.webp","contentUrl":"https:\/\/izanka-zadar.hr\/wp-content\/uploads\/2025\/08\/Vodilica-za-stap-crvena-1a.webp","width":800,"height":800,"caption":"vodilica za teleskopski \u0161tap, u vi\u0161e dimenzija, kerami\u010dka s crvenim obrubom"},{"@type":"BreadcrumbList","@id":"https:\/\/izanka-zadar.hr\/proizvod\/vodilica-za-stap-teleskop\/#breadcrumb","itemListElement":[{"@type":"ListItem","position":1,"name":"Po\u010detna stranica","item":"https:\/\/izanka-zadar.hr\/"},{"@type":"ListItem","position":2,"name":"Shop","item":"https:\/\/izanka-zadar.hr\/shop\/"},{"@type":"ListItem","position":3,"name":"Vodilica za \u0160tap Teleskop"}]},{"@type":"WebSite","@id":"https:\/\/izanka-zadar.hr\/#website","url":"https:\/\/izanka-zadar.hr\/","name":"I\u017eanka Zadar","description":"Fishing Tradition","potentialAction":[{"@type":"SearchAction","target":{"@type":"EntryPoint","urlTemplate":"https:\/\/izanka-zadar.hr\/?s={search_term_string}"},"query-input":{"@type":"PropertyValueSpecification","valueRequired":true,"valueName":"search_term_string"}}],"inLanguage":"en-GB"}]}},"_links":{"self":[{"href":"https:\/\/izanka-zadar.hr\/en\/wp-json\/wp\/v2\/product\/7886","targetHints":{"allow":["GET"]}}],"collection":[{"href":"https:\/\/izanka-zadar.hr\/en\/wp-json\/wp\/v2\/product"}],"about":[{"href":"https:\/\/izanka-zadar.hr\/en\/wp-json\/wp\/v2\/types\/product"}],"replies":[{"embeddable":true,"href":"https:\/\/izanka-zadar.hr\/en\/wp-json\/wp\/v2\/comments?post=7886"}],"version-history":[{"count":2,"href":"https:\/\/izanka-zadar.hr\/en\/wp-json\/wp\/v2\/product\/7886\/revisions"}],"predecessor-version":[{"id":10783,"href":"https:\/\/izanka-zadar.hr\/en\/wp-json\/wp\/v2\/product\/7886\/revisions\/10783"}],"wp:featuredmedia":[{"embeddable":true,"href":"https:\/\/izanka-zadar.hr\/en\/wp-json\/wp\/v2\/media\/8301"}],"wp:attachment":[{"href":"https:\/\/izanka-zadar.hr\/en\/wp-json\/wp\/v2\/media?parent=7886"}],"wp:term":[{"taxonomy":"product_brand","embeddable":true,"href":"https:\/\/izanka-zadar.hr\/en\/wp-json\/wp\/v2\/product_brand?post=7886"},{"taxonomy":"product_cat","embeddable":true,"href":"https:\/\/izanka-zadar.hr\/en\/wp-json\/wp\/v2\/product_cat?post=7886"},{"taxonomy":"product_tag","embeddable":true,"href":"https:\/\/izanka-zadar.hr\/en\/wp-json\/wp\/v2\/product_tag?post=7886"}],"curies":[{"name":"wp","href":"https:\/\/api.w.org\/{rel}","templated":true}]}}