{"id":8067,"date":"2025-08-24T13:03:06","date_gmt":"2025-08-24T13:03:06","guid":{"rendered":"https:\/\/izanka-zadar.hr\/?post_type=product&#038;p=8067"},"modified":"2026-03-23T11:30:39","modified_gmt":"2026-03-23T11:30:39","slug":"parangal-od-najlona-gotovi-parangali-za-morski-ribolov","status":"publish","type":"product","link":"https:\/\/izanka-zadar.hr\/en\/product\/parangal-od-najlona-gotovi-parangali-za-morski-ribolov\/","title":{"rendered":"Longline with Nylon Main Line"},"content":{"rendered":"<h3><strong>Longline with Nylon Main Line with 30, 50, or 100 hooks - the perfect tool for catching bottom and predatory fish<\/strong><\/h3>\n<p class=\"translation-block\">This is a fishing tool intended for <strong>catching all types of bottom fish<\/strong> such as <strong>two-banded sea bream, spanish bream, sheephead bream and brown meager<\/strong>, as well as <strong>predators<\/strong> such as <strong>dentex, gilt head bream and eel<\/strong>. This longline is special in that it allows you to cover a <strong>larger area of \u200b\u200bthe fishing area<\/strong>, which increases the chances of a successful catch. It is available in three sizes \u2013 <strong>30, 50 and 100 hooks<\/strong> \u2013 which makes it adaptable to different fishing conditions.<\/p>\n<h4><strong>Key features:<\/strong><\/h4>\n<ul>\n<li class=\"translation-block\"><strong>30, 50 or 100 hooks<\/strong>: Allows for fishing over a wide area, with hook spacing of <strong>5 m<\/strong> or more, depending on the type of fish.<\/li>\n<li class=\"translation-block\"><strong>Mustad hooks<\/strong>: High-quality <strong><a href=\"https:\/\/mustad-fishing.com\/eu\" target=\"_blank\" rel=\"noopener\">Mustad<\/a> 2310DT<\/strong> hooks in sizes 10, 11, 12 and 13 are used.<\/li>\n<li class=\"translation-block\"><strong>Long nylon base<\/strong>: The base is made of <strong>0.90mm<\/strong> thick nylon, which ensures durability and reliability.<\/li>\n<li class=\"translation-block\"><strong>Rigs<\/strong>: Lengths of <strong>1 m<\/strong>, with a thickness of <strong>0.50 to 0.60 mm<\/strong>, ensure stability and efficiency.<\/li>\n<\/ul>\n<h4><strong>Advantages of Longline with Nylon Main Line<\/strong><\/h4>\n<ul>\n<li class=\"translation-block\"><strong>Wide hunting area<\/strong>: Thanks to the large number of hooks and the spacing between them, the longline covers a large area.<\/li>\n<li class=\"translation-block\"><strong>High efficiency<\/strong>: Suitable for catching various types of fish, including bottom fish and predators.<\/li>\n<li class=\"translation-block\"><strong>Quality components<\/strong>: Mustad hooks and a solid nylon base ensure durability and reliability.<\/li>\n<li class=\"translation-block\"><strong>Easy to use<\/strong>: Easy to install and remove, even for beginners.<\/li>\n<\/ul>\n<h4><strong>Technical specifications:<\/strong><\/h4>\n<ul>\n<li><strong>Base thickness<\/strong>: 0,90 mm<\/li>\n<li class=\"translation-block\"><strong>Rig thickness<\/strong>: 0.50\u20130.60 mm<\/li>\n<li class=\"translation-block\"><strong>Length of the rig<\/strong>: approx. 1 m<\/li>\n<li class=\"translation-block\"><strong>Hook spacing<\/strong>: approx. 5 m<\/li>\n<li class=\"translation-block\"><strong>Hooks<\/strong>: Mustad 2310DT, sizes 10\u201313<\/li>\n<\/ul>\n<h4><strong>How to use Longline with Nylon Main Line?<\/strong><\/h4>\n<ol start=\"1\">\n<li class=\"translation-block\"><strong>Preparing the longline<\/strong>: Attach the <a href=\"https:\/\/izanka-zadar.hr\/en\/proizvod\/kavical-s-konopom\/\" target=\"_blank\" rel=\"noopener\"><strong>marker<\/strong><\/a> to one end of the base and lower the weight to the bottom.<\/li>\n<li class=\"translation-block\"><strong>Laying the hooks<\/strong>: Lay the base with the hooks into the sea, with the distance between the hooks <strong>about 5 meters<\/strong>.<\/li>\n<li class=\"translation-block\"><strong>Finishing the laying<\/strong>: Attach another marker to the other end of the base and lower the weight to the bottom.<\/li>\n<li class=\"translation-block\"><strong>Additional markers<\/strong>: Depending on the length of the longline and the terrain, you can add one or more markers to the middle of the base.<\/li>\n<\/ol>\n<h4><strong>Why choose Longline with Nylon Main Line?<\/strong><\/h4>\n<ul>\n<li class=\"translation-block\"><strong>Versatility<\/strong>: Suitable for catching various types of fish, including bottom fish and predators.<\/li>\n<li class=\"translation-block\"><strong>Quality components<\/strong>: Mustad hooks and a sturdy nylon base ensure excellent results.<\/li>\n<li class=\"translation-block\"><strong>Practicality<\/strong>: Easy to set up and remove, making it ideal for fishermen of all experience levels.<\/li>\n<li class=\"translation-block\"><strong>Wide hunting area<\/strong>: Thanks to the large number of hooks, the chance of catching fish increases.<\/li>\n<\/ul>\n<h4><strong>Tips for successful fishing:<\/strong><\/h4>\n<ul>\n<li class=\"translation-block\"><strong>Choose the right spot<\/strong>: Demersal fish and predators inhabit areas with rocky bottoms.<\/li>\n<li class=\"translation-block\"><strong>Use natural baits<\/strong>: Use <strong>worms, grubs, or squid<\/strong> as bait.<\/li>\n<li><strong>Pratite vremenske uvjete<\/strong>: Najbolje rezultate posti\u017eete tijekom mirnog mora i blagog vjetra. Vi\u0161e o lovu parangalom mo\u017eete prona\u0107i u na\u0161em <a href=\"https:\/\/izanka-zadar.hr\/en\/parangal-za-ribolov-vodic-vrste-i-savjeti-za-odabir\/\" target=\"_blank\" rel=\"noopener\">blogu.<\/a><\/li>\n<\/ul>","protected":false},"excerpt":{"rendered":"<p>Longline with Nylon Main Line<\/p>\n<p>&nbsp;<\/p>","protected":false},"featured_media":8327,"comment_status":"open","ping_status":"closed","template":"","meta":{"_acf_changed":false},"product_brand":[],"product_cat":[499,355],"product_tag":[367,368,369,361,362],"class_list":{"0":"post-8067","1":"product","2":"type-product","3":"status-publish","4":"has-post-thumbnail","6":"product_cat-parangal-najlon","7":"product_cat-parangali-za-ribolov","8":"product_tag-parangal-najlon-100-udica","9":"product_tag-parangal-najlon-30-udica","10":"product_tag-parangal-najlon-50-udica","11":"product_tag-ribolovna-oprema-za-more","12":"product_tag-udice-mustad-za-ribolov","14":"first","15":"instock","16":"taxable","17":"shipping-taxable","18":"purchasable","19":"product-type-variable"},"acf":[],"yoast_head":"<!-- This site is optimized with the Yoast SEO plugin v27.5 - https:\/\/yoast.com\/product\/yoast-seo-wordpress\/ -->\n<title>Parangal od najlona \u2013 gotovi parangali za morski ribolov<\/title>\n<meta name=\"description\" content=\"Kvalitetni gotovi parangali od najlona za lov bijele i grabljive ribe. Razli\u010dite duljine i veli\u010dine udica. Dostava iz Zadra u cijelu Hrvatsku.\" \/>\n<meta name=\"robots\" content=\"index, follow, max-snippet:-1, max-image-preview:large, max-video-preview:-1\" \/>\n<link rel=\"canonical\" href=\"https:\/\/izanka-zadar.hr\/en\/product\/parangal-od-najlona-gotovi-parangali-za-morski-ribolov\/\" \/>\n<meta property=\"og:locale\" content=\"en_GB\" \/>\n<meta property=\"og:type\" content=\"article\" \/>\n<meta property=\"og:title\" content=\"Parangal od najlona \u2013 gotovi parangali za morski ribolov\" \/>\n<meta property=\"og:description\" content=\"Kvalitetni gotovi parangali od najlona za lov bijele i grabljive ribe. Razli\u010dite duljine i veli\u010dine udica. Dostava iz Zadra u cijelu Hrvatsku.\" \/>\n<meta property=\"og:url\" content=\"https:\/\/izanka-zadar.hr\/en\/product\/parangal-od-najlona-gotovi-parangali-za-morski-ribolov\/\" \/>\n<meta property=\"og:site_name\" content=\"I\u017eanka Zadar\" \/>\n<meta property=\"article:modified_time\" content=\"2026-03-23T11:30:39+00:00\" \/>\n<meta property=\"og:image\" content=\"https:\/\/izanka-zadar.hr\/wp-content\/uploads\/2025\/08\/Parangal-30-udica-najlon-1a.webp\" \/>\n\t<meta property=\"og:image:width\" content=\"800\" \/>\n\t<meta property=\"og:image:height\" content=\"800\" \/>\n\t<meta property=\"og:image:type\" content=\"image\/webp\" \/>\n<meta name=\"twitter:card\" content=\"summary_large_image\" \/>\n<meta name=\"twitter:label1\" content=\"Estimated reading time\" \/>\n\t<meta name=\"twitter:data1\" content=\"3 minutes\" \/>\n<script type=\"application\/ld+json\" class=\"yoast-schema-graph\">{\"@context\":\"https:\\\/\\\/schema.org\",\"@graph\":[{\"@type\":[\"WebPage\",\"ItemPage\"],\"@id\":\"https:\\\/\\\/izanka-zadar.hr\\\/proizvod\\\/parangal-od-najlona-gotovi-parangali-za-morski-ribolov\\\/\",\"url\":\"https:\\\/\\\/izanka-zadar.hr\\\/proizvod\\\/parangal-od-najlona-gotovi-parangali-za-morski-ribolov\\\/\",\"name\":\"Parangal od najlona \u2013 gotovi parangali za morski ribolov\",\"isPartOf\":{\"@id\":\"https:\\\/\\\/izanka-zadar.hr\\\/#website\"},\"primaryImageOfPage\":{\"@id\":\"https:\\\/\\\/izanka-zadar.hr\\\/proizvod\\\/parangal-od-najlona-gotovi-parangali-za-morski-ribolov\\\/#primaryimage\"},\"image\":{\"@id\":\"https:\\\/\\\/izanka-zadar.hr\\\/proizvod\\\/parangal-od-najlona-gotovi-parangali-za-morski-ribolov\\\/#primaryimage\"},\"thumbnailUrl\":\"https:\\\/\\\/izanka-zadar.hr\\\/wp-content\\\/uploads\\\/2025\\\/08\\\/Parangal-30-udica-najlon-1a.webp\",\"datePublished\":\"2025-08-24T13:03:06+00:00\",\"dateModified\":\"2026-03-23T11:30:39+00:00\",\"description\":\"Kvalitetni gotovi parangali od najlona za lov bijele i grabljive ribe. Razli\u010dite duljine i veli\u010dine udica. Dostava iz Zadra u cijelu Hrvatsku.\",\"breadcrumb\":{\"@id\":\"https:\\\/\\\/izanka-zadar.hr\\\/proizvod\\\/parangal-od-najlona-gotovi-parangali-za-morski-ribolov\\\/#breadcrumb\"},\"inLanguage\":\"en-GB\",\"potentialAction\":[{\"@type\":\"ReadAction\",\"target\":[\"https:\\\/\\\/izanka-zadar.hr\\\/proizvod\\\/parangal-od-najlona-gotovi-parangali-za-morski-ribolov\\\/\"]}]},{\"@type\":\"ImageObject\",\"inLanguage\":\"en-GB\",\"@id\":\"https:\\\/\\\/izanka-zadar.hr\\\/proizvod\\\/parangal-od-najlona-gotovi-parangali-za-morski-ribolov\\\/#primaryimage\",\"url\":\"https:\\\/\\\/izanka-zadar.hr\\\/wp-content\\\/uploads\\\/2025\\\/08\\\/Parangal-30-udica-najlon-1a.webp\",\"contentUrl\":\"https:\\\/\\\/izanka-zadar.hr\\\/wp-content\\\/uploads\\\/2025\\\/08\\\/Parangal-30-udica-najlon-1a.webp\",\"width\":800,\"height\":800,\"caption\":\"Parangal 30 udica, najlon, udice Mustad i plavom gr\u010dkom kofom za lov s broda na oboritu ribu, idealan za profesionalce i rekreativce.\"},{\"@type\":\"BreadcrumbList\",\"@id\":\"https:\\\/\\\/izanka-zadar.hr\\\/proizvod\\\/parangal-od-najlona-gotovi-parangali-za-morski-ribolov\\\/#breadcrumb\",\"itemListElement\":[{\"@type\":\"ListItem\",\"position\":1,\"name\":\"Po\u010detna stranica\",\"item\":\"https:\\\/\\\/izanka-zadar.hr\\\/\"},{\"@type\":\"ListItem\",\"position\":2,\"name\":\"Shop\",\"item\":\"https:\\\/\\\/izanka-zadar.hr\\\/shop\\\/\"},{\"@type\":\"ListItem\",\"position\":3,\"name\":\"Parangal &#8211; najlon\"}]},{\"@type\":\"WebSite\",\"@id\":\"https:\\\/\\\/izanka-zadar.hr\\\/#website\",\"url\":\"https:\\\/\\\/izanka-zadar.hr\\\/\",\"name\":\"I\u017eanka Zadar\",\"description\":\"Tradicija ribolova\",\"potentialAction\":[{\"@type\":\"SearchAction\",\"target\":{\"@type\":\"EntryPoint\",\"urlTemplate\":\"https:\\\/\\\/izanka-zadar.hr\\\/?s={search_term_string}\"},\"query-input\":{\"@type\":\"PropertyValueSpecification\",\"valueRequired\":true,\"valueName\":\"search_term_string\"}}],\"inLanguage\":\"en-GB\"}]}<\/script>\n<!-- \/ Yoast SEO plugin. -->","yoast_head_json":{"title":"Parangal od najlona \u2013 gotovi parangali za morski ribolov","description":"Kvalitetni gotovi parangali od najlona za lov bijele i grabljive ribe. Razli\u010dite duljine i veli\u010dine udica. Dostava iz Zadra u cijelu Hrvatsku.","robots":{"index":"index","follow":"follow","max-snippet":"max-snippet:-1","max-image-preview":"max-image-preview:large","max-video-preview":"max-video-preview:-1"},"canonical":"https:\/\/izanka-zadar.hr\/en\/product\/parangal-od-najlona-gotovi-parangali-za-morski-ribolov\/","og_locale":"en_GB","og_type":"article","og_title":"Parangal od najlona \u2013 gotovi parangali za morski ribolov","og_description":"Kvalitetni gotovi parangali od najlona za lov bijele i grabljive ribe. Razli\u010dite duljine i veli\u010dine udica. Dostava iz Zadra u cijelu Hrvatsku.","og_url":"https:\/\/izanka-zadar.hr\/en\/product\/parangal-od-najlona-gotovi-parangali-za-morski-ribolov\/","og_site_name":"I\u017eanka Zadar","article_modified_time":"2026-03-23T11:30:39+00:00","og_image":[{"width":800,"height":800,"url":"https:\/\/izanka-zadar.hr\/wp-content\/uploads\/2025\/08\/Parangal-30-udica-najlon-1a.webp","type":"image\/webp"}],"twitter_card":"summary_large_image","twitter_misc":{"Estimated reading time":"3 minutes"},"schema":{"@context":"https:\/\/schema.org","@graph":[{"@type":["WebPage","ItemPage"],"@id":"https:\/\/izanka-zadar.hr\/proizvod\/parangal-od-najlona-gotovi-parangali-za-morski-ribolov\/","url":"https:\/\/izanka-zadar.hr\/proizvod\/parangal-od-najlona-gotovi-parangali-za-morski-ribolov\/","name":"Parangal od najlona \u2013 gotovi parangali za morski ribolov","isPartOf":{"@id":"https:\/\/izanka-zadar.hr\/#website"},"primaryImageOfPage":{"@id":"https:\/\/izanka-zadar.hr\/proizvod\/parangal-od-najlona-gotovi-parangali-za-morski-ribolov\/#primaryimage"},"image":{"@id":"https:\/\/izanka-zadar.hr\/proizvod\/parangal-od-najlona-gotovi-parangali-za-morski-ribolov\/#primaryimage"},"thumbnailUrl":"https:\/\/izanka-zadar.hr\/wp-content\/uploads\/2025\/08\/Parangal-30-udica-najlon-1a.webp","datePublished":"2025-08-24T13:03:06+00:00","dateModified":"2026-03-23T11:30:39+00:00","description":"Kvalitetni gotovi parangali od najlona za lov bijele i grabljive ribe. Razli\u010dite duljine i veli\u010dine udica. Dostava iz Zadra u cijelu Hrvatsku.","breadcrumb":{"@id":"https:\/\/izanka-zadar.hr\/proizvod\/parangal-od-najlona-gotovi-parangali-za-morski-ribolov\/#breadcrumb"},"inLanguage":"en-GB","potentialAction":[{"@type":"ReadAction","target":["https:\/\/izanka-zadar.hr\/proizvod\/parangal-od-najlona-gotovi-parangali-za-morski-ribolov\/"]}]},{"@type":"ImageObject","inLanguage":"en-GB","@id":"https:\/\/izanka-zadar.hr\/proizvod\/parangal-od-najlona-gotovi-parangali-za-morski-ribolov\/#primaryimage","url":"https:\/\/izanka-zadar.hr\/wp-content\/uploads\/2025\/08\/Parangal-30-udica-najlon-1a.webp","contentUrl":"https:\/\/izanka-zadar.hr\/wp-content\/uploads\/2025\/08\/Parangal-30-udica-najlon-1a.webp","width":800,"height":800,"caption":"Parangal 30 udica, najlon, udice Mustad i plavom gr\u010dkom kofom za lov s broda na oboritu ribu, idealan za profesionalce i rekreativce."},{"@type":"BreadcrumbList","@id":"https:\/\/izanka-zadar.hr\/proizvod\/parangal-od-najlona-gotovi-parangali-za-morski-ribolov\/#breadcrumb","itemListElement":[{"@type":"ListItem","position":1,"name":"Po\u010detna stranica","item":"https:\/\/izanka-zadar.hr\/"},{"@type":"ListItem","position":2,"name":"Shop","item":"https:\/\/izanka-zadar.hr\/shop\/"},{"@type":"ListItem","position":3,"name":"Parangal &#8211; najlon"}]},{"@type":"WebSite","@id":"https:\/\/izanka-zadar.hr\/#website","url":"https:\/\/izanka-zadar.hr\/","name":"I\u017eanka Zadar","description":"Fishing Tradition","potentialAction":[{"@type":"SearchAction","target":{"@type":"EntryPoint","urlTemplate":"https:\/\/izanka-zadar.hr\/?s={search_term_string}"},"query-input":{"@type":"PropertyValueSpecification","valueRequired":true,"valueName":"search_term_string"}}],"inLanguage":"en-GB"}]}},"_links":{"self":[{"href":"https:\/\/izanka-zadar.hr\/en\/wp-json\/wp\/v2\/product\/8067","targetHints":{"allow":["GET"]}}],"collection":[{"href":"https:\/\/izanka-zadar.hr\/en\/wp-json\/wp\/v2\/product"}],"about":[{"href":"https:\/\/izanka-zadar.hr\/en\/wp-json\/wp\/v2\/types\/product"}],"replies":[{"embeddable":true,"href":"https:\/\/izanka-zadar.hr\/en\/wp-json\/wp\/v2\/comments?post=8067"}],"version-history":[{"count":4,"href":"https:\/\/izanka-zadar.hr\/en\/wp-json\/wp\/v2\/product\/8067\/revisions"}],"predecessor-version":[{"id":11005,"href":"https:\/\/izanka-zadar.hr\/en\/wp-json\/wp\/v2\/product\/8067\/revisions\/11005"}],"wp:featuredmedia":[{"embeddable":true,"href":"https:\/\/izanka-zadar.hr\/en\/wp-json\/wp\/v2\/media\/8327"}],"wp:attachment":[{"href":"https:\/\/izanka-zadar.hr\/en\/wp-json\/wp\/v2\/media?parent=8067"}],"wp:term":[{"taxonomy":"product_brand","embeddable":true,"href":"https:\/\/izanka-zadar.hr\/en\/wp-json\/wp\/v2\/product_brand?post=8067"},{"taxonomy":"product_cat","embeddable":true,"href":"https:\/\/izanka-zadar.hr\/en\/wp-json\/wp\/v2\/product_cat?post=8067"},{"taxonomy":"product_tag","embeddable":true,"href":"https:\/\/izanka-zadar.hr\/en\/wp-json\/wp\/v2\/product_tag?post=8067"}],"curies":[{"name":"wp","href":"https:\/\/api.w.org\/{rel}","templated":true}]}}